{"id":5207,"date":"2025-01-22T14:33:09","date_gmt":"2025-01-22T19:33:09","guid":{"rendered":"https:\/\/calian.stage.tbkdev.com\/dev\/calian.com\/src\/www\/?page_id=5207"},"modified":"2025-02-27T13:11:05","modified_gmt":"2025-02-27T18:11:05","slug":"defence-hockey-night-25-feb-2025","status":"publish","type":"page","link":"https:\/\/calian.stage.tbkdev.com\/dev\/calian.com\/src\/www\/fr\/defence-hockey-night-25-feb-2025\/","title":{"rendered":"Soir\u00e9e du hockey de la d\u00e9fense &#8211; 25 f\u00e9vrier 2025"},"content":{"rendered":"\n<div class=\"tbk-hydrate-component\" data-cid=\"552921b0-a7b0-4a13-a1b7-f05fb373623c\" data-component=\"LandingPageHeader\"><header class=\"calian-header landing-page-header calian-header--invert calian-header--style-invert wp-block-calian-com-components-calian-landing-page-header\"><div class=\"calian-header__container container-fluid\"><nav class=\"calian-header__navbar navbar navbar-expand-xl navbar-white\"><div class=\"calian-header__navbar-container container-fluid\"><a class=\"calian-header__navbar-brand navbar-brand\" href=\"\/\"><img decoding=\"async\" src=\"https:\/\/calian.stage.tbkdev.com\/dev\/calian.com\/src\/app\/uploads\/sites\/9\/2024\/01\/Calian-Logo-Tag-RGB-Colour.svg\" alt=\"Calian Group Ltd. Logo\" class=\"img-fluid\"\/><\/a><div class=\"calian-header__navbar-collapse collapse collapse navbar-collapse\"><div class=\"calian-header__navbar-left\"><\/div><div class=\"calian-header__navbar-right\"><ul class=\"nav justify-content-start calian-header__main-nav\"><li class=\"nav-item\"><a class=\"nav-link\" href=\"https:\/\/calian.stage.tbkdev.com\/dev\/calian.com\/src\/www\/\">Calian home<\/a><\/li><\/ul><\/div><\/div><\/div><\/nav><div class=\"calian-header__cta-search\"><\/div><button type=\"button\" class=\"calian-header__navbar-toggler btn navbar-toggler\" data-bs-toggle=\"offcanvas\" data-bs-target=\".offcanvas\" aria-label=\"Toggle\"><i class=\"icon icon-menu-alternate\"><\/i><\/button><\/div><div class=\"offcanvas offcanvas-end\"><div class=\"offcanvas-header\"><div class=\"offcanvas-header__upper\"><div class=\"offcanvas-header__brand\"><a class=\"calian-header__navbar-brand navbar-brand\" href=\"\/\"><img decoding=\"async\" src=\"https:\/\/calian.stage.tbkdev.com\/dev\/calian.com\/src\/app\/uploads\/sites\/9\/2024\/01\/Calian-Logo-Tag-RGB-Colour.svg\" alt=\"Calian Group Ltd. Logo\" class=\"img-fluid\"\/><\/a><\/div><button type=\"button\" class=\"btn-close text-reset\" data-bs-dismiss=\"offcanvas\" aria-label=\"Close\"><\/button><\/div><\/div><div class=\"offcanvas-body\"><ul class=\"nav justify-content-start flex-column calian-header__main-nav--mobile\"><li class=\"nav-item\"><a class=\"nav-link\" href=\"https:\/\/calian.stage.tbkdev.com\/dev\/calian.com\/src\/www\/\">Calian home<\/a><\/li><\/ul><div class=\"calian-header__cta-language-select-mobile\"><div class=\"calian-header__cta-language-select-mobile__cta\"><\/div><\/div><\/div><\/div><\/header><\/div>\n\n\n\n<div class=\"tbk-hydrate-component\" data-cid=\"09ed0227-66ef-42b1-b534-a0b86a2287f5\" data-component=\"Container\"><div class=\"container-fluid bg-light wp-block-tbk-components-container\" style=\"background-position:top center;background-size:cover;background-image:url(&#x27;https:\/\/calian.stage.tbkdev.com\/dev\/calian.com\/src\/app\/uploads\/sites\/9\/2024\/09\/Calian-Sens-power-play-1.png&#x27;)\"><div class=\"container-overlay bg-light\"><\/div><div>\n<div class=\"tbk-hydrate-component\" data-cid=\"1d3b3003-d8fd-422e-a8a5-1ab7d08dc4c4\" data-component=\"Spacer\"><div class=\"calian-spacer calian-spacer--large wp-block-calian-com-components-calian-spacer\"><\/div><\/div>\n\n\n\n<div class=\"wp-block-columns is-layout-flex wp-container-core-columns-is-layout-9d6595d7 wp-block-columns-is-layout-flex\">\n<div class=\"wp-block-column is-layout-flow wp-block-column-is-layout-flow\" style=\"flex-basis:15%\"><\/div>\n\n\n\n<div class=\"wp-block-column is-layout-flow wp-block-column-is-layout-flow\" style=\"flex-basis:70%\">\n<h1 class=\"wp-block-heading has-text-align-center has-white-color has-text-color has-link-color wp-elements-16dd679039f8232ad51703d4e7b3db07\"> D\u00e9fense sur glace : L&#8217;\u00e9preuve de force de la communaut\u00e9 de d\u00e9fense d&#8217;Ottawa<\/h1>\n\n\n\n<p class=\"has-text-align-center has-white-color has-text-color has-link-color has-medium-font-size wp-elements-f0608fcbfc9a0f6639a6d6de18b3d51a\">Le mardi 25 f\u00e9vrier, rejoignez Calian au Centre Canadian Tire pour assister \u00e0 un match de hockey communautaire de la d\u00e9fense d&#8217;Ottawa. Des boissons et des amuse-gueules suivront au Club Bell du CTC. Nous avons h\u00e2te de vous y voir !  <\/p>\n<\/div>\n\n\n\n<div class=\"wp-block-column is-layout-flow wp-block-column-is-layout-flow\" style=\"flex-basis:15%\"><\/div>\n<\/div>\n\n\n\n<div class=\"tbk-hydrate-component\" data-cid=\"902d2538-8c40-4388-8d20-e1fdb06f70d6\" data-component=\"CalianContainer\"><div class=\"calian-container calian-container-sm text-center wp-block-calian-com-components-calian-container\"><div><\/div><\/div><\/div>\n\n\n\n<div class=\"tbk-hydrate-component\" data-cid=\"68493c46-ae82-40d2-b0a0-00fff7f34c87\" data-component=\"Spacer\"><div class=\"calian-spacer calian-spacer--extra-small wp-block-calian-com-components-calian-spacer\"><\/div><\/div>\n\n\n\n<div class=\"tbk-hydrate-component\" data-cid=\"0ba6d75f-e9b4-406a-9810-555f96b5c079\" data-component=\"CalianContainer\"><div class=\"calian-container calian-container-xl text-center wp-block-calian-com-components-calian-container\"><div>\n<div class=\"tbk-hydrate-component\" data-cid=\"590b2e0d-c355-49b1-a871-9226b9452679\" data-component=\"Container\"><div class=\"container-fluid bg-light wp-block-tbk-components-container\" style=\"background-position:top center;background-size:cover\"><div>\n<div class=\"tbk-hydrate-component\" data-cid=\"b5c69221-194e-47f2-a064-00c3ddb8187d\" data-component=\"CalianContainer\"><div class=\"calian-container calian-container-post text-center wp-block-calian-com-components-calian-container\"><div>\n<div class=\"tbk-hydrate-component\" data-cid=\"c92f9e11-998f-4fdb-a99a-1e80934a6f4d\" data-component=\"Spacer\"><div class=\"calian-spacer wp-block-calian-com-components-calian-spacer\"><\/div><\/div>\n\n\n\n<h2 class=\"wp-block-heading\">Les inscriptions sont closes pour cet \u00e9v\u00e9nement.<\/h2>\n\n\n\n<p>Nous nous r\u00e9jouissons de vous accueillir lors de nos <a href=\"https:\/\/calian.stage.tbkdev.com\/dev\/calian.com\/src\/www\/resources\/#!page=1&amp;resource_type=p%3Aevent&amp;total=1\" target=\"_blank\" rel=\"noreferrer noopener\">prochains \u00e9v\u00e9nements.<\/a> <\/p>\n\n\n\n<div class=\"tbk-hydrate-component\" data-cid=\"5c92f643-f9e6-4fee-948e-a4ed6b976958\" data-component=\"Spacer\"><div class=\"calian-spacer wp-block-calian-com-components-calian-spacer\"><\/div><\/div>\n<\/div><\/div><\/div>\n<\/div><\/div><\/div>\n<\/div><\/div><\/div>\n\n\n\n<div class=\"tbk-hydrate-component\" data-cid=\"4f808a81-530a-496b-b90d-ead88cebdbe7\" data-component=\"Spacer\"><div class=\"calian-spacer calian-spacer--small wp-block-calian-com-components-calian-spacer\"><\/div><\/div>\n\n\n\n<div class=\"wp-block-group\"><div class=\"wp-block-group__inner-container is-layout-constrained wp-block-group-is-layout-constrained\">\n<div class=\"tbk-hydrate-component\" data-cid=\"902d2538-8c40-4388-8d20-e1fdb06f70d6\" data-component=\"CalianContainer\"><div class=\"calian-container calian-container-sm text-center wp-block-calian-com-components-calian-container\"><div><\/div><\/div><\/div>\n\n\n\n<p class=\"has-text-align-center has-white-color has-text-color has-link-color wp-elements-3b13e7d528e36ab472ffafc1020f8dda\">Avec le soutien de :<\/p>\n<\/div><\/div>\n\n\n\n<div class=\"tbk-hydrate-component\" data-cid=\"9c517fba-43df-4cf3-9dd9-c005f600300b\" data-component=\"CalianContainer\"><div class=\"calian-container calian-container-post text-center wp-block-calian-com-components-calian-container\"><div>\n<figure class=\"wp-block-image size-full\"><img loading=\"lazy\" decoding=\"async\" width=\"475\" height=\"61\" src=\"https:\/\/calian.stage.tbkdev.com\/dev\/calian.com\/src\/app\/uploads\/sites\/9\/2025\/01\/Dell-logo-1.png\" alt=\"\" class=\"wp-image-5178\" srcset=\"https:\/\/calian.stage.tbkdev.com\/dev\/calian.com\/src\/app\/uploads\/sites\/9\/2025\/01\/Dell-logo-1.png 475w, https:\/\/calian.stage.tbkdev.com\/dev\/calian.com\/src\/app\/uploads\/sites\/9\/2025\/01\/Dell-logo-1-300x39.png 300w\" sizes=\"auto, (max-width: 475px) 100vw, 475px\" \/><\/figure>\n<\/div><\/div><\/div>\n\n\n\n<div class=\"tbk-hydrate-component\" data-cid=\"4f808a81-530a-496b-b90d-ead88cebdbe7\" data-component=\"Spacer\"><div class=\"calian-spacer calian-spacer--small wp-block-calian-com-components-calian-spacer\"><\/div><\/div>\n<\/div><\/div><\/div>\n\n\n\n<div class=\"tbk-hydrate-component\" data-cid=\"9441c22c-90f4-471a-b0b2-bf51222a1367\" data-component=\"LandingPageFooter\"><div class=\"landing-page-footer wp-block-calian-com-components-calian-landing-page-footer\"><div class=\"landing-page-footer__container container-fluid\"><a class=\"landing-page-footer__logo-link\" href=\"\/\"><img loading=\"lazy\" decoding=\"async\" src=\"https:\/\/calian.stage.tbkdev.com\/dev\/calian.com\/src\/app\/dist\/logo-colour-VCKAOBN5.svg\" alt=\"\" width=\"180\" height=\"65\" class=\"landing-page-footer__logo-img\"\/><\/a><p class=\"landing-page-footer__copyright\">\u00a9 2025 Calian Group Ltd. CNESST# AR-2000790<\/p><ul class=\"landing-page-footer__bottom--social-icons list-unstyled\"><li><a href=\"https:\/\/www.linkedin.com\/company\/calian\/\" target=\"_blank\" aria-label=\"linkedin\" class=\"share-icon-link\"><i class=\"icon icon-linkedin\"><\/i><\/a><\/li><\/ul><\/div><\/div><\/div>\n","protected":false},"excerpt":{"rendered":"<p><a class=\"calian-header__navbar-brand navbar-brand\" href=\"\/\"> <\/a> <\/p>\n<ul class=\"nav justify-content-start calian-header__main-nav\">\n<li class=\"nav-item\"> <a class=\"nav-link\" href=\"https:\/\/calian.stage.tbkdev.com\/dev\/calian.com\/src\/www\/\"> Calian home <\/a> <\/li>\n<\/ul>\n<p> <a class=\"calian-header__navbar-brand navbar-brand\" href=\"\/\"> <\/a> <\/p>\n<ul class=\"nav justify-content-start flex-column calian-header__main-nav--mobile\">\n<li class=\"nav-item\"> <a class=\"nav-link\" href=\"https:\/\/calian.stage.tbkdev.com\/dev\/calian.com\/src\/www\/\"> Calian home <\/a> <\/li>\n<\/ul>\n<p> D\u00e9fense sur glace : L&#8217;\u00e9preuve de force de la communaut\u00e9 de d\u00e9fense d&#8217;Ottawa <\/p>\n<p class=\"has-text-align-center has-white-color has-text-color has-link-color has-medium-font-size wp-elements-f0608fcbfc9a0f6639a6d6de18b3d51a\"> Le &hellip;<\/p>\n","protected":false},"author":2,"featured_media":5185,"parent":0,"menu_order":0,"comment_status":"closed","ping_status":"closed","template":"page-landing-page.php","meta":{"_acf_changed":false,"content-type":"","footnotes":""},"solution":[],"industry":[],"type_classification":[],"class_list":["post-5207","page","type-page","status-publish","has-post-thumbnail","hentry"],"acf":[],"yoast_head":"<!-- This site is optimized with the Yoast SEO plugin v26.4 - https:\/\/yoast.com\/wordpress\/plugins\/seo\/ -->\n<title>Soir\u00e9e du hockey de la d\u00e9fense - 25 f\u00e9vrier 2025 - Calian Corporate<\/title>\n<meta name=\"description\" content=\"D\u00e9couvrez Calian Group Ltd, un leader de confiance depuis plus de 40 ans dans les domaines des technologies avanc\u00e9es, de la sant\u00e9, de l&#039;apprentissage et des solutions informatiques et cybern\u00e9tiques.\" \/>\n<meta name=\"robots\" content=\"noindex, follow, max-snippet:-1, max-image-preview:large, max-video-preview:-1\" \/>\n<meta property=\"og:locale\" content=\"fr_FR\" \/>\n<meta property=\"og:type\" content=\"article\" \/>\n<meta property=\"og:title\" content=\"Soir\u00e9e du hockey de la d\u00e9fense - 25 f\u00e9vrier 2025 - Calian Corporate\" \/>\n<meta property=\"og:description\" content=\"D\u00e9couvrez Calian Group Ltd, un leader de confiance depuis plus de 40 ans dans les domaines des technologies avanc\u00e9es, de la sant\u00e9, de l&#039;apprentissage et des solutions informatiques et cybern\u00e9tiques.\" \/>\n<meta property=\"og:url\" content=\"https:\/\/calian.stage.tbkdev.com\/dev\/calian.com\/src\/www\/fr\/defence-hockey-night-25-feb-2025\/\" \/>\n<meta property=\"og:site_name\" content=\"Calian Corporate\" \/>\n<meta property=\"article:modified_time\" content=\"2025-02-27T18:11:05+00:00\" \/>\n<meta property=\"og:image\" content=\"https:\/\/calian.stage.tbkdev.com\/dev\/calian.com\/src\/app\/uploads\/sites\/9\/2025\/01\/AdobeStock_448821641-scaled.jpeg\" \/>\n\t<meta property=\"og:image:width\" content=\"2560\" \/>\n\t<meta property=\"og:image:height\" content=\"1440\" \/>\n\t<meta property=\"og:image:type\" content=\"image\/jpeg\" \/>\n<meta name=\"twitter:card\" content=\"summary_large_image\" \/>\n<meta name=\"twitter:label1\" content=\"Est. reading time\" \/>\n\t<meta name=\"twitter:data1\" content=\"3 minutes\" \/>\n<script type=\"application\/ld+json\" class=\"yoast-schema-graph\">{\"@context\":\"https:\/\/schema.org\",\"@graph\":[{\"@type\":\"WebPage\",\"@id\":\"https:\/\/calian.stage.tbkdev.com\/dev\/calian.com\/src\/www\/fr\/defence-hockey-night-25-feb-2025\/\",\"url\":\"https:\/\/calian.stage.tbkdev.com\/dev\/calian.com\/src\/www\/fr\/defence-hockey-night-25-feb-2025\/\",\"name\":\"Soir\u00e9e du hockey de la d\u00e9fense - 25 f\u00e9vrier 2025 - Calian Corporate\",\"isPartOf\":{\"@id\":\"https:\/\/calian.stage.tbkdev.com\/dev\/calian.com\/src\/www\/fr\/#website\"},\"primaryImageOfPage\":{\"@id\":\"https:\/\/calian.stage.tbkdev.com\/dev\/calian.com\/src\/www\/fr\/defence-hockey-night-25-feb-2025\/#primaryimage\"},\"image\":{\"@id\":\"https:\/\/calian.stage.tbkdev.com\/dev\/calian.com\/src\/www\/fr\/defence-hockey-night-25-feb-2025\/#primaryimage\"},\"thumbnailUrl\":\"https:\/\/calian.stage.tbkdev.com\/dev\/calian.com\/src\/app\/uploads\/sites\/9\/2025\/01\/AdobeStock_448821641-scaled.jpeg\",\"datePublished\":\"2025-01-22T19:33:09+00:00\",\"dateModified\":\"2025-02-27T18:11:05+00:00\",\"description\":\"D\u00e9couvrez Calian Group Ltd, un leader de confiance depuis plus de 40 ans dans les domaines des technologies avanc\u00e9es, de la sant\u00e9, de l'apprentissage et des solutions informatiques et cybern\u00e9tiques.\",\"breadcrumb\":{\"@id\":\"https:\/\/calian.stage.tbkdev.com\/dev\/calian.com\/src\/www\/fr\/defence-hockey-night-25-feb-2025\/#breadcrumb\"},\"inLanguage\":\"fr-FR\",\"potentialAction\":[{\"@type\":\"ReadAction\",\"target\":[\"https:\/\/calian.stage.tbkdev.com\/dev\/calian.com\/src\/www\/fr\/defence-hockey-night-25-feb-2025\/\"]}]},{\"@type\":\"ImageObject\",\"inLanguage\":\"fr-FR\",\"@id\":\"https:\/\/calian.stage.tbkdev.com\/dev\/calian.com\/src\/www\/fr\/defence-hockey-night-25-feb-2025\/#primaryimage\",\"url\":\"https:\/\/calian.stage.tbkdev.com\/dev\/calian.com\/src\/app\/uploads\/sites\/9\/2025\/01\/AdobeStock_448821641-scaled.jpeg\",\"contentUrl\":\"https:\/\/calian.stage.tbkdev.com\/dev\/calian.com\/src\/app\/uploads\/sites\/9\/2025\/01\/AdobeStock_448821641-scaled.jpeg\",\"width\":2560,\"height\":1440,\"caption\":\"Ice Hockey Rink Arena: Professional Player Shooting the Puck with Hockey Stick. Focus on 3D Flying Puck with Blur Motion Effect. Dramatic Wide Shot, Cinematic Lighting.\"},{\"@type\":\"BreadcrumbList\",\"@id\":\"https:\/\/calian.stage.tbkdev.com\/dev\/calian.com\/src\/www\/fr\/defence-hockey-night-25-feb-2025\/#breadcrumb\",\"itemListElement\":[{\"@type\":\"ListItem\",\"position\":1,\"name\":\"Accueil\",\"item\":\"https:\/\/calian.stage.tbkdev.com\/dev\/calian.com\/src\/www\/fr\/\"},{\"@type\":\"ListItem\",\"position\":2,\"name\":\"Soir\u00e9e du hockey de la d\u00e9fense &#8211; 25 f\u00e9vrier 2025\"}]},{\"@type\":\"WebSite\",\"@id\":\"https:\/\/calian.stage.tbkdev.com\/dev\/calian.com\/src\/www\/fr\/#website\",\"url\":\"https:\/\/calian.stage.tbkdev.com\/dev\/calian.com\/src\/www\/fr\/\",\"name\":\"Calian Corporate\",\"description\":\"Just another WordPress site\",\"publisher\":{\"@id\":\"https:\/\/calian.stage.tbkdev.com\/dev\/calian.com\/src\/www\/fr\/#organization\"},\"potentialAction\":[{\"@type\":\"SearchAction\",\"target\":{\"@type\":\"EntryPoint\",\"urlTemplate\":\"https:\/\/calian.stage.tbkdev.com\/dev\/calian.com\/src\/www\/fr\/?s={search_term_string}\"},\"query-input\":{\"@type\":\"PropertyValueSpecification\",\"valueRequired\":true,\"valueName\":\"search_term_string\"}}],\"inLanguage\":\"fr-FR\"},{\"@type\":\"Organization\",\"@id\":\"https:\/\/calian.stage.tbkdev.com\/dev\/calian.com\/src\/www\/fr\/#organization\",\"name\":\"Calian Corporate\",\"url\":\"https:\/\/calian.stage.tbkdev.com\/dev\/calian.com\/src\/www\/fr\/\",\"logo\":{\"@type\":\"ImageObject\",\"inLanguage\":\"fr-FR\",\"@id\":\"https:\/\/calian.stage.tbkdev.com\/dev\/calian.com\/src\/www\/fr\/#\/schema\/logo\/image\/\",\"url\":\"https:\/\/calian.stage.tbkdev.com\/dev\/calian.com\/src\/app\/uploads\/sites\/9\/2024\/03\/Calian-Logo-Tag-RGB-French.svg\",\"contentUrl\":\"https:\/\/calian.stage.tbkdev.com\/dev\/calian.com\/src\/app\/uploads\/sites\/9\/2024\/03\/Calian-Logo-Tag-RGB-French.svg\",\"width\":927,\"height\":322,\"caption\":\"Calian Corporate\"},\"image\":{\"@id\":\"https:\/\/calian.stage.tbkdev.com\/dev\/calian.com\/src\/www\/fr\/#\/schema\/logo\/image\/\"}}]}<\/script>\n<!-- \/ Yoast SEO plugin. -->","yoast_head_json":{"title":"Soir\u00e9e du hockey de la d\u00e9fense - 25 f\u00e9vrier 2025 - Calian Corporate","description":"D\u00e9couvrez Calian Group Ltd, un leader de confiance depuis plus de 40 ans dans les domaines des technologies avanc\u00e9es, de la sant\u00e9, de l'apprentissage et des solutions informatiques et cybern\u00e9tiques.","robots":{"index":"noindex","follow":"follow","max-snippet":"max-snippet:-1","max-image-preview":"max-image-preview:large","max-video-preview":"max-video-preview:-1"},"og_locale":"fr_FR","og_type":"article","og_title":"Soir\u00e9e du hockey de la d\u00e9fense - 25 f\u00e9vrier 2025 - Calian Corporate","og_description":"D\u00e9couvrez Calian Group Ltd, un leader de confiance depuis plus de 40 ans dans les domaines des technologies avanc\u00e9es, de la sant\u00e9, de l'apprentissage et des solutions informatiques et cybern\u00e9tiques.","og_url":"https:\/\/calian.stage.tbkdev.com\/dev\/calian.com\/src\/www\/fr\/defence-hockey-night-25-feb-2025\/","og_site_name":"Calian Corporate","article_modified_time":"2025-02-27T18:11:05+00:00","og_image":[{"width":2560,"height":1440,"url":"https:\/\/calian.stage.tbkdev.com\/dev\/calian.com\/src\/app\/uploads\/sites\/9\/2025\/01\/AdobeStock_448821641-scaled.jpeg","type":"image\/jpeg"}],"twitter_card":"summary_large_image","twitter_misc":{"Est. reading time":"3 minutes"},"schema":{"@context":"https:\/\/schema.org","@graph":[{"@type":"WebPage","@id":"https:\/\/calian.stage.tbkdev.com\/dev\/calian.com\/src\/www\/fr\/defence-hockey-night-25-feb-2025\/","url":"https:\/\/calian.stage.tbkdev.com\/dev\/calian.com\/src\/www\/fr\/defence-hockey-night-25-feb-2025\/","name":"Soir\u00e9e du hockey de la d\u00e9fense - 25 f\u00e9vrier 2025 - Calian Corporate","isPartOf":{"@id":"https:\/\/calian.stage.tbkdev.com\/dev\/calian.com\/src\/www\/fr\/#website"},"primaryImageOfPage":{"@id":"https:\/\/calian.stage.tbkdev.com\/dev\/calian.com\/src\/www\/fr\/defence-hockey-night-25-feb-2025\/#primaryimage"},"image":{"@id":"https:\/\/calian.stage.tbkdev.com\/dev\/calian.com\/src\/www\/fr\/defence-hockey-night-25-feb-2025\/#primaryimage"},"thumbnailUrl":"https:\/\/calian.stage.tbkdev.com\/dev\/calian.com\/src\/app\/uploads\/sites\/9\/2025\/01\/AdobeStock_448821641-scaled.jpeg","datePublished":"2025-01-22T19:33:09+00:00","dateModified":"2025-02-27T18:11:05+00:00","description":"D\u00e9couvrez Calian Group Ltd, un leader de confiance depuis plus de 40 ans dans les domaines des technologies avanc\u00e9es, de la sant\u00e9, de l'apprentissage et des solutions informatiques et cybern\u00e9tiques.","breadcrumb":{"@id":"https:\/\/calian.stage.tbkdev.com\/dev\/calian.com\/src\/www\/fr\/defence-hockey-night-25-feb-2025\/#breadcrumb"},"inLanguage":"fr-FR","potentialAction":[{"@type":"ReadAction","target":["https:\/\/calian.stage.tbkdev.com\/dev\/calian.com\/src\/www\/fr\/defence-hockey-night-25-feb-2025\/"]}]},{"@type":"ImageObject","inLanguage":"fr-FR","@id":"https:\/\/calian.stage.tbkdev.com\/dev\/calian.com\/src\/www\/fr\/defence-hockey-night-25-feb-2025\/#primaryimage","url":"https:\/\/calian.stage.tbkdev.com\/dev\/calian.com\/src\/app\/uploads\/sites\/9\/2025\/01\/AdobeStock_448821641-scaled.jpeg","contentUrl":"https:\/\/calian.stage.tbkdev.com\/dev\/calian.com\/src\/app\/uploads\/sites\/9\/2025\/01\/AdobeStock_448821641-scaled.jpeg","width":2560,"height":1440,"caption":"Ice Hockey Rink Arena: Professional Player Shooting the Puck with Hockey Stick. Focus on 3D Flying Puck with Blur Motion Effect. Dramatic Wide Shot, Cinematic Lighting."},{"@type":"BreadcrumbList","@id":"https:\/\/calian.stage.tbkdev.com\/dev\/calian.com\/src\/www\/fr\/defence-hockey-night-25-feb-2025\/#breadcrumb","itemListElement":[{"@type":"ListItem","position":1,"name":"Accueil","item":"https:\/\/calian.stage.tbkdev.com\/dev\/calian.com\/src\/www\/fr\/"},{"@type":"ListItem","position":2,"name":"Soir\u00e9e du hockey de la d\u00e9fense &#8211; 25 f\u00e9vrier 2025"}]},{"@type":"WebSite","@id":"https:\/\/calian.stage.tbkdev.com\/dev\/calian.com\/src\/www\/fr\/#website","url":"https:\/\/calian.stage.tbkdev.com\/dev\/calian.com\/src\/www\/fr\/","name":"Calian Corporate","description":"Just another WordPress site","publisher":{"@id":"https:\/\/calian.stage.tbkdev.com\/dev\/calian.com\/src\/www\/fr\/#organization"},"potentialAction":[{"@type":"SearchAction","target":{"@type":"EntryPoint","urlTemplate":"https:\/\/calian.stage.tbkdev.com\/dev\/calian.com\/src\/www\/fr\/?s={search_term_string}"},"query-input":{"@type":"PropertyValueSpecification","valueRequired":true,"valueName":"search_term_string"}}],"inLanguage":"fr-FR"},{"@type":"Organization","@id":"https:\/\/calian.stage.tbkdev.com\/dev\/calian.com\/src\/www\/fr\/#organization","name":"Calian Corporate","url":"https:\/\/calian.stage.tbkdev.com\/dev\/calian.com\/src\/www\/fr\/","logo":{"@type":"ImageObject","inLanguage":"fr-FR","@id":"https:\/\/calian.stage.tbkdev.com\/dev\/calian.com\/src\/www\/fr\/#\/schema\/logo\/image\/","url":"https:\/\/calian.stage.tbkdev.com\/dev\/calian.com\/src\/app\/uploads\/sites\/9\/2024\/03\/Calian-Logo-Tag-RGB-French.svg","contentUrl":"https:\/\/calian.stage.tbkdev.com\/dev\/calian.com\/src\/app\/uploads\/sites\/9\/2024\/03\/Calian-Logo-Tag-RGB-French.svg","width":927,"height":322,"caption":"Calian Corporate"},"image":{"@id":"https:\/\/calian.stage.tbkdev.com\/dev\/calian.com\/src\/www\/fr\/#\/schema\/logo\/image\/"}}]}},"_links":{"self":[{"href":"https:\/\/calian.stage.tbkdev.com\/dev\/calian.com\/src\/www\/fr\/wp-json\/wp\/v2\/pages\/5207","targetHints":{"allow":["GET"]}}],"collection":[{"href":"https:\/\/calian.stage.tbkdev.com\/dev\/calian.com\/src\/www\/fr\/wp-json\/wp\/v2\/pages"}],"about":[{"href":"https:\/\/calian.stage.tbkdev.com\/dev\/calian.com\/src\/www\/fr\/wp-json\/wp\/v2\/types\/page"}],"author":[{"embeddable":true,"href":"https:\/\/calian.stage.tbkdev.com\/dev\/calian.com\/src\/www\/fr\/wp-json\/wp\/v2\/users\/2"}],"replies":[{"embeddable":true,"href":"https:\/\/calian.stage.tbkdev.com\/dev\/calian.com\/src\/www\/fr\/wp-json\/wp\/v2\/comments?post=5207"}],"version-history":[{"count":14,"href":"https:\/\/calian.stage.tbkdev.com\/dev\/calian.com\/src\/www\/fr\/wp-json\/wp\/v2\/pages\/5207\/revisions"}],"predecessor-version":[{"id":6013,"href":"https:\/\/calian.stage.tbkdev.com\/dev\/calian.com\/src\/www\/fr\/wp-json\/wp\/v2\/pages\/5207\/revisions\/6013"}],"wp:featuredmedia":[{"embeddable":true,"href":"https:\/\/calian.stage.tbkdev.com\/dev\/calian.com\/src\/www\/fr\/wp-json\/wp\/v2\/media\/5185"}],"wp:attachment":[{"href":"https:\/\/calian.stage.tbkdev.com\/dev\/calian.com\/src\/www\/fr\/wp-json\/wp\/v2\/media?parent=5207"}],"wp:term":[{"taxonomy":"solution","embeddable":true,"href":"https:\/\/calian.stage.tbkdev.com\/dev\/calian.com\/src\/www\/fr\/wp-json\/wp\/v2\/solution?post=5207"},{"taxonomy":"industry","embeddable":true,"href":"https:\/\/calian.stage.tbkdev.com\/dev\/calian.com\/src\/www\/fr\/wp-json\/wp\/v2\/industry?post=5207"},{"taxonomy":"type_classification","embeddable":true,"href":"https:\/\/calian.stage.tbkdev.com\/dev\/calian.com\/src\/www\/fr\/wp-json\/wp\/v2\/type_classification?post=5207"}],"curies":[{"name":"wp","href":"https:\/\/api.w.org\/{rel}","templated":true}]}}