{"id":3720,"date":"2023-05-16T16:57:50","date_gmt":"2023-05-16T20:57:50","guid":{"rendered":"https:\/\/calian.stage.tbkdev.com\/dev\/calian.com\/src\/careers\/?page_id=3720"},"modified":"2024-08-13T12:17:17","modified_gmt":"2024-08-13T16:17:17","slug":"recherche-clinique","status":"publish","type":"page","link":"https:\/\/calian.stage.tbkdev.com\/dev\/calian.com\/src\/careers\/fr-ca\/recherche-clinique\/","title":{"rendered":"Recherche clinique"},"content":{"rendered":"\n<div class=\"tbk-hydrate-component\" data-cid=\"e8a04477-c34c-4780-9466-2922416af444\" data-component=\"Hero\"><section class=\"calian-hero d-flex h-100 position-relative overflow-hidden nav-indent wp-block-calian-com-components-calian-hero media-position-split has-split-image pb-5 pb-lg-0 overlay-themed\"><div class=\"container\"><div class=\"row\"><div class=\"calian-hero__content d-flex col-lg flex-column pb-3 justify-content-center has-breadcrumbs text-left\"><div class=\"calian-hero__copy-wrapper\"><p class=\"h4 calian-hero__eyebrow text-white\">Opportunit\u00e9s de carri\u00e8re passionnantes pour les<\/p><h1 class=\"calian-hero__heading text-white\">Recherche clinique<\/h1><div class=\"calian-hero__text text-white mt-2 mb-4\"><br\/><\/div><a href=\"#calian-career-group\" class=\"btn btn-light mb-4 mt-3\">Voir les carri\u00e8res<\/a><\/div><div class=\"calian-hero__breadcrumbs mt-auto mb-0 pt-lg-4 pt-3 pb-lg-0 pb-md-3 pb-1\"><nav aria-label=\"breadcrumb\" class=\"breadcrumb-container\"><ol class=\"breadcrumb\"><li class=\"breadcrumb-item\"><a href=\"https:\/\/calian.stage.tbkdev.com\/dev\/calian.com\/src\/www\/fr\/\" class=\"breadcrumb-item-link\">Accueil<\/a><\/li><li class=\"breadcrumb-item\"><a href=\"https:\/\/calian.stage.tbkdev.com\/dev\/calian.com\/src\/www\/fr\/\" class=\"breadcrumb-item-link\">Unit\u00e9 d&#8217;affaires<\/a><\/li><li class=\"breadcrumb-item\" aria-current=\"page\">Titre de la page<\/li><\/ol><\/nav><\/div><\/div><div class=\"calian-hero__media col-md w-100 h-100 pt-lg-5 mt-lg-3 media-style-split\"><div class=\"media-wrapper ps-lg-5 pb-3 pb-lg-0 ml-auto mr-0 w-100 h-100\"><div class=\"advanced-image w-100 h-100\"><img loading=\"lazy\" decoding=\"async\" src=\"https:\/\/calian.stage.tbkdev.com\/dev\/calian.com\/src\/app\/uploads\/sites\/3\/2023\/05\/iStock-1095985914-1024x666.jpg\" alt=\"\" width=\"1024\" height=\"666\" class=\"calian-hero__image\"\/><\/div><\/div><\/div><\/div><\/div><div class=\"calian-hero__overlay overlay-themed position-absolute w-100 h-100 top-0 start-0 has-image\"><\/div><span><\/span><\/section><\/div>\n\n<div class=\"tbk-hydrate-component\" data-cid=\"b0c9d950-be3a-449c-8db1-5bb8120d92d9\" data-component=\"Spacer\"><div class=\"calian-spacer wp-block-calian-com-components-calian-spacer\"><\/div><\/div>\n\n<div class=\"tbk-hydrate-component\" data-cid=\"633c2716-a8f0-4980-8099-fcb1b6505352\" data-component=\"Container\"><div class=\"container wp-block-tbk-components-container\" style=\"background-position:center;background-size:cover\"><div>\n<p class=\"has-text-align-center\">Depuis plus de 20 ans, Calian fournit des services de recherche clinique de haute qualit\u00e9 aux entreprises disposant de produits allant des premi\u00e8res \u00e9tapes jusqu&#8217;\u00e0 l&#8217;approbation post-commercialisation. Nous proposons une gamme de postes temporaires, \u00e0 temps partiel et \u00e0 temps plein dans le domaine de la recherche clinique. Nous excellons dans le placement des bonnes personnes sur chaque projet.<\/p>\n<\/div><\/div><\/div>\n\n<div class=\"tbk-hydrate-component\" data-cid=\"41955aa6-fdbe-4d98-b3c3-d4a811303ecc\" data-component=\"Spacer\"><div class=\"calian-spacer wp-block-calian-com-components-calian-spacer\"><\/div><\/div>\n\n<div class=\"tbk-hydrate-component\" data-cid=\"ee3dd475-c1f0-4019-9a42-eb6f7e32307c\" data-component=\"AlternatingTextAndImages\"><div class=\"calian-alternating-text-and-images overflow-hidden wp-block-calian-com-components-calian-alternating-text-and-images\"><div class=\"calian-alternating-text-and-images__container container-fluid\"><div class=\"\"><div class=\"row gx-md-6 justify-content-lg-start justify-content-lg-start mb-3 mb-md-9\"><div class=\"col-12 col-md mb-3\"><img loading=\"lazy\" decoding=\"async\" src=\"https:\/\/calian.stage.tbkdev.com\/dev\/calian.com\/src\/app\/uploads\/sites\/3\/2023\/05\/Body-Copy-IMAGE-468x320-Health_Clinic-Services_Allphase-Clinical-Research_01-s.jpeg\" alt=\"\" width=\"468\" height=\"320\" class=\"rounded-5 img-fluid w-100 h-250px h-md-373px object-fit-cover\"\/><\/div><div class=\"col-12 col-md\"><h3>Fournisseur de services fonctionnels<\/h3><div class=\"calian-alternating-text-and-images__text mb-3\"><ul>\n  <li>100 % d\u00e9di\u00e9 \u00e0 un seul commanditaire<\/li>\n  <li>Vari\u00e9t\u00e9 de postes disponibles<\/li>\n  <li>Opportunit\u00e9s \u00e0 temps partiel ou \u00e0 temps plein<\/li>\n<\/ul><\/div><div class=\"calian-alternating-text-and-images__ctas mb-3 d-flex flex-wrap gap-3\"><\/div><\/div><\/div><div class=\"row gx-md-6 justify-content-lg-start flex-row-reverse justify-content-lg-between mb-3 mb-md-9\"><div class=\"col-12 col-md mb-3\"><img loading=\"lazy\" decoding=\"async\" src=\"https:\/\/calian.stage.tbkdev.com\/dev\/calian.com\/src\/app\/uploads\/sites\/3\/2023\/05\/iStock-1264101469-1024x637.jpg\" alt=\"\" width=\"1024\" height=\"637\" class=\"rounded-5 img-fluid w-100 h-250px h-md-373px object-fit-cover\"\/><\/div><div class=\"col-12 col-md\"><h3>\u00c9quipe interne de l&#8217;organisation de recherche contractuelle (ORC) :<\/h3><div class=\"calian-alternating-text-and-images__text mb-3\"><ul>\n  <li>Vari\u00e9t\u00e9 de projets, de domaines th\u00e9rapeutiques et de commanditaires sur lesquels travailler<\/li>\n  <li>Opportunit\u00e9s d&#8217;avancement et de progression de carri\u00e8re<\/li>\n  <li>Formation interfonctionnelle<\/li>\n  <li>Environnement d&#8217;\u00e9quipe collaboratif \u2013 travail en \u00e9quipe pour se soutenir mutuellement et atteindre les objectifs<\/li>\n<\/ul><\/div><div class=\"calian-alternating-text-and-images__ctas mb-3 d-flex flex-wrap gap-3\"><\/div><\/div><\/div><div class=\"row gx-md-6 justify-content-lg-start justify-content-lg-start mb-3 mb-md-9\"><div class=\"col-12 col-md mb-3\"><img loading=\"lazy\" decoding=\"async\" src=\"https:\/\/calian.stage.tbkdev.com\/dev\/calian.com\/src\/app\/uploads\/sites\/3\/2023\/04\/Screen-Shot-2023-04-14-at-8.49.56-AM.png\" alt=\"\" width=\"672\" height=\"504\" class=\"rounded-5 img-fluid w-100 h-250px h-md-373px object-fit-cover\"\/><\/div><div class=\"col-12 col-md\"><h3>Candidats qualifi\u00e9s<\/h3><div class=\"calian-alternating-text-and-images__text mb-3\">Calian CRO est toujours \u00e0 la recherche de personnes qualifi\u00e9es :  <ul>\n  <li>Gestionnaires de projets d&#8217;\u00e9tudes cliniques<\/li>\n  <li>Attach\u00e9s de recherche clinique<\/li>\n  <li>Associ\u00e9s d&#8217;\u00e9tudes cliniques (associ\u00e9s du d\u00e9marrage des \u00e9tudes)<\/li>\n  <li>Sp\u00e9cialistes TMF (gestion des documents d&#8217;\u00e9tude)<\/li>\n  <li>Gestionnaires de donn\u00e9es<\/li>\n  <li>Biostatisticiens<\/li>\n  <li>Programmeurs SAS<\/li>\n  <li>R\u00e9dacteurs m\u00e9dicaux<\/li>\n  <li>Personnel de pharmacovigilance<\/li>\n  <li>Associ\u00e9s des affaires r\u00e9glementaires\/associ\u00e9s de l&#8217;assurance qualit\u00e9\/auditeurs<\/li>\n  <li>Sp\u00e9cialistes de l&#8217;information m\u00e9dicale<\/li>\n  <li>Et plus encore &#8230;<\/li>\n<\/ul><\/div><div class=\"calian-alternating-text-and-images__ctas mb-3 d-flex flex-wrap gap-3\"><\/div><\/div><\/div><div class=\"row gx-md-6 justify-content-lg-start flex-row-reverse justify-content-lg-between mb-3 mb-md-9\"><div class=\"col-12 col-md mb-3\"><img loading=\"lazy\" decoding=\"async\" src=\"https:\/\/calian.stage.tbkdev.com\/dev\/calian.com\/src\/app\/uploads\/sites\/3\/2023\/04\/iStock-512101124-4-683x1024.jpg\" alt=\"\" width=\"683\" height=\"1024\" class=\"rounded-5 img-fluid w-100 h-250px h-md-373px object-fit-cover\"\/><\/div><div class=\"col-12 col-md\"><h3>Avantages et b\u00e9n\u00e9fices<\/h3><div class=\"calian-alternating-text-and-images__text mb-3\">Les employ\u00e9s de Calian ORC b\u00e9n\u00e9ficient : <ul>\n  <li>D\u2019une r\u00e9mun\u00e9ration comp\u00e9titive<\/li>\n  <li>Avantages m\u00e9dicaux et dentaires complets<\/li>\n  <li>D\u2019un r\u00e9gime de retraite (REER)<\/li>\n  <li>De la fermeture de l\u2019entreprise du 26 d\u00e9cembre au 1er janvier<\/li>\n  <li>D\u2019occasions d\u2019avancement<\/li>\n  <li>D\u2019arrangements de travail flexibles<\/li>\n  <li>\u00c9quipes multidisciplinaires collaboratives<\/li>\n<\/ul><\/div><div class=\"calian-alternating-text-and-images__ctas mb-3 d-flex flex-wrap gap-3\"><\/div><\/div><\/div><div class=\"row gx-md-6 justify-content-lg-start justify-content-lg-start\"><div class=\"col-12 col-md mb-3\"><img loading=\"lazy\" decoding=\"async\" src=\"https:\/\/calian.stage.tbkdev.com\/dev\/calian.com\/src\/app\/uploads\/sites\/3\/2023\/04\/iStock-1395467679-1024x683.jpg\" alt=\"\" width=\"1024\" height=\"683\" class=\"rounded-5 img-fluid w-100 h-250px h-md-373px object-fit-cover\"\/><\/div><div class=\"col-12 col-md\"><h3>Joignez-vous \u00e0 notre \u00e9quipe en pleine croissance <\/h3><div class=\"calian-alternating-text-and-images__text mb-3\">Notre \u00e9quipe est compos\u00e9e de professionnels passionn\u00e9s, collaboratifs et \u00e9thiques de la recherche clinique qui s&#8217;engagent \u00e0 fournir un service client\u00e8le de qualit\u00e9 gr\u00e2ce \u00e0 des recherches de haute qualit\u00e9 et \u00e0 une am\u00e9lioration continue. Nous sommes toujours \u00e0 la recherche de nouveaux membres d&#8217;\u00e9quipe qui partagent nos valeurs et notre passion pour avoir un impact positif dans le monde. <\/div><div class=\"calian-alternating-text-and-images__ctas mb-3 d-flex flex-wrap gap-3\"><\/div><\/div><\/div><\/div><\/div><\/div><\/div>\n\n<div class=\"tbk-hydrate-component\" data-cid=\"4e4fe7d4-04bc-439c-aa28-7db21631a06d\" data-component=\"Spacer\"><div class=\"calian-spacer wp-block-calian-com-components-calian-spacer\"><\/div><\/div>\n\n<div class=\"tbk-hydrate-component\" data-cid=\"a685bf2e-fbd4-49f2-9974-6df166c126af\" data-component=\"CTABar\"><div class=\"calian-cta-bar theme-dark wp-block-calian-com-components-calian-cta-bar\"><div class=\"calian-cta-bar__container container-fluid\"><div class=\"calian-cta-bar__vertical container-fluid position-relative\"><div class=\"row\"><div class=\"calian-cta-bar__vertical--content col-12\"><h2 class=\"calian-cta-bar__vertical--heading\">Le saviez-vous?<\/h2><div class=\"calian-cta-bar__vertical--description\">Calian a \u00e9t\u00e9 incluse dans la liste Forbes des meilleurs employeurs au Canada en 2022<\/div><div class=\"calian-cta-bar__vertical--buttons\"><a href=\"#calian-career-group\" class=\"btn btn-primary\">Explorez les opportunit\u00e9s de carri\u00e8re <\/a><\/div><\/div><\/div><\/div><\/div><\/div><\/div>\n\n<div class=\"tbk-hydrate-component\" data-cid=\"3a228ce8-34f2-4dab-bc29-acba2dc074eb\" data-component=\"Spacer\"><div class=\"calian-spacer calian-spacer--medium wp-block-calian-com-components-calian-spacer\"><\/div><\/div>\n\n<div class=\"tbk-hydrate-component\" data-cid=\"12fd4b35-1921-4947-8375-860d6538b30d\" data-component=\"CareersLocationFooter\"><div><div class=\"d-flex justify-content-center p-1\"><div class=\"spinner-border text-primary \" role=\"status\" style=\"width:3rem;height:3rem\"><span class=\"visually-hidden\">Chargement&#8230;<\/span><\/div><\/div><\/div><\/div>\n","protected":false},"excerpt":{"rendered":"<p class=\"h4 calian-hero__eyebrow text-white\"> Opportunit\u00e9s de carri\u00e8re passionnantes pour les <\/p>\n<p> Recherche clinique <br \/> <a href=\"#calian-career-group\" class=\"btn btn-light mb-4 mt-3\"> Voir les carri\u00e8res <\/a> <\/p>\n<li class=\"breadcrumb-item\"> <a href=\"https:\/\/calian.stage.tbkdev.com\/dev\/calian.com\/src\/www\/fr\/\" class=\"breadcrumb-item-link\"> Accueil <\/a> <\/li>\n<li class=\"breadcrumb-item\"> <a href=\"https:\/\/calian.stage.tbkdev.com\/dev\/calian.com\/src\/www\/fr\/\" class=\"breadcrumb-item-link\"> Unit\u00e9 d&#8217;affaires <\/a> <\/li>\n<li class=\"breadcrumb-item\" aria-current=\"page\"> Titre de la page <\/li>\n<p class=\"has-text-align-center\"> Depuis plus de 20 ans, Calian fournit des services &hellip;<\/p>\n","protected":false},"author":5,"featured_media":0,"parent":0,"menu_order":0,"comment_status":"closed","ping_status":"closed","template":"","meta":{"_acf_changed":false,"content-type":"","footnotes":""},"solution":[],"industry":[],"type_classification":[],"class_list":["post-3720","page","type-page","status-publish","hentry"],"acf":[],"yoast_head":"<!-- This site is optimized with the Yoast SEO plugin v26.4 - https:\/\/yoast.com\/wordpress\/plugins\/seo\/ -->\n<title>Recherche clinique - Calian Careers<\/title>\n<meta name=\"robots\" content=\"noindex, follow, max-snippet:-1, max-image-preview:large, max-video-preview:-1\" \/>\n<meta property=\"og:locale\" content=\"fr_CA\" \/>\n<meta property=\"og:type\" content=\"article\" \/>\n<meta property=\"og:title\" content=\"Recherche clinique - Calian Careers\" \/>\n<meta property=\"og:description\" content=\"Opportunit\u00e9s de carri\u00e8re passionnantes pour les Recherche clinique  Voir les carri\u00e8res  Accueil   Unit\u00e9 d&#8217;affaires  Titre de la page  Depuis plus de 20 ans, Calian fournit des services &hellip;\" \/>\n<meta property=\"og:url\" content=\"https:\/\/calian.stage.tbkdev.com\/dev\/calian.com\/src\/careers\/fr-ca\/recherche-clinique\/\" \/>\n<meta property=\"og:site_name\" content=\"Calian Careers\" \/>\n<meta property=\"article:publisher\" content=\"https:\/\/www.facebook.com\/CalianGroup\/\" \/>\n<meta property=\"article:modified_time\" content=\"2024-08-13T16:17:17+00:00\" \/>\n<meta property=\"og:image\" content=\"https:\/\/calian.stage.tbkdev.com\/dev\/calian.com\/src\/app\/uploads\/sites\/3\/2023\/05\/iStock-1095985914-1024x666.jpg\" \/>\n<meta name=\"twitter:card\" content=\"summary_large_image\" \/>\n<meta name=\"twitter:site\" content=\"@CalianGroup\" \/>\n<meta name=\"twitter:label1\" content=\"Est. reading time\" \/>\n\t<meta name=\"twitter:data1\" content=\"3 minutes\" \/>\n<script type=\"application\/ld+json\" class=\"yoast-schema-graph\">{\"@context\":\"https:\/\/schema.org\",\"@graph\":[{\"@type\":\"WebPage\",\"@id\":\"https:\/\/calian.stage.tbkdev.com\/dev\/calian.com\/src\/careers\/fr-ca\/recherche-clinique\/\",\"url\":\"https:\/\/calian.stage.tbkdev.com\/dev\/calian.com\/src\/careers\/fr-ca\/recherche-clinique\/\",\"name\":\"Recherche clinique - Calian Careers\",\"isPartOf\":{\"@id\":\"https:\/\/calian.stage.tbkdev.com\/dev\/calian.com\/src\/careers\/fr-ca\/#website\"},\"primaryImageOfPage\":{\"@id\":\"https:\/\/calian.stage.tbkdev.com\/dev\/calian.com\/src\/careers\/fr-ca\/recherche-clinique\/#primaryimage\"},\"image\":{\"@id\":\"https:\/\/calian.stage.tbkdev.com\/dev\/calian.com\/src\/careers\/fr-ca\/recherche-clinique\/#primaryimage\"},\"thumbnailUrl\":\"https:\/\/calian.stage.tbkdev.com\/dev\/calian.com\/src\/app\/uploads\/sites\/3\/2023\/05\/iStock-1095985914-1024x666.jpg\",\"datePublished\":\"2023-05-16T20:57:50+00:00\",\"dateModified\":\"2024-08-13T16:17:17+00:00\",\"inLanguage\":\"fr-CA\",\"potentialAction\":[{\"@type\":\"ReadAction\",\"target\":[\"https:\/\/calian.stage.tbkdev.com\/dev\/calian.com\/src\/careers\/fr-ca\/recherche-clinique\/\"]}]},{\"@type\":\"ImageObject\",\"inLanguage\":\"fr-CA\",\"@id\":\"https:\/\/calian.stage.tbkdev.com\/dev\/calian.com\/src\/careers\/fr-ca\/recherche-clinique\/#primaryimage\",\"url\":\"https:\/\/calian.stage.tbkdev.com\/dev\/calian.com\/src\/app\/uploads\/sites\/3\/2023\/05\/iStock-1095985914-1024x666.jpg\",\"contentUrl\":\"https:\/\/calian.stage.tbkdev.com\/dev\/calian.com\/src\/app\/uploads\/sites\/3\/2023\/05\/iStock-1095985914-1024x666.jpg\"},{\"@type\":\"WebSite\",\"@id\":\"https:\/\/calian.stage.tbkdev.com\/dev\/calian.com\/src\/careers\/fr-ca\/#website\",\"url\":\"https:\/\/calian.stage.tbkdev.com\/dev\/calian.com\/src\/careers\/fr-ca\/\",\"name\":\"Calian Careers\",\"description\":\"We are looking for world-class talent to help the world communicate, innovate, learn and lead safe and healthy lives.\",\"publisher\":{\"@id\":\"https:\/\/calian.stage.tbkdev.com\/dev\/calian.com\/src\/careers\/fr-ca\/#organization\"},\"potentialAction\":[{\"@type\":\"SearchAction\",\"target\":{\"@type\":\"EntryPoint\",\"urlTemplate\":\"https:\/\/calian.stage.tbkdev.com\/dev\/calian.com\/src\/careers\/fr-ca\/?s={search_term_string}\"},\"query-input\":{\"@type\":\"PropertyValueSpecification\",\"valueRequired\":true,\"valueName\":\"search_term_string\"}}],\"inLanguage\":\"fr-CA\"},{\"@type\":\"Organization\",\"@id\":\"https:\/\/calian.stage.tbkdev.com\/dev\/calian.com\/src\/careers\/fr-ca\/#organization\",\"name\":\"Calian Group\",\"url\":\"https:\/\/calian.stage.tbkdev.com\/dev\/calian.com\/src\/careers\/fr-ca\/\",\"logo\":{\"@type\":\"ImageObject\",\"inLanguage\":\"fr-CA\",\"@id\":\"https:\/\/calian.stage.tbkdev.com\/dev\/calian.com\/src\/careers\/fr-ca\/#\/schema\/logo\/image\/\",\"url\":\"https:\/\/calian.stage.tbkdev.com\/dev\/calian.com\/src\/app\/uploads\/sites\/3\/2023\/06\/og-logo-calian.webp\",\"contentUrl\":\"https:\/\/calian.stage.tbkdev.com\/dev\/calian.com\/src\/app\/uploads\/sites\/3\/2023\/06\/og-logo-calian.webp\",\"width\":1200,\"height\":630,\"caption\":\"Calian Group\"},\"image\":{\"@id\":\"https:\/\/calian.stage.tbkdev.com\/dev\/calian.com\/src\/careers\/fr-ca\/#\/schema\/logo\/image\/\"},\"sameAs\":[\"https:\/\/www.facebook.com\/CalianGroup\/\",\"https:\/\/x.com\/CalianGroup\"]}]}<\/script>\n<!-- \/ Yoast SEO plugin. -->","yoast_head_json":{"title":"Recherche clinique - Calian Careers","robots":{"index":"noindex","follow":"follow","max-snippet":"max-snippet:-1","max-image-preview":"max-image-preview:large","max-video-preview":"max-video-preview:-1"},"og_locale":"fr_CA","og_type":"article","og_title":"Recherche clinique - Calian Careers","og_description":"Opportunit\u00e9s de carri\u00e8re passionnantes pour les Recherche clinique  Voir les carri\u00e8res  Accueil   Unit\u00e9 d&#8217;affaires  Titre de la page  Depuis plus de 20 ans, Calian fournit des services &hellip;","og_url":"https:\/\/calian.stage.tbkdev.com\/dev\/calian.com\/src\/careers\/fr-ca\/recherche-clinique\/","og_site_name":"Calian Careers","article_publisher":"https:\/\/www.facebook.com\/CalianGroup\/","article_modified_time":"2024-08-13T16:17:17+00:00","og_image":[{"url":"https:\/\/calian.stage.tbkdev.com\/dev\/calian.com\/src\/app\/uploads\/sites\/3\/2023\/05\/iStock-1095985914-1024x666.jpg","type":"","width":"","height":""}],"twitter_card":"summary_large_image","twitter_site":"@CalianGroup","twitter_misc":{"Est. reading time":"3 minutes"},"schema":{"@context":"https:\/\/schema.org","@graph":[{"@type":"WebPage","@id":"https:\/\/calian.stage.tbkdev.com\/dev\/calian.com\/src\/careers\/fr-ca\/recherche-clinique\/","url":"https:\/\/calian.stage.tbkdev.com\/dev\/calian.com\/src\/careers\/fr-ca\/recherche-clinique\/","name":"Recherche clinique - Calian Careers","isPartOf":{"@id":"https:\/\/calian.stage.tbkdev.com\/dev\/calian.com\/src\/careers\/fr-ca\/#website"},"primaryImageOfPage":{"@id":"https:\/\/calian.stage.tbkdev.com\/dev\/calian.com\/src\/careers\/fr-ca\/recherche-clinique\/#primaryimage"},"image":{"@id":"https:\/\/calian.stage.tbkdev.com\/dev\/calian.com\/src\/careers\/fr-ca\/recherche-clinique\/#primaryimage"},"thumbnailUrl":"https:\/\/calian.stage.tbkdev.com\/dev\/calian.com\/src\/app\/uploads\/sites\/3\/2023\/05\/iStock-1095985914-1024x666.jpg","datePublished":"2023-05-16T20:57:50+00:00","dateModified":"2024-08-13T16:17:17+00:00","inLanguage":"fr-CA","potentialAction":[{"@type":"ReadAction","target":["https:\/\/calian.stage.tbkdev.com\/dev\/calian.com\/src\/careers\/fr-ca\/recherche-clinique\/"]}]},{"@type":"ImageObject","inLanguage":"fr-CA","@id":"https:\/\/calian.stage.tbkdev.com\/dev\/calian.com\/src\/careers\/fr-ca\/recherche-clinique\/#primaryimage","url":"https:\/\/calian.stage.tbkdev.com\/dev\/calian.com\/src\/app\/uploads\/sites\/3\/2023\/05\/iStock-1095985914-1024x666.jpg","contentUrl":"https:\/\/calian.stage.tbkdev.com\/dev\/calian.com\/src\/app\/uploads\/sites\/3\/2023\/05\/iStock-1095985914-1024x666.jpg"},{"@type":"WebSite","@id":"https:\/\/calian.stage.tbkdev.com\/dev\/calian.com\/src\/careers\/fr-ca\/#website","url":"https:\/\/calian.stage.tbkdev.com\/dev\/calian.com\/src\/careers\/fr-ca\/","name":"Calian Careers","description":"We are looking for world-class talent to help the world communicate, innovate, learn and lead safe and healthy lives.","publisher":{"@id":"https:\/\/calian.stage.tbkdev.com\/dev\/calian.com\/src\/careers\/fr-ca\/#organization"},"potentialAction":[{"@type":"SearchAction","target":{"@type":"EntryPoint","urlTemplate":"https:\/\/calian.stage.tbkdev.com\/dev\/calian.com\/src\/careers\/fr-ca\/?s={search_term_string}"},"query-input":{"@type":"PropertyValueSpecification","valueRequired":true,"valueName":"search_term_string"}}],"inLanguage":"fr-CA"},{"@type":"Organization","@id":"https:\/\/calian.stage.tbkdev.com\/dev\/calian.com\/src\/careers\/fr-ca\/#organization","name":"Calian Group","url":"https:\/\/calian.stage.tbkdev.com\/dev\/calian.com\/src\/careers\/fr-ca\/","logo":{"@type":"ImageObject","inLanguage":"fr-CA","@id":"https:\/\/calian.stage.tbkdev.com\/dev\/calian.com\/src\/careers\/fr-ca\/#\/schema\/logo\/image\/","url":"https:\/\/calian.stage.tbkdev.com\/dev\/calian.com\/src\/app\/uploads\/sites\/3\/2023\/06\/og-logo-calian.webp","contentUrl":"https:\/\/calian.stage.tbkdev.com\/dev\/calian.com\/src\/app\/uploads\/sites\/3\/2023\/06\/og-logo-calian.webp","width":1200,"height":630,"caption":"Calian Group"},"image":{"@id":"https:\/\/calian.stage.tbkdev.com\/dev\/calian.com\/src\/careers\/fr-ca\/#\/schema\/logo\/image\/"},"sameAs":["https:\/\/www.facebook.com\/CalianGroup\/","https:\/\/x.com\/CalianGroup"]}]}},"_links":{"self":[{"href":"https:\/\/calian.stage.tbkdev.com\/dev\/calian.com\/src\/careers\/fr-ca\/wp-json\/wp\/v2\/pages\/3720","targetHints":{"allow":["GET"]}}],"collection":[{"href":"https:\/\/calian.stage.tbkdev.com\/dev\/calian.com\/src\/careers\/fr-ca\/wp-json\/wp\/v2\/pages"}],"about":[{"href":"https:\/\/calian.stage.tbkdev.com\/dev\/calian.com\/src\/careers\/fr-ca\/wp-json\/wp\/v2\/types\/page"}],"author":[{"embeddable":true,"href":"https:\/\/calian.stage.tbkdev.com\/dev\/calian.com\/src\/careers\/fr-ca\/wp-json\/wp\/v2\/users\/5"}],"replies":[{"embeddable":true,"href":"https:\/\/calian.stage.tbkdev.com\/dev\/calian.com\/src\/careers\/fr-ca\/wp-json\/wp\/v2\/comments?post=3720"}],"version-history":[{"count":19,"href":"https:\/\/calian.stage.tbkdev.com\/dev\/calian.com\/src\/careers\/fr-ca\/wp-json\/wp\/v2\/pages\/3720\/revisions"}],"predecessor-version":[{"id":27001,"href":"https:\/\/calian.stage.tbkdev.com\/dev\/calian.com\/src\/careers\/fr-ca\/wp-json\/wp\/v2\/pages\/3720\/revisions\/27001"}],"wp:attachment":[{"href":"https:\/\/calian.stage.tbkdev.com\/dev\/calian.com\/src\/careers\/fr-ca\/wp-json\/wp\/v2\/media?parent=3720"}],"wp:term":[{"taxonomy":"solution","embeddable":true,"href":"https:\/\/calian.stage.tbkdev.com\/dev\/calian.com\/src\/careers\/fr-ca\/wp-json\/wp\/v2\/solution?post=3720"},{"taxonomy":"industry","embeddable":true,"href":"https:\/\/calian.stage.tbkdev.com\/dev\/calian.com\/src\/careers\/fr-ca\/wp-json\/wp\/v2\/industry?post=3720"},{"taxonomy":"type_classification","embeddable":true,"href":"https:\/\/calian.stage.tbkdev.com\/dev\/calian.com\/src\/careers\/fr-ca\/wp-json\/wp\/v2\/type_classification?post=3720"}],"curies":[{"name":"wp","href":"https:\/\/api.w.org\/{rel}","templated":true}]}}