{"id":3588,"date":"2023-03-30T20:18:08","date_gmt":"2023-03-31T00:18:08","guid":{"rendered":"https:\/\/calian.stage.tbkdev.com\/dev\/calian.com\/src\/careers\/la-defense\/"},"modified":"2024-02-20T11:34:05","modified_gmt":"2024-02-20T16:34:05","slug":"la-defense","status":"publish","type":"page","link":"https:\/\/calian.stage.tbkdev.com\/dev\/calian.com\/src\/careers\/fr-ca\/la-defense\/","title":{"rendered":"La d\u00e9fense"},"content":{"rendered":"\n<div class=\"tbk-hydrate-component\" data-cid=\"92714e47-b960-40ba-86a8-29e2e3116af4\" data-component=\"Hero\"><section class=\"calian-hero d-flex h-100 position-relative overflow-hidden nav-indent wp-block-calian-com-components-calian-hero media-position-split has-split-image pb-5 pb-lg-0 overlay-solid\"><div class=\"container\"><div class=\"row\"><div class=\"calian-hero__content d-flex col-lg flex-column pb-3 justify-content-center has-breadcrumbs text-left\"><div class=\"calian-hero__copy-wrapper\"><p class=\"h4 calian-hero__eyebrow\">D\u00e9fense Calian <\/p><h1 class=\"calian-hero__heading\">Participez \u00e0 des op\u00e9rations critiques<\/h1><div class=\"calian-hero__text mt-2\">Vous \u00eates inspir\u00e9 par le sens du devoir et la volont\u00e9 d&#8217;apporter un soutien concret \u00e0 la communaut\u00e9 de la d\u00e9fense ? En vous joignant \u00e0 l&#8217;\u00e9quipe de Calian, vous aiderez \u00e0 fournir des syst\u00e8mes et des solutions critiques pour les militaires au pays et \u00e0 l&#8217;\u00e9tranger. <\/div><\/div><div class=\"calian-hero__breadcrumbs mt-auto mb-0 pt-lg-4 pt-3 pb-lg-0 pb-md-3 pb-1\"><nav aria-label=\"breadcrumb\" class=\"breadcrumb-container\"><ol class=\"breadcrumb\"><li class=\"breadcrumb-item\"><a href=\"https:\/\/calian.stage.tbkdev.com\/dev\/calian.com\/src\/www\/fr\/\" class=\"breadcrumb-item-link\">Accueil<\/a><\/li><li class=\"breadcrumb-item\"><a href=\"https:\/\/calian.stage.tbkdev.com\/dev\/calian.com\/src\/www\/fr\/politique-daccessibilite\/\" class=\"breadcrumb-item-link\">Politique d&#8217;accessibilit\u00e9<\/a><\/li><li class=\"breadcrumb-item\" aria-current=\"page\">D\u00e9claration de confidentialit\u00e9<\/li><\/ol><\/nav><\/div><\/div><div class=\"calian-hero__media col-md w-100 h-100 pt-lg-5 mt-lg-3 media-style-split\"><div class=\"media-wrapper ps-lg-5 pb-3 pb-lg-0 ml-auto mr-0 w-100 h-100\"><div class=\"advanced-image w-100 h-100\"><img loading=\"lazy\" decoding=\"async\" src=\"https:\/\/calian.stage.tbkdev.com\/dev\/calian.com\/src\/app\/uploads\/sites\/3\/2023\/05\/iStock-156839970-1024x737.jpg\" alt=\"\" width=\"1024\" height=\"737\" class=\"calian-hero__image\"\/><\/div><\/div><\/div><\/div><\/div><div class=\"calian-hero__overlay overlay-solid position-absolute w-100 top-0 start-0 has-image\"><\/div><span><\/span><\/section><\/div>\n\n<div class=\"tbk-hydrate-component\" data-cid=\"96d94241-4623-476d-aa0f-85d944c1dead\" data-component=\"Spacer\"><div class=\"calian-spacer calian-spacer--small wp-block-calian-com-components-calian-spacer\"><\/div><\/div>\n\n<div class=\"tbk-hydrate-component\" data-cid=\"debeed18-69db-4c82-830a-0a5c9291b602\" data-component=\"StatsBar\"><div class=\"calian-stats-bar theme-dark\"><div class=\"container-fluid layout-simple\"><div class=\"row mw-1830px mx-auto\"><div class=\"col-12 col-sm col-lg\"><div class=\"stat\"><span class=\"stat-count\"><span class=\"stat-count__number fs-4 fw-bolder ls-0\">30<\/span> <span class=\"stat-count__suffix fs-4 fw-bolder ls-0\">+<\/span><\/span> <span class=\"stat-text fs-4 fw-light ls-0 lh-1\">centres de formation mondiaux<\/span><\/div><\/div><div class=\"col-12 col-sm col-lg\"><div class=\"stat\"><span class=\"stat-count\"><span class=\"stat-count__number fs-4 fw-bolder ls-0\">200<\/span> <span class=\"stat-count__suffix fs-4 fw-bolder ls-0\">K +<\/span><\/span> <span class=\"stat-text fs-4 fw-light ls-0 lh-1\">personnel form\u00e9 au Canada<\/span><\/div><\/div><div class=\"col-12 col-sm col-lg\"><div class=\"stat\"><span class=\"stat-count\"><span class=\"stat-count__number fs-4 fw-bolder ls-0\">45<\/span> <span class=\"stat-count__suffix fs-4 fw-bolder ls-0\">K+<\/span><\/span> <span class=\"stat-text fs-4 fw-light ls-0 lh-1\">personnel form\u00e9 dans les pays membres de l&#8217;OTAN\/OTAN<\/span><\/div><\/div><\/div><\/div><\/div><\/div>\n\n<div class=\"tbk-hydrate-component\" data-cid=\"fb3a96d9-cb7e-4523-a470-892e096e40ee\" data-component=\"Spacer\"><div class=\"calian-spacer calian-spacer--medium wp-block-calian-com-components-calian-spacer\"><\/div><\/div>\n\n<div class=\"tbk-hydrate-component\" data-cid=\"31d15586-4fab-45a7-8f7e-56a75ae0e4aa\" data-component=\"AlternatingTextAndImages\"><div class=\"calian-alternating-text-and-images overflow-hidden wp-block-calian-com-components-calian-alternating-text-and-images\"><div class=\"calian-alternating-text-and-images__container container-fluid\"><div class=\"\"><div class=\"row gx-md-6 justify-content-lg-start justify-content-lg-start mb-3 mb-md-9\"><div class=\"col-12 col-md mb-3\"><img loading=\"lazy\" decoding=\"async\" src=\"https:\/\/calian.stage.tbkdev.com\/dev\/calian.com\/src\/app\/uploads\/sites\/3\/2023\/05\/Desktop-Operator.jpg\" alt=\"\" width=\"800\" height=\"800\" class=\"rounded-5 img-fluid w-100 h-250px h-md-373px object-fit-cover\"\/><\/div><div class=\"col-12 col-md\"><h3>\u00c0 propos de Calian D\u00e9fense<\/h3><div class=\"calian-alternating-text-and-images__text mb-3\">Calian Defence a des d\u00e9cennies d&#8217;exp\u00e9rience dans la prestation de formations militaires, de services de sant\u00e9 et de solutions mat\u00e9rielles et logicielles pour que les militaires soient pr\u00eats pour les missions. Nous offrons des emplois aux v\u00e9t\u00e9rans canadiens, aux conjoints de militaires et \u00e0 d&#8217;autres personnes qui souhaitent soutenir les op\u00e9rations de d\u00e9fense.<br\/>\n\n<ul>\n  <li>Fabrication et ing\u00e9nierie de d\u00e9fense<\/li>\n  <li>Communications et connectivit\u00e9 de la d\u00e9fense<\/li>\n  <li>Cyberd\u00e9fense<\/li>\n  <li>Formation et simulation militaires<\/li>\n  <li>Services de sant\u00e9 pour le personnel militaire<\/li>\n<\/ul><\/div><div class=\"calian-alternating-text-and-images__ctas mb-3 d-flex flex-wrap gap-3\"><\/div><\/div><\/div><div class=\"row gx-md-6 justify-content-lg-start flex-row-reverse justify-content-lg-between\"><div class=\"col-12 col-md mb-3\"><img loading=\"lazy\" decoding=\"async\" src=\"https:\/\/calian.stage.tbkdev.com\/dev\/calian.com\/src\/app\/uploads\/sites\/3\/2023\/03\/Screen-Shot-2023-03-30-at-1.00.36-PM.png\" alt=\"\" width=\"361\" height=\"272\" class=\"rounded-5 img-fluid w-100 h-250px h-md-373px object-fit-cover\"\/><\/div><div class=\"col-12 col-md\"><h3>Trouvez votre vocation chez Calian<\/h3><div class=\"calian-alternating-text-and-images__text mb-3\"><strong>40+<\/strong> ans d&#8217;emploi des meilleurs talents du monde\n<p>Avec son si\u00e8ge social \u00e0 Ottawa, en Ontario, au Canada, Calian poss\u00e8de des bureaux et des projets dans les march\u00e9s nord-am\u00e9ricains, europ\u00e9ens et internationaux. Nous offrons une culture d&#8217;entreprise positive et un environnement de travail stimulant, guid\u00e9s par un fort engagement envers la diversit\u00e9, l&#8217;\u00e9quit\u00e9, l&#8217;inclusion et le sentiment d&#8217;appartenance.<br\/>\n<br\/>\nNotre succ\u00e8s est d\u00fb \u00e0 notre personnel talentueux et d\u00e9vou\u00e9, compos\u00e9 de 4 500 personnes \u00e0 travers le monde, dont 3 100 sont des employ\u00e9s et environ 1 400 sont des contractuels. <\/p><\/div><div class=\"calian-alternating-text-and-images__ctas mb-3 d-flex flex-wrap gap-3\"><\/div><\/div><\/div><\/div><\/div><\/div><\/div>\n\n<div class=\"tbk-hydrate-component\" data-cid=\"fb3a96d9-cb7e-4523-a470-892e096e40ee\" data-component=\"Spacer\"><div class=\"calian-spacer calian-spacer--medium wp-block-calian-com-components-calian-spacer\"><\/div><\/div>\n\n<div class=\"tbk-hydrate-component\" data-cid=\"81644205-7355-4054-844c-7309bcb5c9fa\" data-component=\"VerticalTextGalleryFeature\"><div class=\"calian-vertical-text-gallery-feature overflow-hidden theme-light \"><div class=\"calian-vertical-text-gallery-feature__container container-fluid\"><div class=\"calian-vertical-text-gallery-feature__top-content row\"><div class=\"calian-vertical-text-gallery-feature__top-content--left col-12 col-lg-6\"><h2 class=\"calian-vertical-text-gallery-feature__heading\">Formation militaire et cyberd\u00e9fense<\/h2><div class=\"calian-vertical-text-gallery-feature__description\">Travaillant avec les Forces arm\u00e9es canadiennes et l&#8217;OTAN, l&#8217;\u00e9quipe de Calian comprend l&#8217;infrastructure cl\u00e9 des r\u00e9seaux de d\u00e9fense, des syst\u00e8mes de communication et de l&#8217;\u00e9quipement militaire.<br\/>\n<br\/>\nNotre personnel et nos solutions innovantes contribuent \u00e0 r\u00e9soudre les probl\u00e8mes complexes de cybers\u00e9curit\u00e9 auxquels sont confront\u00e9es les arm\u00e9es du monde entier.<\/div><\/div><div class=\"calian-vertical-text-gallery-feature__top-content--right col-12 col-lg-6\"><div class=\"calian-vertical-text-gallery-feature__quote\"><p>Ce qui motive cette entreprise au quotidien, c&#8217;est l&#8217;\u00e9quipe talentueuse qui fournit nos produits et solutions innovants. Nous nous engageons \u00e0 nous am\u00e9liorer continuellement et \u00e0 fournir une qualit\u00e9 exceptionnelle. Je ne pourrais \u00eatre plus fier du talent impressionnant et du d\u00e9vouement de l&#8217;\u00e9quipe de Calian.<\/p><span class=\"calian-vertical-text-gallery-feature__quote-author d-block pt-2 ps-4 ps-sm-0 fs-5\">Kevin Ford, pr\u00e9sident et directeur g\u00e9n\u00e9ral (PDG)<\/span><\/div><\/div><\/div><div class=\"row\"><div class=\"col-12\"><div class=\"calian-vertical-text-gallery-feature__image-container\"><div class=\"calian-vertical-text-gallery-feature__image-one\"><img loading=\"lazy\" decoding=\"async\" src=\"https:\/\/calian.stage.tbkdev.com\/dev\/calian.com\/src\/app\/uploads\/sites\/3\/2023\/04\/Training-Solutions.jpeg\" alt=\"\" width=\"800\" height=\"800\" class=\"img-fluid\"\/><\/div><div class=\"calian-vertical-text-gallery-feature__image-two\"><img loading=\"lazy\" decoding=\"async\" src=\"https:\/\/calian.stage.tbkdev.com\/dev\/calian.com\/src\/app\/uploads\/sites\/3\/2023\/04\/Cyber-Defence.jpeg\" alt=\"\" width=\"800\" height=\"800\" class=\"img-fluid\"\/><\/div><div class=\"calian-vertical-text-gallery-feature__image-three\"><img loading=\"lazy\" decoding=\"async\" src=\"https:\/\/calian.stage.tbkdev.com\/dev\/calian.com\/src\/app\/uploads\/sites\/3\/2023\/04\/Distributed-Next-Generation-Simulation-and-Training-Delivery.jpeg\" alt=\"\" width=\"800\" height=\"800\" class=\"img-fluid\"\/><\/div><\/div><\/div><\/div><\/div><\/div><\/div>\n\n<div class=\"tbk-hydrate-component\" data-cid=\"fb3a96d9-cb7e-4523-a470-892e096e40ee\" data-component=\"Spacer\"><div class=\"calian-spacer calian-spacer--medium wp-block-calian-com-components-calian-spacer\"><\/div><\/div>\n\n<div class=\"tbk-hydrate-component\" data-cid=\"b907fbc5-4cac-43f5-a5a3-821dde641c19\" data-component=\"CareersLocationFooter\"><div><div class=\"d-flex justify-content-center p-1\"><div class=\"spinner-border text-primary \" role=\"status\" style=\"width:3rem;height:3rem\"><span class=\"visually-hidden\">Chargement&#8230;<\/span><\/div><\/div><\/div><\/div>\n","protected":false},"excerpt":{"rendered":"<p class=\"h4 calian-hero__eyebrow\"> D\u00e9fense Calian <\/p>\n<p> Participez \u00e0 des op\u00e9rations critiques Vous \u00eates inspir\u00e9 par le sens du devoir et la volont\u00e9 d&#8217;apporter un soutien concret \u00e0 la communaut\u00e9 de la d\u00e9fense ? En vous joignant \u00e0 l&#8217;\u00e9quipe de Calian, vous aiderez \u00e0 fournir des syst\u00e8mes et des solutions critiques pour les militaires au pays et \u00e0 l&#8217;\u00e9tranger. <\/p>\n<li class=\"breadcrumb-item\"> &hellip;<\/li>\n","protected":false},"author":5,"featured_media":0,"parent":0,"menu_order":0,"comment_status":"closed","ping_status":"closed","template":"","meta":{"_acf_changed":false,"content-type":"","footnotes":""},"solution":[],"industry":[],"type_classification":[],"class_list":["post-3588","page","type-page","status-publish","hentry"],"acf":[],"yoast_head":"<!-- This site is optimized with the Yoast SEO plugin v26.4 - https:\/\/yoast.com\/wordpress\/plugins\/seo\/ -->\n<title>La d\u00e9fense - Calian Careers<\/title>\n<meta name=\"robots\" content=\"noindex, follow, max-snippet:-1, max-image-preview:large, max-video-preview:-1\" \/>\n<meta property=\"og:locale\" content=\"fr_CA\" \/>\n<meta property=\"og:type\" content=\"article\" \/>\n<meta property=\"og:title\" content=\"La d\u00e9fense - Calian Careers\" \/>\n<meta property=\"og:description\" content=\"D\u00e9fense Calian Participez \u00e0 des op\u00e9rations critiques Vous \u00eates inspir\u00e9 par le sens du devoir et la volont\u00e9 d&#8217;apporter un soutien concret \u00e0 la communaut\u00e9 de la d\u00e9fense ? En vous joignant \u00e0 l&#8217;\u00e9quipe de Calian, vous aiderez \u00e0 fournir des syst\u00e8mes et des solutions critiques pour les militaires au pays et \u00e0 l&#8217;\u00e9tranger. &hellip;\" \/>\n<meta property=\"og:url\" content=\"https:\/\/calian.stage.tbkdev.com\/dev\/calian.com\/src\/careers\/fr-ca\/la-defense\/\" \/>\n<meta property=\"og:site_name\" content=\"Calian Careers\" \/>\n<meta property=\"article:publisher\" content=\"https:\/\/www.facebook.com\/CalianGroup\/\" \/>\n<meta property=\"article:modified_time\" content=\"2024-02-20T16:34:05+00:00\" \/>\n<meta property=\"og:image\" content=\"https:\/\/calian.stage.tbkdev.com\/dev\/calian.com\/src\/app\/uploads\/sites\/3\/2023\/05\/iStock-156839970-1024x737.jpg\" \/>\n<meta name=\"twitter:card\" content=\"summary_large_image\" \/>\n<meta name=\"twitter:site\" content=\"@CalianGroup\" \/>\n<meta name=\"twitter:label1\" content=\"Est. reading time\" \/>\n\t<meta name=\"twitter:data1\" content=\"3 minutes\" \/>\n<script type=\"application\/ld+json\" class=\"yoast-schema-graph\">{\"@context\":\"https:\/\/schema.org\",\"@graph\":[{\"@type\":\"WebPage\",\"@id\":\"https:\/\/calian.stage.tbkdev.com\/dev\/calian.com\/src\/careers\/fr-ca\/la-defense\/\",\"url\":\"https:\/\/calian.stage.tbkdev.com\/dev\/calian.com\/src\/careers\/fr-ca\/la-defense\/\",\"name\":\"La d\u00e9fense - Calian Careers\",\"isPartOf\":{\"@id\":\"https:\/\/calian.stage.tbkdev.com\/dev\/calian.com\/src\/careers\/fr-ca\/#website\"},\"primaryImageOfPage\":{\"@id\":\"https:\/\/calian.stage.tbkdev.com\/dev\/calian.com\/src\/careers\/fr-ca\/la-defense\/#primaryimage\"},\"image\":{\"@id\":\"https:\/\/calian.stage.tbkdev.com\/dev\/calian.com\/src\/careers\/fr-ca\/la-defense\/#primaryimage\"},\"thumbnailUrl\":\"https:\/\/calian.stage.tbkdev.com\/dev\/calian.com\/src\/app\/uploads\/sites\/3\/2023\/05\/iStock-156839970-1024x737.jpg\",\"datePublished\":\"2023-03-31T00:18:08+00:00\",\"dateModified\":\"2024-02-20T16:34:05+00:00\",\"inLanguage\":\"fr-CA\",\"potentialAction\":[{\"@type\":\"ReadAction\",\"target\":[\"https:\/\/calian.stage.tbkdev.com\/dev\/calian.com\/src\/careers\/fr-ca\/la-defense\/\"]}]},{\"@type\":\"ImageObject\",\"inLanguage\":\"fr-CA\",\"@id\":\"https:\/\/calian.stage.tbkdev.com\/dev\/calian.com\/src\/careers\/fr-ca\/la-defense\/#primaryimage\",\"url\":\"https:\/\/calian.stage.tbkdev.com\/dev\/calian.com\/src\/app\/uploads\/sites\/3\/2023\/05\/iStock-156839970-1024x737.jpg\",\"contentUrl\":\"https:\/\/calian.stage.tbkdev.com\/dev\/calian.com\/src\/app\/uploads\/sites\/3\/2023\/05\/iStock-156839970-1024x737.jpg\"},{\"@type\":\"WebSite\",\"@id\":\"https:\/\/calian.stage.tbkdev.com\/dev\/calian.com\/src\/careers\/fr-ca\/#website\",\"url\":\"https:\/\/calian.stage.tbkdev.com\/dev\/calian.com\/src\/careers\/fr-ca\/\",\"name\":\"Calian Careers\",\"description\":\"We are looking for world-class talent to help the world communicate, innovate, learn and lead safe and healthy lives.\",\"publisher\":{\"@id\":\"https:\/\/calian.stage.tbkdev.com\/dev\/calian.com\/src\/careers\/fr-ca\/#organization\"},\"potentialAction\":[{\"@type\":\"SearchAction\",\"target\":{\"@type\":\"EntryPoint\",\"urlTemplate\":\"https:\/\/calian.stage.tbkdev.com\/dev\/calian.com\/src\/careers\/fr-ca\/?s={search_term_string}\"},\"query-input\":{\"@type\":\"PropertyValueSpecification\",\"valueRequired\":true,\"valueName\":\"search_term_string\"}}],\"inLanguage\":\"fr-CA\"},{\"@type\":\"Organization\",\"@id\":\"https:\/\/calian.stage.tbkdev.com\/dev\/calian.com\/src\/careers\/fr-ca\/#organization\",\"name\":\"Calian Group\",\"url\":\"https:\/\/calian.stage.tbkdev.com\/dev\/calian.com\/src\/careers\/fr-ca\/\",\"logo\":{\"@type\":\"ImageObject\",\"inLanguage\":\"fr-CA\",\"@id\":\"https:\/\/calian.stage.tbkdev.com\/dev\/calian.com\/src\/careers\/fr-ca\/#\/schema\/logo\/image\/\",\"url\":\"https:\/\/calian.stage.tbkdev.com\/dev\/calian.com\/src\/app\/uploads\/sites\/3\/2023\/06\/og-logo-calian.webp\",\"contentUrl\":\"https:\/\/calian.stage.tbkdev.com\/dev\/calian.com\/src\/app\/uploads\/sites\/3\/2023\/06\/og-logo-calian.webp\",\"width\":1200,\"height\":630,\"caption\":\"Calian Group\"},\"image\":{\"@id\":\"https:\/\/calian.stage.tbkdev.com\/dev\/calian.com\/src\/careers\/fr-ca\/#\/schema\/logo\/image\/\"},\"sameAs\":[\"https:\/\/www.facebook.com\/CalianGroup\/\",\"https:\/\/x.com\/CalianGroup\"]}]}<\/script>\n<!-- \/ Yoast SEO plugin. -->","yoast_head_json":{"title":"La d\u00e9fense - Calian Careers","robots":{"index":"noindex","follow":"follow","max-snippet":"max-snippet:-1","max-image-preview":"max-image-preview:large","max-video-preview":"max-video-preview:-1"},"og_locale":"fr_CA","og_type":"article","og_title":"La d\u00e9fense - Calian Careers","og_description":"D\u00e9fense Calian Participez \u00e0 des op\u00e9rations critiques Vous \u00eates inspir\u00e9 par le sens du devoir et la volont\u00e9 d&#8217;apporter un soutien concret \u00e0 la communaut\u00e9 de la d\u00e9fense ? En vous joignant \u00e0 l&#8217;\u00e9quipe de Calian, vous aiderez \u00e0 fournir des syst\u00e8mes et des solutions critiques pour les militaires au pays et \u00e0 l&#8217;\u00e9tranger. &hellip;","og_url":"https:\/\/calian.stage.tbkdev.com\/dev\/calian.com\/src\/careers\/fr-ca\/la-defense\/","og_site_name":"Calian Careers","article_publisher":"https:\/\/www.facebook.com\/CalianGroup\/","article_modified_time":"2024-02-20T16:34:05+00:00","og_image":[{"url":"https:\/\/calian.stage.tbkdev.com\/dev\/calian.com\/src\/app\/uploads\/sites\/3\/2023\/05\/iStock-156839970-1024x737.jpg","type":"","width":"","height":""}],"twitter_card":"summary_large_image","twitter_site":"@CalianGroup","twitter_misc":{"Est. reading time":"3 minutes"},"schema":{"@context":"https:\/\/schema.org","@graph":[{"@type":"WebPage","@id":"https:\/\/calian.stage.tbkdev.com\/dev\/calian.com\/src\/careers\/fr-ca\/la-defense\/","url":"https:\/\/calian.stage.tbkdev.com\/dev\/calian.com\/src\/careers\/fr-ca\/la-defense\/","name":"La d\u00e9fense - Calian Careers","isPartOf":{"@id":"https:\/\/calian.stage.tbkdev.com\/dev\/calian.com\/src\/careers\/fr-ca\/#website"},"primaryImageOfPage":{"@id":"https:\/\/calian.stage.tbkdev.com\/dev\/calian.com\/src\/careers\/fr-ca\/la-defense\/#primaryimage"},"image":{"@id":"https:\/\/calian.stage.tbkdev.com\/dev\/calian.com\/src\/careers\/fr-ca\/la-defense\/#primaryimage"},"thumbnailUrl":"https:\/\/calian.stage.tbkdev.com\/dev\/calian.com\/src\/app\/uploads\/sites\/3\/2023\/05\/iStock-156839970-1024x737.jpg","datePublished":"2023-03-31T00:18:08+00:00","dateModified":"2024-02-20T16:34:05+00:00","inLanguage":"fr-CA","potentialAction":[{"@type":"ReadAction","target":["https:\/\/calian.stage.tbkdev.com\/dev\/calian.com\/src\/careers\/fr-ca\/la-defense\/"]}]},{"@type":"ImageObject","inLanguage":"fr-CA","@id":"https:\/\/calian.stage.tbkdev.com\/dev\/calian.com\/src\/careers\/fr-ca\/la-defense\/#primaryimage","url":"https:\/\/calian.stage.tbkdev.com\/dev\/calian.com\/src\/app\/uploads\/sites\/3\/2023\/05\/iStock-156839970-1024x737.jpg","contentUrl":"https:\/\/calian.stage.tbkdev.com\/dev\/calian.com\/src\/app\/uploads\/sites\/3\/2023\/05\/iStock-156839970-1024x737.jpg"},{"@type":"WebSite","@id":"https:\/\/calian.stage.tbkdev.com\/dev\/calian.com\/src\/careers\/fr-ca\/#website","url":"https:\/\/calian.stage.tbkdev.com\/dev\/calian.com\/src\/careers\/fr-ca\/","name":"Calian Careers","description":"We are looking for world-class talent to help the world communicate, innovate, learn and lead safe and healthy lives.","publisher":{"@id":"https:\/\/calian.stage.tbkdev.com\/dev\/calian.com\/src\/careers\/fr-ca\/#organization"},"potentialAction":[{"@type":"SearchAction","target":{"@type":"EntryPoint","urlTemplate":"https:\/\/calian.stage.tbkdev.com\/dev\/calian.com\/src\/careers\/fr-ca\/?s={search_term_string}"},"query-input":{"@type":"PropertyValueSpecification","valueRequired":true,"valueName":"search_term_string"}}],"inLanguage":"fr-CA"},{"@type":"Organization","@id":"https:\/\/calian.stage.tbkdev.com\/dev\/calian.com\/src\/careers\/fr-ca\/#organization","name":"Calian Group","url":"https:\/\/calian.stage.tbkdev.com\/dev\/calian.com\/src\/careers\/fr-ca\/","logo":{"@type":"ImageObject","inLanguage":"fr-CA","@id":"https:\/\/calian.stage.tbkdev.com\/dev\/calian.com\/src\/careers\/fr-ca\/#\/schema\/logo\/image\/","url":"https:\/\/calian.stage.tbkdev.com\/dev\/calian.com\/src\/app\/uploads\/sites\/3\/2023\/06\/og-logo-calian.webp","contentUrl":"https:\/\/calian.stage.tbkdev.com\/dev\/calian.com\/src\/app\/uploads\/sites\/3\/2023\/06\/og-logo-calian.webp","width":1200,"height":630,"caption":"Calian Group"},"image":{"@id":"https:\/\/calian.stage.tbkdev.com\/dev\/calian.com\/src\/careers\/fr-ca\/#\/schema\/logo\/image\/"},"sameAs":["https:\/\/www.facebook.com\/CalianGroup\/","https:\/\/x.com\/CalianGroup"]}]}},"_links":{"self":[{"href":"https:\/\/calian.stage.tbkdev.com\/dev\/calian.com\/src\/careers\/fr-ca\/wp-json\/wp\/v2\/pages\/3588","targetHints":{"allow":["GET"]}}],"collection":[{"href":"https:\/\/calian.stage.tbkdev.com\/dev\/calian.com\/src\/careers\/fr-ca\/wp-json\/wp\/v2\/pages"}],"about":[{"href":"https:\/\/calian.stage.tbkdev.com\/dev\/calian.com\/src\/careers\/fr-ca\/wp-json\/wp\/v2\/types\/page"}],"author":[{"embeddable":true,"href":"https:\/\/calian.stage.tbkdev.com\/dev\/calian.com\/src\/careers\/fr-ca\/wp-json\/wp\/v2\/users\/5"}],"replies":[{"embeddable":true,"href":"https:\/\/calian.stage.tbkdev.com\/dev\/calian.com\/src\/careers\/fr-ca\/wp-json\/wp\/v2\/comments?post=3588"}],"version-history":[{"count":11,"href":"https:\/\/calian.stage.tbkdev.com\/dev\/calian.com\/src\/careers\/fr-ca\/wp-json\/wp\/v2\/pages\/3588\/revisions"}],"predecessor-version":[{"id":18489,"href":"https:\/\/calian.stage.tbkdev.com\/dev\/calian.com\/src\/careers\/fr-ca\/wp-json\/wp\/v2\/pages\/3588\/revisions\/18489"}],"wp:attachment":[{"href":"https:\/\/calian.stage.tbkdev.com\/dev\/calian.com\/src\/careers\/fr-ca\/wp-json\/wp\/v2\/media?parent=3588"}],"wp:term":[{"taxonomy":"solution","embeddable":true,"href":"https:\/\/calian.stage.tbkdev.com\/dev\/calian.com\/src\/careers\/fr-ca\/wp-json\/wp\/v2\/solution?post=3588"},{"taxonomy":"industry","embeddable":true,"href":"https:\/\/calian.stage.tbkdev.com\/dev\/calian.com\/src\/careers\/fr-ca\/wp-json\/wp\/v2\/industry?post=3588"},{"taxonomy":"type_classification","embeddable":true,"href":"https:\/\/calian.stage.tbkdev.com\/dev\/calian.com\/src\/careers\/fr-ca\/wp-json\/wp\/v2\/type_classification?post=3588"}],"curies":[{"name":"wp","href":"https:\/\/api.w.org\/{rel}","templated":true}]}}