{"id":3567,"date":"2023-04-30T23:02:12","date_gmt":"2023-05-01T03:02:12","guid":{"rendered":"https:\/\/calian.stage.tbkdev.com\/dev\/calian.com\/src\/careers\/veterans-et-conjoints-de-militaires\/"},"modified":"2024-01-17T20:58:12","modified_gmt":"2024-01-18T01:58:12","slug":"veterans-et-conjoints-de-militaires","status":"publish","type":"page","link":"https:\/\/calian.stage.tbkdev.com\/dev\/calian.com\/src\/careers\/fr-ca\/veterans-et-conjoints-de-militaires\/","title":{"rendered":"Anciens combattants et conjoint(e)s de militaires"},"content":{"rendered":"\n<div class=\"tbk-hydrate-component\" data-cid=\"5ff797f1-7624-4e05-9f4c-0b84f15900c0\" data-component=\"Hero\"><section class=\"calian-hero d-flex h-100 position-relative overflow-hidden nav-indent wp-block-calian-com-components-calian-hero media-position-wallpaper overlay-themed\"><div class=\"container\"><div class=\"row\"><div class=\"calian-hero__content d-flex col-lg flex-column pb-3 justify-content-center h-100 has-breadcrumbs text-left\"><div class=\"calian-hero__copy-wrapper\"><p class=\"h4 calian-hero__eyebrow text-white\">Opportunit\u00e9s de carri\u00e8re passionnantes pour les<\/p><h1 class=\"calian-hero__heading text-white\">Anciens combattants et conjoint(e)s de militaires<\/h1><div class=\"calian-hero__text text-white mt-2 mb-4\"><br\/><\/div><a href=\"#calian-career-group\" class=\"btn btn-light mb-4 mt-3\">Voir les offres d&#8217;emploi<\/a><\/div><div class=\"calian-hero__breadcrumbs mt-auto mb-0 pt-5 text-white\"><nav aria-label=\"breadcrumb\" class=\"breadcrumb-container\"><ol class=\"breadcrumb\"><li class=\"breadcrumb-item\"><a href=\"https:\/\/calian.stage.tbkdev.com\/dev\/calian.com\/src\/www\/fr\/\" class=\"breadcrumb-item-link\">Accueil<\/a><\/li><li class=\"breadcrumb-item\"><a href=\"https:\/\/calian.stage.tbkdev.com\/dev\/calian.com\/src\/www\/fr\/\" class=\"breadcrumb-item-link\">Unit\u00e9 d&#8217;affaires<\/a><\/li><li class=\"breadcrumb-item\" aria-current=\"page\">Titre de la page<\/li><\/ol><\/nav><\/div><\/div><div class=\"calian-hero__media col-md w-100 h-100 media-style-wallpaper position-absolute opacity-25 top-0 start-0 p-0\"><div class=\"media-wrapper ml-auto mr-0 w-100 h-100\"><div class=\"advanced-image w-100 h-100\"><img loading=\"lazy\" decoding=\"async\" src=\"https:\/\/calian.stage.tbkdev.com\/dev\/calian.com\/src\/app\/uploads\/sites\/3\/2023\/04\/Hiring-Military-Spouses.jpeg\" alt=\"\" width=\"800\" height=\"800\" class=\"calian-hero__image\"\/><\/div><\/div><\/div><\/div><\/div><div class=\"calian-hero__overlay overlay-themed position-absolute w-100 h-100 top-0 start-0 has-image\"><\/div><span><\/span><\/section><\/div>\n\n<div class=\"tbk-hydrate-component\" data-cid=\"931fd646-c19a-48ce-a34d-5a1bdd0786dc\" data-component=\"Spacer\"><div class=\"calian-spacer calian-spacer--medium wp-block-calian-com-components-calian-spacer\"><\/div><\/div>\n\n<div class=\"tbk-hydrate-component\" data-cid=\"17d373e2-d334-4c95-bbbd-96945fc7a84f\" data-component=\"LocationIntroContent\"><div class=\"calian-location-intro-content wp-block-calian-com-components-calian-location-intro-content\"><div class=\"calian-location-intro-content__container container-fluid\"><div class=\"row\"><div class=\"calian-location-intro-content__top col-12\"><h2 class=\"calian-location-intro-content__heading\">Nous embauchons des anciens combattants et des conjoint(e)s de militaires pour des emplois dans la D\u00e9fense<\/h2><p class=\"calian-location-intro-content__intro-text\">Calian offre une vaste gamme de services et de solutions pour le minist\u00e8re de la D\u00e9fense nationale du Canada.<\/p><\/div><\/div><div class=\"row\"><div class=\"calian-location-intro-content__column col-12 col-lg-4\"><h3 class=\"calian-location-intro-content__column-heading\">Acc\u00e9der \u00e0 des opportunit\u00e9s d&#8217;emploi \u00e0 forte valeur ajout\u00e9e<\/h3><div class=\"calian-location-intro-content__column-content\">En plus de veiller \u00e0 la sant\u00e9 et \u00e0 la pr\u00e9paration op\u00e9rationnelle du personnel militaire en service actif, nous aidons les conjoint(e)s de militaires, les membres de la famille et les v\u00e9t\u00e9rans \u00e0 acc\u00e9der \u00e0 des opportunit\u00e9s d\u2019emploi \u00e0 forte valeur ajout\u00e9e. L\u2019expertise des anciens combattants apporte une exp\u00e9rience et une perspective pr\u00e9cieuses \u00e0 nos solutions, et l\u2019embauche de conjoint(e)s de militaires est l\u2019un des moyens par lesquels nous soutenons les familles militaires.<\/div><\/div><div class=\"calian-location-intro-content__column col-12 col-lg-4\"><h3 class=\"calian-location-intro-content__column-heading\">Employeur de choix pour les anciens combattants du Canada et les conjoint(e)s de militaires<\/h3><div class=\"calian-location-intro-content__column-content\">Calian embauche plus de 100 anciens combattants par an et a \u00e9t\u00e9 reconnue comme un employeur de choix pour les anciens combattants du Canada et les conjoint(e)s de militaires. Les anciens combattants occupent de nombreux postes diff\u00e9rents chez Calian, apportant souvent des d\u00e9cennies d\u2019exp\u00e9rience \u00e0 nos solutions. <\/div><\/div><\/div><\/div><\/div><\/div>\n\n<div class=\"tbk-hydrate-component\" data-cid=\"931fd646-c19a-48ce-a34d-5a1bdd0786dc\" data-component=\"Spacer\"><div class=\"calian-spacer calian-spacer--medium wp-block-calian-com-components-calian-spacer\"><\/div><\/div>\n\n<div class=\"tbk-hydrate-component\" data-cid=\"169de545-5f53-4a27-8e20-c8b6b81a02f4\" data-component=\"StatsBar\"><div class=\"calian-stats-bar theme-dark\"><div class=\"container-fluid layout-simple\"><div class=\"row mw-1830px mx-auto\"><div class=\"col-12 col-sm col-lg\"><div class=\"stat\"><span class=\"stat-count\"><span class=\"stat-count__number fs-4 fw-bolder ls-0\">100<\/span> <span class=\"stat-count__suffix fs-4 fw-bolder ls-0\">+<\/span><\/span> <span class=\"stat-text fs-4 fw-light ls-0 lh-1\">anciens combattants sont embauch\u00e9s chaque ann\u00e9e<\/span><\/div><\/div><div class=\"col-12 col-sm col-lg\"><div class=\"stat\"><span class=\"stat-count\"><span class=\"stat-count__number fs-4 fw-bolder ls-0\">120<\/span> <span class=\"stat-count__suffix fs-4 fw-bolder ls-0\">+<\/span><\/span> <span class=\"stat-text fs-4 fw-light ls-0 lh-1\">conjoint(e)s de militaires sont embauch\u00e9s<\/span><\/div><\/div><div class=\"col-12 col-sm col-lg\"><div class=\"stat\"><span class=\"stat-count\"><span class=\"stat-count__number fs-4 fw-bolder ls-0\">35<\/span> <span class=\"stat-count__suffix fs-4 fw-bolder ls-0\">+<\/span><\/span> <span class=\"stat-text fs-4 fw-light ls-0 lh-1\">\u00e9tablissements pour les services de sant\u00e9 au Canada<\/span><\/div><\/div><\/div><\/div><\/div><\/div>\n\n<div class=\"tbk-hydrate-component\" data-cid=\"931fd646-c19a-48ce-a34d-5a1bdd0786dc\" data-component=\"Spacer\"><div class=\"calian-spacer calian-spacer--medium wp-block-calian-com-components-calian-spacer\"><\/div><\/div>\n\n<div class=\"tbk-hydrate-component\" data-cid=\"49f671f0-4de1-4c08-be26-65ea66992fe3\" data-component=\"AlternatingTextAndImages\"><div class=\"calian-alternating-text-and-images overflow-hidden wp-block-calian-com-components-calian-alternating-text-and-images\"><div class=\"calian-alternating-text-and-images__container container-fluid\"><div class=\"\"><div class=\"row gx-md-6 justify-content-lg-start justify-content-lg-start mb-3 mb-md-9\"><div class=\"col-12 col-md mb-3\"><img loading=\"lazy\" decoding=\"async\" src=\"https:\/\/calian.stage.tbkdev.com\/dev\/calian.com\/src\/app\/uploads\/sites\/3\/2023\/04\/Synthetic-Training-Environments.jpeg\" alt=\"\" width=\"800\" height=\"800\" class=\"rounded-5 img-fluid w-100 h-250px h-md-373px object-fit-cover\"\/><\/div><div class=\"col-12 col-md\"><h3>Solutions de formation en d\u00e9fense <\/h3><div class=\"calian-alternating-text-and-images__text mb-3\">Pour nos solutions de formation en d\u00e9fense en particulier, les v\u00e9t\u00e9rans sont essentiels \u00e0 notre succ\u00e8s, apportant des connaissances techniques et sectorielles ainsi qu&#8217;une compr\u00e9hension de l&#8217;importance de la formation et de la pr\u00e9paration op\u00e9rationnelle. Calian recrute des v\u00e9t\u00e9rans militaires poss\u00e9dant des connaissances techniques dans les domaines suivants :\n<ul>\n  <li>A\u00e9rospatiale<\/li>\n  <li>\u00c9lectronique<\/li>\n  <li>Cybers\u00e9curit\u00e9<\/li>\n  <li>Mod\u00e9lisation et simulation<\/li>\n  <li>Ing\u00e9nierie <\/li>\n  <li>Et bien d\u2019autres encore<\/li>\n<\/ul><\/div><div class=\"calian-alternating-text-and-images__ctas mb-3 d-flex flex-wrap gap-3\"><\/div><\/div><\/div><div class=\"row gx-md-6 justify-content-lg-start flex-row-reverse justify-content-lg-between mb-3 mb-md-9\"><div class=\"col-12 col-md mb-3\"><img loading=\"lazy\" decoding=\"async\" src=\"https:\/\/calian.stage.tbkdev.com\/dev\/calian.com\/src\/app\/uploads\/sites\/3\/2023\/05\/iStock-1088465324-1024x683.jpg\" alt=\"\" width=\"1024\" height=\"683\" class=\"rounded-5 img-fluid w-100 h-250px h-md-373px object-fit-cover\"\/><\/div><div class=\"col-12 col-md\"><h3>Le r\u00e9seau d\u2019emploi pour les conjoint(e)s de militaires <\/h3><div class=\"calian-alternating-text-and-images__text mb-3\">Calian participe au r\u00e9seau d&#8217;emploi pour les conjoint(e)s de militaires et a embauch\u00e9 plus de 120 conjoint(e)s de militaires pour divers postes dans des lieux \u00e0 travers le Canada, en mettant en correspondance leur exp\u00e9rience et leurs comp\u00e9tences avec les opportunit\u00e9s disponibles. Il s&#8217;agit d&#8217;une initiative importante de Calian pour t\u00e9moigner son appr\u00e9ciation aux familles de militaires \u00e0 travers le pays.\n<p><br\/><\/p><\/div><div class=\"calian-alternating-text-and-images__ctas mb-3 d-flex flex-wrap gap-3\"><\/div><\/div><\/div><div class=\"row gx-md-6 justify-content-lg-start justify-content-lg-start\"><div class=\"col-12 col-md mb-3\"><img loading=\"lazy\" decoding=\"async\" src=\"https:\/\/calian.stage.tbkdev.com\/dev\/calian.com\/src\/app\/uploads\/sites\/3\/2023\/04\/Calian-women-in-STEM-have-an-equal-seat-at-the-table.png\" alt=\"\" width=\"462\" height=\"322\" class=\"rounded-5 img-fluid w-100 h-250px h-md-373px object-fit-cover\"\/><\/div><div class=\"col-12 col-md\"><h3>Pourquoi rejoindre l&#8217;\u00e9quipe de Calian ?<\/h3><div class=\"calian-alternating-text-and-images__text mb-3\"><strong>40+<\/strong> ans d&#8217;exp\u00e9rience dans l&#8217;emploi des meilleurs talents mondiaux \n<ul>\n  <li>Une large gamme de projets diversifi\u00e9s et passionnants<\/li>\n  <li>Des opportunit\u00e9s d&#8217;avancement professionnel<\/li>\n  <li>Une vari\u00e9t\u00e9 d&#8217;opportunit\u00e9s \u00e0 temps plein et contractuel <\/li>\n  <li>Des \u00e9quipes multidisciplinaires collaboratives<\/li>\n  <li>Des avantages complets en mati\u00e8re de sant\u00e9 et de soins dentaires <\/li>\n  <li>Un programme d&#8217;achat d&#8217;actions pour les employ\u00e9s <\/li>\n<\/ul><\/div><div class=\"calian-alternating-text-and-images__ctas mb-3 d-flex flex-wrap gap-3\"><\/div><\/div><\/div><\/div><\/div><\/div><\/div>\n\n<div class=\"tbk-hydrate-component\" data-cid=\"931fd646-c19a-48ce-a34d-5a1bdd0786dc\" data-component=\"Spacer\"><div class=\"calian-spacer calian-spacer--medium wp-block-calian-com-components-calian-spacer\"><\/div><\/div>\n\n<div class=\"tbk-hydrate-component\" data-cid=\"8bd2fcf3-f21b-4245-b666-71f40f2a8458\" data-component=\"CTABar\"><div class=\"calian-cta-bar theme-dark\"><div class=\"calian-cta-bar__container container-fluid\"><div class=\"calian-cta-bar__vertical container-fluid position-relative\"><div class=\"row\"><div class=\"calian-cta-bar__vertical--content col-12\"><h2 class=\"calian-cta-bar__vertical--heading\">Le saviez-vous?<\/h2><div class=\"calian-cta-bar__vertical--description\">Pendant trois ann\u00e9es cons\u00e9cutives, Calian a re\u00e7u le prix de l\u2019employeur de choix pour la transition des militaires (MET) de l\u2019organisation Canada Company, ce qui reconna\u00eet Calian comme l\u2019un des meilleurs employeurs au Canada pour les anciens combattants canadiens et les conjoints de militaires.<\/div><div class=\"calian-cta-bar__vertical--buttons\"><a href=\"#calian-career-group\" class=\"btn btn-primary\">Explorez les opportunit\u00e9s de carri\u00e8re <\/a><\/div><\/div><\/div><\/div><\/div><\/div><\/div>\n\n<div class=\"tbk-hydrate-component\" data-cid=\"931fd646-c19a-48ce-a34d-5a1bdd0786dc\" data-component=\"Spacer\"><div class=\"calian-spacer calian-spacer--medium wp-block-calian-com-components-calian-spacer\"><\/div><\/div>\n\n<div class=\"tbk-hydrate-component\" data-cid=\"7dd3c4fb-7a3f-4c80-992b-7440b05ac087\" data-component=\"CareersLocationFooter\"><div><div class=\"d-flex justify-content-center p-1\"><div class=\"spinner-border text-primary \" role=\"status\" style=\"width:3rem;height:3rem\"><span class=\"visually-hidden\">Chargement&#8230;<\/span><\/div><\/div><\/div><\/div>\n","protected":false},"excerpt":{"rendered":"<p class=\"h4 calian-hero__eyebrow text-white\"> Opportunit\u00e9s de carri\u00e8re passionnantes pour les <\/p>\n<p> Anciens combattants et conjoint(e)s de militaires <br \/> <a href=\"#calian-career-group\" class=\"btn btn-light mb-4 mt-3\"> Voir les offres d&#8217;emploi <\/a> <\/p>\n<li class=\"breadcrumb-item\"> <a href=\"https:\/\/calian.stage.tbkdev.com\/dev\/calian.com\/src\/www\/fr\/\" class=\"breadcrumb-item-link\"> Accueil <\/a> <\/li>\n<li class=\"breadcrumb-item\"> <a href=\"https:\/\/calian.stage.tbkdev.com\/dev\/calian.com\/src\/www\/fr\/\" class=\"breadcrumb-item-link\"> Unit\u00e9 d&#8217;affaires <\/a> <\/li>\n<li class=\"breadcrumb-item\" aria-current=\"page\"> Titre de la page <\/li>\n<p> Nous embauchons des anciens combattants et &hellip;<\/p>\n","protected":false},"author":5,"featured_media":0,"parent":0,"menu_order":0,"comment_status":"closed","ping_status":"closed","template":"","meta":{"_acf_changed":false,"content-type":"","footnotes":""},"solution":[],"industry":[],"type_classification":[],"class_list":["post-3567","page","type-page","status-publish","hentry"],"acf":[],"yoast_head":"<!-- This site is optimized with the Yoast SEO plugin v26.4 - https:\/\/yoast.com\/wordpress\/plugins\/seo\/ -->\n<title>Anciens combattants et conjoint(e)s de militaires - Calian Careers<\/title>\n<meta name=\"robots\" content=\"noindex, follow, max-snippet:-1, max-image-preview:large, max-video-preview:-1\" \/>\n<meta property=\"og:locale\" content=\"fr_CA\" \/>\n<meta property=\"og:type\" content=\"article\" \/>\n<meta property=\"og:title\" content=\"Anciens combattants et conjoint(e)s de militaires - Calian Careers\" \/>\n<meta property=\"og:description\" content=\"Opportunit\u00e9s de carri\u00e8re passionnantes pour les Anciens combattants et conjoint(e)s de militaires  Voir les offres d&#8217;emploi  Accueil   Unit\u00e9 d&#8217;affaires  Titre de la page Nous embauchons des anciens combattants et &hellip;\" \/>\n<meta property=\"og:url\" content=\"https:\/\/calian.stage.tbkdev.com\/dev\/calian.com\/src\/careers\/fr-ca\/veterans-et-conjoints-de-militaires\/\" \/>\n<meta property=\"og:site_name\" content=\"Calian Careers\" \/>\n<meta property=\"article:publisher\" content=\"https:\/\/www.facebook.com\/CalianGroup\/\" \/>\n<meta property=\"article:modified_time\" content=\"2024-01-18T01:58:12+00:00\" \/>\n<meta property=\"og:image\" content=\"https:\/\/calian.stage.tbkdev.com\/dev\/calian.com\/src\/app\/uploads\/sites\/3\/2023\/04\/Hiring-Military-Spouses.jpeg\" \/>\n<meta name=\"twitter:card\" content=\"summary_large_image\" \/>\n<meta name=\"twitter:site\" content=\"@CalianGroup\" \/>\n<meta name=\"twitter:label1\" content=\"Est. reading time\" \/>\n\t<meta name=\"twitter:data1\" content=\"3 minutes\" \/>\n<script type=\"application\/ld+json\" class=\"yoast-schema-graph\">{\"@context\":\"https:\/\/schema.org\",\"@graph\":[{\"@type\":\"WebPage\",\"@id\":\"https:\/\/calian.stage.tbkdev.com\/dev\/calian.com\/src\/careers\/fr-ca\/veterans-et-conjoints-de-militaires\/\",\"url\":\"https:\/\/calian.stage.tbkdev.com\/dev\/calian.com\/src\/careers\/fr-ca\/veterans-et-conjoints-de-militaires\/\",\"name\":\"Anciens combattants et conjoint(e)s de militaires - Calian Careers\",\"isPartOf\":{\"@id\":\"https:\/\/calian.stage.tbkdev.com\/dev\/calian.com\/src\/careers\/fr-ca\/#website\"},\"primaryImageOfPage\":{\"@id\":\"https:\/\/calian.stage.tbkdev.com\/dev\/calian.com\/src\/careers\/fr-ca\/veterans-et-conjoints-de-militaires\/#primaryimage\"},\"image\":{\"@id\":\"https:\/\/calian.stage.tbkdev.com\/dev\/calian.com\/src\/careers\/fr-ca\/veterans-et-conjoints-de-militaires\/#primaryimage\"},\"thumbnailUrl\":\"https:\/\/calian.stage.tbkdev.com\/dev\/calian.com\/src\/app\/uploads\/sites\/3\/2023\/04\/Hiring-Military-Spouses.jpeg\",\"datePublished\":\"2023-05-01T03:02:12+00:00\",\"dateModified\":\"2024-01-18T01:58:12+00:00\",\"inLanguage\":\"fr-CA\",\"potentialAction\":[{\"@type\":\"ReadAction\",\"target\":[\"https:\/\/calian.stage.tbkdev.com\/dev\/calian.com\/src\/careers\/fr-ca\/veterans-et-conjoints-de-militaires\/\"]}]},{\"@type\":\"ImageObject\",\"inLanguage\":\"fr-CA\",\"@id\":\"https:\/\/calian.stage.tbkdev.com\/dev\/calian.com\/src\/careers\/fr-ca\/veterans-et-conjoints-de-militaires\/#primaryimage\",\"url\":\"https:\/\/calian.stage.tbkdev.com\/dev\/calian.com\/src\/app\/uploads\/sites\/3\/2023\/04\/Hiring-Military-Spouses.jpeg\",\"contentUrl\":\"https:\/\/calian.stage.tbkdev.com\/dev\/calian.com\/src\/app\/uploads\/sites\/3\/2023\/04\/Hiring-Military-Spouses.jpeg\"},{\"@type\":\"WebSite\",\"@id\":\"https:\/\/calian.stage.tbkdev.com\/dev\/calian.com\/src\/careers\/fr-ca\/#website\",\"url\":\"https:\/\/calian.stage.tbkdev.com\/dev\/calian.com\/src\/careers\/fr-ca\/\",\"name\":\"Calian Careers\",\"description\":\"We are looking for world-class talent to help the world communicate, innovate, learn and lead safe and healthy lives.\",\"publisher\":{\"@id\":\"https:\/\/calian.stage.tbkdev.com\/dev\/calian.com\/src\/careers\/fr-ca\/#organization\"},\"potentialAction\":[{\"@type\":\"SearchAction\",\"target\":{\"@type\":\"EntryPoint\",\"urlTemplate\":\"https:\/\/calian.stage.tbkdev.com\/dev\/calian.com\/src\/careers\/fr-ca\/?s={search_term_string}\"},\"query-input\":{\"@type\":\"PropertyValueSpecification\",\"valueRequired\":true,\"valueName\":\"search_term_string\"}}],\"inLanguage\":\"fr-CA\"},{\"@type\":\"Organization\",\"@id\":\"https:\/\/calian.stage.tbkdev.com\/dev\/calian.com\/src\/careers\/fr-ca\/#organization\",\"name\":\"Calian Group\",\"url\":\"https:\/\/calian.stage.tbkdev.com\/dev\/calian.com\/src\/careers\/fr-ca\/\",\"logo\":{\"@type\":\"ImageObject\",\"inLanguage\":\"fr-CA\",\"@id\":\"https:\/\/calian.stage.tbkdev.com\/dev\/calian.com\/src\/careers\/fr-ca\/#\/schema\/logo\/image\/\",\"url\":\"https:\/\/calian.stage.tbkdev.com\/dev\/calian.com\/src\/app\/uploads\/sites\/3\/2023\/06\/og-logo-calian.webp\",\"contentUrl\":\"https:\/\/calian.stage.tbkdev.com\/dev\/calian.com\/src\/app\/uploads\/sites\/3\/2023\/06\/og-logo-calian.webp\",\"width\":1200,\"height\":630,\"caption\":\"Calian Group\"},\"image\":{\"@id\":\"https:\/\/calian.stage.tbkdev.com\/dev\/calian.com\/src\/careers\/fr-ca\/#\/schema\/logo\/image\/\"},\"sameAs\":[\"https:\/\/www.facebook.com\/CalianGroup\/\",\"https:\/\/x.com\/CalianGroup\"]}]}<\/script>\n<!-- \/ Yoast SEO plugin. -->","yoast_head_json":{"title":"Anciens combattants et conjoint(e)s de militaires - Calian Careers","robots":{"index":"noindex","follow":"follow","max-snippet":"max-snippet:-1","max-image-preview":"max-image-preview:large","max-video-preview":"max-video-preview:-1"},"og_locale":"fr_CA","og_type":"article","og_title":"Anciens combattants et conjoint(e)s de militaires - Calian Careers","og_description":"Opportunit\u00e9s de carri\u00e8re passionnantes pour les Anciens combattants et conjoint(e)s de militaires  Voir les offres d&#8217;emploi  Accueil   Unit\u00e9 d&#8217;affaires  Titre de la page Nous embauchons des anciens combattants et &hellip;","og_url":"https:\/\/calian.stage.tbkdev.com\/dev\/calian.com\/src\/careers\/fr-ca\/veterans-et-conjoints-de-militaires\/","og_site_name":"Calian Careers","article_publisher":"https:\/\/www.facebook.com\/CalianGroup\/","article_modified_time":"2024-01-18T01:58:12+00:00","og_image":[{"url":"https:\/\/calian.stage.tbkdev.com\/dev\/calian.com\/src\/app\/uploads\/sites\/3\/2023\/04\/Hiring-Military-Spouses.jpeg","type":"","width":"","height":""}],"twitter_card":"summary_large_image","twitter_site":"@CalianGroup","twitter_misc":{"Est. reading time":"3 minutes"},"schema":{"@context":"https:\/\/schema.org","@graph":[{"@type":"WebPage","@id":"https:\/\/calian.stage.tbkdev.com\/dev\/calian.com\/src\/careers\/fr-ca\/veterans-et-conjoints-de-militaires\/","url":"https:\/\/calian.stage.tbkdev.com\/dev\/calian.com\/src\/careers\/fr-ca\/veterans-et-conjoints-de-militaires\/","name":"Anciens combattants et conjoint(e)s de militaires - Calian Careers","isPartOf":{"@id":"https:\/\/calian.stage.tbkdev.com\/dev\/calian.com\/src\/careers\/fr-ca\/#website"},"primaryImageOfPage":{"@id":"https:\/\/calian.stage.tbkdev.com\/dev\/calian.com\/src\/careers\/fr-ca\/veterans-et-conjoints-de-militaires\/#primaryimage"},"image":{"@id":"https:\/\/calian.stage.tbkdev.com\/dev\/calian.com\/src\/careers\/fr-ca\/veterans-et-conjoints-de-militaires\/#primaryimage"},"thumbnailUrl":"https:\/\/calian.stage.tbkdev.com\/dev\/calian.com\/src\/app\/uploads\/sites\/3\/2023\/04\/Hiring-Military-Spouses.jpeg","datePublished":"2023-05-01T03:02:12+00:00","dateModified":"2024-01-18T01:58:12+00:00","inLanguage":"fr-CA","potentialAction":[{"@type":"ReadAction","target":["https:\/\/calian.stage.tbkdev.com\/dev\/calian.com\/src\/careers\/fr-ca\/veterans-et-conjoints-de-militaires\/"]}]},{"@type":"ImageObject","inLanguage":"fr-CA","@id":"https:\/\/calian.stage.tbkdev.com\/dev\/calian.com\/src\/careers\/fr-ca\/veterans-et-conjoints-de-militaires\/#primaryimage","url":"https:\/\/calian.stage.tbkdev.com\/dev\/calian.com\/src\/app\/uploads\/sites\/3\/2023\/04\/Hiring-Military-Spouses.jpeg","contentUrl":"https:\/\/calian.stage.tbkdev.com\/dev\/calian.com\/src\/app\/uploads\/sites\/3\/2023\/04\/Hiring-Military-Spouses.jpeg"},{"@type":"WebSite","@id":"https:\/\/calian.stage.tbkdev.com\/dev\/calian.com\/src\/careers\/fr-ca\/#website","url":"https:\/\/calian.stage.tbkdev.com\/dev\/calian.com\/src\/careers\/fr-ca\/","name":"Calian Careers","description":"We are looking for world-class talent to help the world communicate, innovate, learn and lead safe and healthy lives.","publisher":{"@id":"https:\/\/calian.stage.tbkdev.com\/dev\/calian.com\/src\/careers\/fr-ca\/#organization"},"potentialAction":[{"@type":"SearchAction","target":{"@type":"EntryPoint","urlTemplate":"https:\/\/calian.stage.tbkdev.com\/dev\/calian.com\/src\/careers\/fr-ca\/?s={search_term_string}"},"query-input":{"@type":"PropertyValueSpecification","valueRequired":true,"valueName":"search_term_string"}}],"inLanguage":"fr-CA"},{"@type":"Organization","@id":"https:\/\/calian.stage.tbkdev.com\/dev\/calian.com\/src\/careers\/fr-ca\/#organization","name":"Calian Group","url":"https:\/\/calian.stage.tbkdev.com\/dev\/calian.com\/src\/careers\/fr-ca\/","logo":{"@type":"ImageObject","inLanguage":"fr-CA","@id":"https:\/\/calian.stage.tbkdev.com\/dev\/calian.com\/src\/careers\/fr-ca\/#\/schema\/logo\/image\/","url":"https:\/\/calian.stage.tbkdev.com\/dev\/calian.com\/src\/app\/uploads\/sites\/3\/2023\/06\/og-logo-calian.webp","contentUrl":"https:\/\/calian.stage.tbkdev.com\/dev\/calian.com\/src\/app\/uploads\/sites\/3\/2023\/06\/og-logo-calian.webp","width":1200,"height":630,"caption":"Calian Group"},"image":{"@id":"https:\/\/calian.stage.tbkdev.com\/dev\/calian.com\/src\/careers\/fr-ca\/#\/schema\/logo\/image\/"},"sameAs":["https:\/\/www.facebook.com\/CalianGroup\/","https:\/\/x.com\/CalianGroup"]}]}},"_links":{"self":[{"href":"https:\/\/calian.stage.tbkdev.com\/dev\/calian.com\/src\/careers\/fr-ca\/wp-json\/wp\/v2\/pages\/3567","targetHints":{"allow":["GET"]}}],"collection":[{"href":"https:\/\/calian.stage.tbkdev.com\/dev\/calian.com\/src\/careers\/fr-ca\/wp-json\/wp\/v2\/pages"}],"about":[{"href":"https:\/\/calian.stage.tbkdev.com\/dev\/calian.com\/src\/careers\/fr-ca\/wp-json\/wp\/v2\/types\/page"}],"author":[{"embeddable":true,"href":"https:\/\/calian.stage.tbkdev.com\/dev\/calian.com\/src\/careers\/fr-ca\/wp-json\/wp\/v2\/users\/5"}],"replies":[{"embeddable":true,"href":"https:\/\/calian.stage.tbkdev.com\/dev\/calian.com\/src\/careers\/fr-ca\/wp-json\/wp\/v2\/comments?post=3567"}],"version-history":[{"count":10,"href":"https:\/\/calian.stage.tbkdev.com\/dev\/calian.com\/src\/careers\/fr-ca\/wp-json\/wp\/v2\/pages\/3567\/revisions"}],"predecessor-version":[{"id":16674,"href":"https:\/\/calian.stage.tbkdev.com\/dev\/calian.com\/src\/careers\/fr-ca\/wp-json\/wp\/v2\/pages\/3567\/revisions\/16674"}],"wp:attachment":[{"href":"https:\/\/calian.stage.tbkdev.com\/dev\/calian.com\/src\/careers\/fr-ca\/wp-json\/wp\/v2\/media?parent=3567"}],"wp:term":[{"taxonomy":"solution","embeddable":true,"href":"https:\/\/calian.stage.tbkdev.com\/dev\/calian.com\/src\/careers\/fr-ca\/wp-json\/wp\/v2\/solution?post=3567"},{"taxonomy":"industry","embeddable":true,"href":"https:\/\/calian.stage.tbkdev.com\/dev\/calian.com\/src\/careers\/fr-ca\/wp-json\/wp\/v2\/industry?post=3567"},{"taxonomy":"type_classification","embeddable":true,"href":"https:\/\/calian.stage.tbkdev.com\/dev\/calian.com\/src\/careers\/fr-ca\/wp-json\/wp\/v2\/type_classification?post=3567"}],"curies":[{"name":"wp","href":"https:\/\/api.w.org\/{rel}","templated":true}]}}