{"id":17514,"date":"2025-01-24T21:28:44","date_gmt":"2025-01-24T21:28:44","guid":{"rendered":"https:\/\/calian.stage.tbkdev.com\/dev\/calian.com\/src\/advanced-technologies\/?page_id=17514"},"modified":"2025-01-27T17:14:19","modified_gmt":"2025-01-27T17:14:19","slug":"minimiser-limpact-de-linterference-du-gnss-sur-les-infrastructures-critiques","status":"publish","type":"page","link":"https:\/\/calian.stage.tbkdev.com\/dev\/calian.com\/src\/advanced-technologies\/fr\/minimiser-limpact-de-linterference-du-gnss-sur-les-infrastructures-critiques\/","title":{"rendered":"Minimiser l&#8217;impact des interf\u00e9rences GNSS sur les infrastructures critiques"},"content":{"rendered":"\n<div class=\"tbk-hydrate-component\" data-cid=\"2ab9cdd4-cc48-46f3-b86b-27974d2af725\" data-component=\"LandingPageHeader\"><header class=\"calian-header landing-page-header calian-header--invert calian-header--style-invert wp-block-calian-com-components-calian-landing-page-header\"><div class=\"calian-header__container container-fluid\"><nav class=\"calian-header__navbar navbar navbar-expand-xl navbar-white\"><div class=\"calian-header__navbar-container container-fluid\"><a class=\"calian-header__navbar-brand navbar-brand\" href=\"\/\"><img decoding=\"async\" src=\"https:\/\/calian.stage.tbkdev.com\/dev\/calian.com\/src\/app\/uploads\/sites\/8\/2023\/08\/logo-colour-1.svg\" alt=\"Calian Group Ltd.\" class=\"img-fluid\"\/><\/a><div class=\"calian-header__navbar-collapse collapse collapse navbar-collapse\"><div class=\"calian-header__navbar-left\"><\/div><div class=\"calian-header__navbar-right\"><ul class=\"nav justify-content-start calian-header__main-nav\"><li class=\"nav-item\"><a class=\"nav-link\" href=\"https:\/\/calian.stage.tbkdev.com\/dev\/calian.com\/src\/www\/advanced-technologies\/gnss\/\">GNSS home<\/a><\/li><\/ul><\/div><\/div><\/div><\/nav><div class=\"calian-header__cta-search\"><\/div><button type=\"button\" class=\"calian-header__navbar-toggler btn navbar-toggler\" data-bs-toggle=\"offcanvas\" data-bs-target=\".offcanvas\" aria-label=\"Toggle\"><i class=\"icon icon-menu-alternate\"><\/i><\/button><\/div><div class=\"offcanvas offcanvas-end\"><div class=\"offcanvas-header\"><div class=\"offcanvas-header__upper\"><div class=\"offcanvas-header__brand\"><a class=\"calian-header__navbar-brand navbar-brand\" href=\"\/\"><img decoding=\"async\" src=\"https:\/\/calian.stage.tbkdev.com\/dev\/calian.com\/src\/app\/uploads\/sites\/8\/2023\/08\/logo-colour-1.svg\" alt=\"Calian Group Ltd.\" class=\"img-fluid\"\/><\/a><\/div><button type=\"button\" class=\"btn-close text-reset\" data-bs-dismiss=\"offcanvas\" aria-label=\"Close\"><\/button><\/div><\/div><div class=\"offcanvas-body\"><ul class=\"nav justify-content-start flex-column calian-header__main-nav--mobile\"><li class=\"nav-item\"><a class=\"nav-link\" href=\"https:\/\/calian.stage.tbkdev.com\/dev\/calian.com\/src\/www\/advanced-technologies\/gnss\/\">GNSS home<\/a><\/li><\/ul><div class=\"calian-header__cta-language-select-mobile\"><div class=\"calian-header__cta-language-select-mobile__cta\"><\/div><\/div><\/div><\/div><\/header><\/div>\n\n\n\n<div class=\"tbk-hydrate-component\" data-cid=\"1181804b-3d9f-40ac-8a51-0e4399609626\" data-component=\"MainHeroVideo\"><div class=\"calian-main-hero wp-block-calian-com-components-calian-main-hero-video\"><div class=\"main-hero-video position-relative\"><div class=\"main-hero-video__overlay-top\"><\/div><div class=\"main-hero-video__overlay-left\"><\/div><div class=\"main-hero-video__overlay-general\"><\/div><div class=\"main-hero-video__content container-fluid mw-1195px\"><div class=\"row px-3\"><div class=\"col-12 mw-641px p-0\"><h1 class=\"main-hero-video__heading text-white mb-4\">Minimiser l&#x27;impact des interf\u00e9rences GNSS sur les infrastructures critiques <\/h1><p class=\"main-hero-video__description text-white subheading mb-5\">La technologie GNSS \u00e9tant utilis\u00e9e dans des zones critiques de l&#x27;infrastructure mondiale, il est essentiel de disposer de solutions GNSS fiables et op\u00e9rationnelles en permanence. <\/p><div class=\"main-hero-software__cta-buttons d-flex flex-column flex-sm-row justify-content-start pt-2\"><a href=\"#whitepaper\" class=\"btn btn-primary\">T\u00e9l\u00e9charger le livre blanc<\/a><\/div><\/div><\/div><\/div><img loading=\"lazy\" decoding=\"async\" src=\"https:\/\/calian.stage.tbkdev.com\/dev\/calian.com\/src\/app\/uploads\/sites\/8\/2025\/01\/Calian-Cell-Phone-Tower-4-1024x683.jpeg\" alt=\"Aerial view of a bustling cityscape at dusk with busy highways, tall buildings, and a telecom tower in the foreground.\" width=\"1024\" height=\"683\" class=\"hero-banner__bg-img\"\/><\/div><\/div><\/div>\n\n\n\n<div class=\"tbk-hydrate-component\" data-cid=\"3d06ad06-4a5d-48ee-b8eb-4d5dbc0a94f7\" data-component=\"Spacer\"><div class=\"calian-spacer calian-spacer--small wp-block-calian-com-components-calian-spacer\"><\/div><\/div>\n\n\n\n<div class=\"wp-block-columns is-layout-flex wp-container-core-columns-is-layout-9d6595d7 wp-block-columns-is-layout-flex\">\n<div class=\"wp-block-column is-layout-flow wp-block-column-is-layout-flow\" style=\"flex-basis:5%\"><\/div>\n\n\n\n<div class=\"wp-block-column is-layout-flow wp-block-column-is-layout-flow\" style=\"flex-basis:45%\">\n<div class=\"tbk-hydrate-component\" data-cid=\"b32659de-d5ec-4f94-aa01-3eab79a12875\" data-component=\"Spacer\"><div class=\"calian-spacer wp-block-calian-com-components-calian-spacer\"><\/div><\/div>\n\n\n\n<div class=\"tbk-hydrate-component\" data-cid=\"29c0e6ba-17b5-429b-a7c6-e8bc1374dc49\" data-component=\"CalianContainer\"><div class=\"calian-container wp-block-calian-com-components-calian-container\"><div>\n<h4 class=\"wp-block-heading\">D\u00e9pendance croissante \u00e0 l&#8217;\u00e9gard des solutions GNSS r\u00e9silientes et toujours disponibles<\/h4>\n\n\n\n<p>La technologie du syst\u00e8me mondial de navigation par satellite (GNSS) fait d\u00e9sormais partie int\u00e9grante de notre vie quotidienne, alimentant aussi bien les applications de navigation sur nos smartphones que les infrastructures critiques dans les domaines de l&#8217;aviation, des t\u00e9l\u00e9communications et de la d\u00e9fense. Cependant, la pr\u00e9valence de la technologie GNSS s&#8217;accompagne de la pr\u00e9sence d&#8217;interf\u00e9rences, intentionnelles ou non, qui peuvent dominer les signaux GNSS faibles, entra\u00eenant une d\u00e9gradation de la pr\u00e9cision ou une perte totale du signal.  <\/p>\n\n\n\n<p>L&#8217;antenne anti-brouillage AJ977XF associe une conception innovante \u00e0 un filtrage avanc\u00e9 pour r\u00e9pondre aux d\u00e9fis actuels du GNSS. T\u00e9l\u00e9chargez notre livre blanc pour d\u00e9couvrir comment l&#8217;AJ977XF peut am\u00e9liorer les performances dans les environnements sujets aux interf\u00e9rences.  <\/p>\n<\/div><\/div><\/div>\n<\/div>\n\n\n\n<div class=\"wp-block-column is-layout-flow wp-block-column-is-layout-flow\" style=\"flex-basis:2%\"><\/div>\n\n\n\n<div class=\"wp-block-column is-layout-flow wp-block-column-is-layout-flow\" style=\"flex-basis:45%\">\n<div class=\"tbk-hydrate-component\" data-cid=\"88d35d15-080c-47f0-915c-ac0b5484fc43\" data-component=\"ContactCTAHubSpot\"><div id=\"livre blanc\" class=\"calian-contact-cta overflow-hidden position-relative inverted rounded-corners wp-block-calian-com-components-calian-contact-cta-hub-spot\"><div class=\"calian-contact-cta__overlay position-absolute z-2\"><\/div><img loading=\"lazy\" decoding=\"async\" src=\"https:\/\/calian.stage.tbkdev.com\/dev\/calian.com\/src\/app\/dist\/ContactCTA-PlaceholderOne-ZOUWAB3S.jpg\" alt=\"\" width=\"720\" height=\"814\" class=\"calian-contact-cta__background-image position-absolute z-1\"\/><div class=\"calian-contact-cta__container mx-auto py-5 py-md-10 position-relative z-3\"><div class=\"d-flex\"><div class=\"calian-contact-cta__form mx-auto px-3\"><div class=\"hs-form__container\"><div class=\"hs-form__container-inner\"><div class=\"d-flex justify-content-center p-1\"><div class=\"spinner-border text-primary \" role=\"status\" style=\"width:3rem;height:3rem\"><span class=\"visually-hidden\">Loading&#8230;<\/span><\/div><\/div><div class=\"hs-form__target\"><\/div><\/div><\/div><\/div><\/div><\/div><\/div><\/div>\n<\/div>\n\n\n\n<div class=\"wp-block-column is-layout-flow wp-block-column-is-layout-flow\" style=\"flex-basis:5%\"><\/div>\n<\/div>\n\n\n\n<div class=\"tbk-hydrate-component\" data-cid=\"ea6bdbeb-e8d4-4ac6-b058-822ce439bc79\" data-component=\"Spacer\"><div class=\"calian-spacer wp-block-calian-com-components-calian-spacer\"><\/div><\/div>\n\n\n\n<div class=\"tbk-hydrate-component\" data-cid=\"6d019cde-1402-4306-b48b-fbc906a188d1\" data-component=\"LandingPageFooter\"><div class=\"landing-page-footer wp-block-calian-com-components-calian-landing-page-footer\"><div class=\"landing-page-footer__container container-fluid\"><a class=\"landing-page-footer__logo-link\" href=\"\/\"><img loading=\"lazy\" decoding=\"async\" src=\"https:\/\/calian.stage.tbkdev.com\/dev\/calian.com\/src\/app\/dist\/logo-colour-VCKAOBN5.svg\" alt=\"\" width=\"180\" height=\"65\" class=\"landing-page-footer__logo-img\"\/><\/a><p class=\"landing-page-footer__copyright\">\u00a9 2025 Calian Group Ltd. CNESST# AR-2000790<\/p><ul class=\"landing-page-footer__bottom--social-icons list-unstyled\"><li><a href=\"https:\/\/www.linkedin.com\/company\/calian-advanced-technologies\/\" target=\"_blank\" aria-label=\"linkedin\" class=\"share-icon-link\" rel=\"noopener\"><i class=\"icon icon-linkedin\"><\/i><\/a><\/li><\/ul><\/div><\/div><\/div>\n","protected":false},"excerpt":{"rendered":"<p><a class=\"calian-header__navbar-brand navbar-brand\" href=\"\/\"> <\/a> <\/p>\n<ul class=\"nav justify-content-start calian-header__main-nav\">\n<li class=\"nav-item\"> <a class=\"nav-link\" href=\"https:\/\/calian.stage.tbkdev.com\/dev\/calian.com\/src\/www\/advanced-technologies\/gnss\/\"> GNSS home <\/a> <\/li>\n<\/ul>\n<p> <a class=\"calian-header__navbar-brand navbar-brand\" href=\"\/\"> <\/a> <\/p>\n<ul class=\"nav justify-content-start flex-column calian-header__main-nav--mobile\">\n<li class=\"nav-item\"> <a class=\"nav-link\" href=\"https:\/\/calian.stage.tbkdev.com\/dev\/calian.com\/src\/www\/advanced-technologies\/gnss\/\"> GNSS home <\/a> <\/li>\n<\/ul>\n<p> Minimiser l&#x27;impact des interf\u00e9rences GNSS sur les infrastructures critiques <\/p>\n<p class=\"main-hero-video__description text-white subheading mb-5\"> La technologie GNSS \u00e9tant utilis\u00e9e dans des &hellip;<\/p>\n","protected":false},"author":7592,"featured_media":17521,"parent":0,"menu_order":16,"comment_status":"closed","ping_status":"closed","template":"page-landing-page.php","meta":{"_acf_changed":false,"content-type":"","footnotes":""},"solution":[],"industry":[164],"type_classification":[],"class_list":["post-17514","page","type-page","status-publish","has-post-thumbnail","hentry","industry-positionnement-gnss-de-precision"],"acf":[],"yoast_head":"<!-- This site is optimized with the Yoast SEO plugin v26.4 - https:\/\/yoast.com\/wordpress\/plugins\/seo\/ -->\n<title>Minimiser l&#039;impact des interf\u00e9rences GNSS - AT | Calian<\/title>\n<meta name=\"description\" content=\"T\u00e9l\u00e9chargez notre livre blanc pour d\u00e9couvrir comment l&#039;antenne anti-brouillage AJ977XF peut am\u00e9liorer les performances dans les environnements sujets aux interf\u00e9rences.\" \/>\n<meta name=\"robots\" content=\"noindex, follow, max-snippet:-1, max-image-preview:large, max-video-preview:-1\" \/>\n<meta property=\"og:locale\" content=\"fr_FR\" \/>\n<meta property=\"og:type\" content=\"article\" \/>\n<meta property=\"og:title\" content=\"Minimiser l&#039;impact des interf\u00e9rences GNSS - AT | Calian\" \/>\n<meta property=\"og:description\" content=\"T\u00e9l\u00e9chargez notre livre blanc pour d\u00e9couvrir comment l&#039;antenne anti-brouillage AJ977XF peut am\u00e9liorer les performances dans les environnements sujets aux interf\u00e9rences.\" \/>\n<meta property=\"og:url\" content=\"https:\/\/calian.stage.tbkdev.com\/dev\/calian.com\/src\/advanced-technologies\/fr\/minimiser-limpact-de-linterference-du-gnss-sur-les-infrastructures-critiques\/\" \/>\n<meta property=\"og:site_name\" content=\"Technologies Avanc\u00e9es\" \/>\n<meta property=\"article:modified_time\" content=\"2025-01-27T17:14:19+00:00\" \/>\n<meta property=\"og:image\" content=\"https:\/\/calian.stage.tbkdev.com\/dev\/calian.com\/src\/app\/uploads\/sites\/8\/2025\/01\/Calian-Cell-Phone-Tower-4-scaled.jpeg\" \/>\n\t<meta property=\"og:image:width\" content=\"2560\" \/>\n\t<meta property=\"og:image:height\" content=\"1707\" \/>\n\t<meta property=\"og:image:type\" content=\"image\/jpeg\" \/>\n<meta name=\"twitter:card\" content=\"summary_large_image\" \/>\n<meta name=\"twitter:label1\" content=\"Est. reading time\" \/>\n\t<meta name=\"twitter:data1\" content=\"3 minutes\" \/>\n<script type=\"application\/ld+json\" class=\"yoast-schema-graph\">{\"@context\":\"https:\/\/schema.org\",\"@graph\":[{\"@type\":\"WebPage\",\"@id\":\"https:\/\/calian.stage.tbkdev.com\/dev\/calian.com\/src\/advanced-technologies\/fr\/minimiser-limpact-de-linterference-du-gnss-sur-les-infrastructures-critiques\/\",\"url\":\"https:\/\/calian.stage.tbkdev.com\/dev\/calian.com\/src\/advanced-technologies\/fr\/minimiser-limpact-de-linterference-du-gnss-sur-les-infrastructures-critiques\/\",\"name\":\"Minimiser l'impact des interf\u00e9rences GNSS - AT | Calian\",\"isPartOf\":{\"@id\":\"https:\/\/calian.stage.tbkdev.com\/dev\/calian.com\/src\/advanced-technologies\/fr\/#website\"},\"primaryImageOfPage\":{\"@id\":\"https:\/\/calian.stage.tbkdev.com\/dev\/calian.com\/src\/advanced-technologies\/fr\/minimiser-limpact-de-linterference-du-gnss-sur-les-infrastructures-critiques\/#primaryimage\"},\"image\":{\"@id\":\"https:\/\/calian.stage.tbkdev.com\/dev\/calian.com\/src\/advanced-technologies\/fr\/minimiser-limpact-de-linterference-du-gnss-sur-les-infrastructures-critiques\/#primaryimage\"},\"thumbnailUrl\":\"https:\/\/calian.stage.tbkdev.com\/dev\/calian.com\/src\/app\/uploads\/sites\/8\/2025\/01\/Calian-Cell-Phone-Tower-4-scaled.jpeg\",\"datePublished\":\"2025-01-24T21:28:44+00:00\",\"dateModified\":\"2025-01-27T17:14:19+00:00\",\"description\":\"T\u00e9l\u00e9chargez notre livre blanc pour d\u00e9couvrir comment l'antenne anti-brouillage AJ977XF peut am\u00e9liorer les performances dans les environnements sujets aux interf\u00e9rences.\",\"inLanguage\":\"fr-FR\",\"potentialAction\":[{\"@type\":\"ReadAction\",\"target\":[\"https:\/\/calian.stage.tbkdev.com\/dev\/calian.com\/src\/advanced-technologies\/fr\/minimiser-limpact-de-linterference-du-gnss-sur-les-infrastructures-critiques\/\"]}]},{\"@type\":\"ImageObject\",\"inLanguage\":\"fr-FR\",\"@id\":\"https:\/\/calian.stage.tbkdev.com\/dev\/calian.com\/src\/advanced-technologies\/fr\/minimiser-limpact-de-linterference-du-gnss-sur-les-infrastructures-critiques\/#primaryimage\",\"url\":\"https:\/\/calian.stage.tbkdev.com\/dev\/calian.com\/src\/app\/uploads\/sites\/8\/2025\/01\/Calian-Cell-Phone-Tower-4-scaled.jpeg\",\"contentUrl\":\"https:\/\/calian.stage.tbkdev.com\/dev\/calian.com\/src\/app\/uploads\/sites\/8\/2025\/01\/Calian-Cell-Phone-Tower-4-scaled.jpeg\",\"width\":2560,\"height\":1707,\"caption\":\"Telecommunication tower with 5G cellular network antenna on city background\"},{\"@type\":\"WebSite\",\"@id\":\"https:\/\/calian.stage.tbkdev.com\/dev\/calian.com\/src\/advanced-technologies\/fr\/#website\",\"url\":\"https:\/\/calian.stage.tbkdev.com\/dev\/calian.com\/src\/advanced-technologies\/fr\/\",\"name\":\"Technologies Avanc\u00e9es\",\"description\":\"\",\"potentialAction\":[{\"@type\":\"SearchAction\",\"target\":{\"@type\":\"EntryPoint\",\"urlTemplate\":\"https:\/\/calian.stage.tbkdev.com\/dev\/calian.com\/src\/advanced-technologies\/fr\/?s={search_term_string}\"},\"query-input\":{\"@type\":\"PropertyValueSpecification\",\"valueRequired\":true,\"valueName\":\"search_term_string\"}}],\"inLanguage\":\"fr-FR\"}]}<\/script>\n<!-- \/ Yoast SEO plugin. -->","yoast_head_json":{"title":"Minimiser l'impact des interf\u00e9rences GNSS - AT | Calian","description":"T\u00e9l\u00e9chargez notre livre blanc pour d\u00e9couvrir comment l'antenne anti-brouillage AJ977XF peut am\u00e9liorer les performances dans les environnements sujets aux interf\u00e9rences.","robots":{"index":"noindex","follow":"follow","max-snippet":"max-snippet:-1","max-image-preview":"max-image-preview:large","max-video-preview":"max-video-preview:-1"},"og_locale":"fr_FR","og_type":"article","og_title":"Minimiser l'impact des interf\u00e9rences GNSS - AT | Calian","og_description":"T\u00e9l\u00e9chargez notre livre blanc pour d\u00e9couvrir comment l'antenne anti-brouillage AJ977XF peut am\u00e9liorer les performances dans les environnements sujets aux interf\u00e9rences.","og_url":"https:\/\/calian.stage.tbkdev.com\/dev\/calian.com\/src\/advanced-technologies\/fr\/minimiser-limpact-de-linterference-du-gnss-sur-les-infrastructures-critiques\/","og_site_name":"Technologies Avanc\u00e9es","article_modified_time":"2025-01-27T17:14:19+00:00","og_image":[{"width":2560,"height":1707,"url":"https:\/\/calian.stage.tbkdev.com\/dev\/calian.com\/src\/app\/uploads\/sites\/8\/2025\/01\/Calian-Cell-Phone-Tower-4-scaled.jpeg","type":"image\/jpeg"}],"twitter_card":"summary_large_image","twitter_misc":{"Est. reading time":"3 minutes"},"schema":{"@context":"https:\/\/schema.org","@graph":[{"@type":"WebPage","@id":"https:\/\/calian.stage.tbkdev.com\/dev\/calian.com\/src\/advanced-technologies\/fr\/minimiser-limpact-de-linterference-du-gnss-sur-les-infrastructures-critiques\/","url":"https:\/\/calian.stage.tbkdev.com\/dev\/calian.com\/src\/advanced-technologies\/fr\/minimiser-limpact-de-linterference-du-gnss-sur-les-infrastructures-critiques\/","name":"Minimiser l'impact des interf\u00e9rences GNSS - AT | Calian","isPartOf":{"@id":"https:\/\/calian.stage.tbkdev.com\/dev\/calian.com\/src\/advanced-technologies\/fr\/#website"},"primaryImageOfPage":{"@id":"https:\/\/calian.stage.tbkdev.com\/dev\/calian.com\/src\/advanced-technologies\/fr\/minimiser-limpact-de-linterference-du-gnss-sur-les-infrastructures-critiques\/#primaryimage"},"image":{"@id":"https:\/\/calian.stage.tbkdev.com\/dev\/calian.com\/src\/advanced-technologies\/fr\/minimiser-limpact-de-linterference-du-gnss-sur-les-infrastructures-critiques\/#primaryimage"},"thumbnailUrl":"https:\/\/calian.stage.tbkdev.com\/dev\/calian.com\/src\/app\/uploads\/sites\/8\/2025\/01\/Calian-Cell-Phone-Tower-4-scaled.jpeg","datePublished":"2025-01-24T21:28:44+00:00","dateModified":"2025-01-27T17:14:19+00:00","description":"T\u00e9l\u00e9chargez notre livre blanc pour d\u00e9couvrir comment l'antenne anti-brouillage AJ977XF peut am\u00e9liorer les performances dans les environnements sujets aux interf\u00e9rences.","inLanguage":"fr-FR","potentialAction":[{"@type":"ReadAction","target":["https:\/\/calian.stage.tbkdev.com\/dev\/calian.com\/src\/advanced-technologies\/fr\/minimiser-limpact-de-linterference-du-gnss-sur-les-infrastructures-critiques\/"]}]},{"@type":"ImageObject","inLanguage":"fr-FR","@id":"https:\/\/calian.stage.tbkdev.com\/dev\/calian.com\/src\/advanced-technologies\/fr\/minimiser-limpact-de-linterference-du-gnss-sur-les-infrastructures-critiques\/#primaryimage","url":"https:\/\/calian.stage.tbkdev.com\/dev\/calian.com\/src\/app\/uploads\/sites\/8\/2025\/01\/Calian-Cell-Phone-Tower-4-scaled.jpeg","contentUrl":"https:\/\/calian.stage.tbkdev.com\/dev\/calian.com\/src\/app\/uploads\/sites\/8\/2025\/01\/Calian-Cell-Phone-Tower-4-scaled.jpeg","width":2560,"height":1707,"caption":"Telecommunication tower with 5G cellular network antenna on city background"},{"@type":"WebSite","@id":"https:\/\/calian.stage.tbkdev.com\/dev\/calian.com\/src\/advanced-technologies\/fr\/#website","url":"https:\/\/calian.stage.tbkdev.com\/dev\/calian.com\/src\/advanced-technologies\/fr\/","name":"Technologies Avanc\u00e9es","description":"","potentialAction":[{"@type":"SearchAction","target":{"@type":"EntryPoint","urlTemplate":"https:\/\/calian.stage.tbkdev.com\/dev\/calian.com\/src\/advanced-technologies\/fr\/?s={search_term_string}"},"query-input":{"@type":"PropertyValueSpecification","valueRequired":true,"valueName":"search_term_string"}}],"inLanguage":"fr-FR"}]}},"_links":{"self":[{"href":"https:\/\/calian.stage.tbkdev.com\/dev\/calian.com\/src\/advanced-technologies\/fr\/wp-json\/wp\/v2\/pages\/17514","targetHints":{"allow":["GET"]}}],"collection":[{"href":"https:\/\/calian.stage.tbkdev.com\/dev\/calian.com\/src\/advanced-technologies\/fr\/wp-json\/wp\/v2\/pages"}],"about":[{"href":"https:\/\/calian.stage.tbkdev.com\/dev\/calian.com\/src\/advanced-technologies\/fr\/wp-json\/wp\/v2\/types\/page"}],"author":[{"embeddable":true,"href":"https:\/\/calian.stage.tbkdev.com\/dev\/calian.com\/src\/advanced-technologies\/fr\/wp-json\/wp\/v2\/users\/7592"}],"replies":[{"embeddable":true,"href":"https:\/\/calian.stage.tbkdev.com\/dev\/calian.com\/src\/advanced-technologies\/fr\/wp-json\/wp\/v2\/comments?post=17514"}],"version-history":[{"count":4,"href":"https:\/\/calian.stage.tbkdev.com\/dev\/calian.com\/src\/advanced-technologies\/fr\/wp-json\/wp\/v2\/pages\/17514\/revisions"}],"predecessor-version":[{"id":17533,"href":"https:\/\/calian.stage.tbkdev.com\/dev\/calian.com\/src\/advanced-technologies\/fr\/wp-json\/wp\/v2\/pages\/17514\/revisions\/17533"}],"wp:featuredmedia":[{"embeddable":true,"href":"https:\/\/calian.stage.tbkdev.com\/dev\/calian.com\/src\/advanced-technologies\/fr\/wp-json\/wp\/v2\/media\/17521"}],"wp:attachment":[{"href":"https:\/\/calian.stage.tbkdev.com\/dev\/calian.com\/src\/advanced-technologies\/fr\/wp-json\/wp\/v2\/media?parent=17514"}],"wp:term":[{"taxonomy":"solution","embeddable":true,"href":"https:\/\/calian.stage.tbkdev.com\/dev\/calian.com\/src\/advanced-technologies\/fr\/wp-json\/wp\/v2\/solution?post=17514"},{"taxonomy":"industry","embeddable":true,"href":"https:\/\/calian.stage.tbkdev.com\/dev\/calian.com\/src\/advanced-technologies\/fr\/wp-json\/wp\/v2\/industry?post=17514"},{"taxonomy":"type_classification","embeddable":true,"href":"https:\/\/calian.stage.tbkdev.com\/dev\/calian.com\/src\/advanced-technologies\/fr\/wp-json\/wp\/v2\/type_classification?post=17514"}],"curies":[{"name":"wp","href":"https:\/\/api.w.org\/{rel}","templated":true}]}}