{"id":16813,"date":"2024-11-12T21:50:13","date_gmt":"2024-11-12T21:50:13","guid":{"rendered":"https:\/\/calian.stage.tbkdev.com\/dev\/calian.com\/src\/advanced-technologies\/?page_id=16813"},"modified":"2025-02-06T20:21:11","modified_gmt":"2025-02-06T20:21:11","slug":"resource-orchestration-for-advanced-satellite-capacity","status":"publish","type":"page","link":"https:\/\/calian.stage.tbkdev.com\/dev\/calian.com\/src\/advanced-technologies\/fr\/resource-orchestration-for-advanced-satellite-capacity\/","title":{"rendered":"Orchestration des ressources pour une capacit\u00e9 satellitaire avanc\u00e9e"},"content":{"rendered":"\n<div class=\"tbk-hydrate-component\" data-cid=\"acae3e51-c5cd-447b-9d32-4f7a1a72e872\" data-component=\"LandingPageHeader\"><header class=\"calian-header landing-page-header calian-header--invert calian-header--style-invert wp-block-calian-com-components-calian-landing-page-header\"><div class=\"calian-header__container container-fluid\"><nav class=\"calian-header__navbar navbar navbar-expand-xl navbar-white\"><div class=\"calian-header__navbar-container container-fluid\"><a class=\"calian-header__navbar-brand navbar-brand\" href=\"\/\"><img decoding=\"async\" src=\"https:\/\/calian.stage.tbkdev.com\/dev\/calian.com\/src\/app\/uploads\/sites\/8\/2023\/08\/logo-colour-1.svg\" alt=\"Calian Group Ltd.\" class=\"img-fluid\"\/><\/a><div class=\"calian-header__navbar-collapse collapse collapse navbar-collapse\"><div class=\"calian-header__navbar-left\"><\/div><div class=\"calian-header__navbar-right\"><ul class=\"nav justify-content-start calian-header__main-nav\"><li class=\"nav-item\"><a class=\"nav-link\" href=\"https:\/\/calian.stage.tbkdev.com\/dev\/calian.com\/src\/www\/advanced-technologies\/space-products-and-services\/\">Space products and services<\/a><\/li><\/ul><\/div><\/div><\/div><\/nav><div class=\"calian-header__cta-search\"><\/div><button type=\"button\" class=\"calian-header__navbar-toggler btn navbar-toggler\" data-bs-toggle=\"offcanvas\" data-bs-target=\".offcanvas\" aria-label=\"Toggle\"><i class=\"icon icon-menu-alternate\"><\/i><\/button><\/div><div class=\"offcanvas offcanvas-end\"><div class=\"offcanvas-header\"><div class=\"offcanvas-header__upper\"><div class=\"offcanvas-header__brand\"><a class=\"calian-header__navbar-brand navbar-brand\" href=\"\/\"><img decoding=\"async\" src=\"https:\/\/calian.stage.tbkdev.com\/dev\/calian.com\/src\/app\/uploads\/sites\/8\/2023\/08\/logo-colour-1.svg\" alt=\"Calian Group Ltd.\" class=\"img-fluid\"\/><\/a><\/div><button type=\"button\" class=\"btn-close text-reset\" data-bs-dismiss=\"offcanvas\" aria-label=\"Close\"><\/button><\/div><\/div><div class=\"offcanvas-body\"><ul class=\"nav justify-content-start flex-column calian-header__main-nav--mobile\"><li class=\"nav-item\"><a class=\"nav-link\" href=\"https:\/\/calian.stage.tbkdev.com\/dev\/calian.com\/src\/www\/advanced-technologies\/space-products-and-services\/\">Space products and services<\/a><\/li><\/ul><div class=\"calian-header__cta-language-select-mobile\"><div class=\"calian-header__cta-language-select-mobile__cta\"><\/div><\/div><\/div><\/div><\/header><\/div>\n\n\n\n<div class=\"tbk-hydrate-component\" data-cid=\"3c034142-f80a-41d5-87f0-ba59b8a2405d\" data-component=\"MainHeroVideo\"><div class=\"calian-main-hero wp-block-calian-com-components-calian-main-hero-video\"><div class=\"main-hero-video position-relative\"><div class=\"main-hero-video__overlay-top\"><\/div><div class=\"main-hero-video__overlay-left\"><\/div><div class=\"main-hero-video__overlay-general\"><\/div><div class=\"main-hero-video__content container-fluid mw-1195px\"><div class=\"row px-3\"><div class=\"col-12 mw-641px p-0\"><h1 class=\"main-hero-video__heading text-white mb-4\">Les avantages commerciaux de l&#x27;orchestration des ressources pour les op\u00e9rateurs de satellites<\/h1><p class=\"main-hero-video__description text-white subheading mb-5\">Les charges utiles des satellites deviennent de plus en plus adaptables et complexes. Alors que les fabricants et les op\u00e9rateurs de satellites con\u00e7oivent et construisent de nouveaux satellites, il est de plus en plus n\u00e9cessaire d&#x27;exploiter pleinement ce potentiel accru, en particulier une fois que la charge utile est en orbite. <\/p><div class=\"main-hero-software__cta-buttons d-flex flex-column flex-sm-row justify-content-start pt-2\"><a href=\"#whitepaper\" class=\"btn btn-primary\">T\u00e9l\u00e9charger le livre blanc<\/a><\/div><\/div><\/div><\/div><video src=\"https:\/\/calian.stage.tbkdev.com\/dev\/calian.com\/src\/app\/uploads\/sites\/8\/2024\/11\/iStock-1182286560.mp4\" class=\"hero-banner__bg-video\" autoplay=\"\" muted=\"\" playsinline=\"\" loop=\"\"><\/video><button class=\"hero-banner__bg-video-btn btn link-white position-absolute z-3 bottom-0 left-0 d-flex justify-content-center align-items-center fs-9 ms-3 ms-lg-5 mb-3 mb-lg-5 p-1\" tabindex=\"0\"><span class=\"icon icon-pause fs-8px me-2\"><\/span>Pause<\/button><\/div><\/div><\/div>\n\n\n\n<div class=\"tbk-hydrate-component\" data-cid=\"c05cbbe1-f85e-4cdd-9062-390336cdd0e3\" data-component=\"Spacer\"><div class=\"calian-spacer calian-spacer--small wp-block-calian-com-components-calian-spacer\"><\/div><\/div>\n\n\n\n<div class=\"wp-block-columns is-layout-flex wp-container-core-columns-is-layout-9d6595d7 wp-block-columns-is-layout-flex\">\n<div class=\"wp-block-column is-layout-flow wp-block-column-is-layout-flow\" style=\"flex-basis:5%\"><\/div>\n\n\n\n<div class=\"wp-block-column is-layout-flow wp-block-column-is-layout-flow\" style=\"flex-basis:45%\">\n<div class=\"tbk-hydrate-component\" data-cid=\"76b6441f-4d60-48ea-883f-025a2ef8fc1d\" data-component=\"Spacer\"><div class=\"calian-spacer wp-block-calian-com-components-calian-spacer\"><\/div><\/div>\n\n\n\n<div class=\"tbk-hydrate-component\" data-cid=\"cf854224-90af-44cc-892e-6b75f3ce20e8\" data-component=\"CalianContainer\"><div class=\"calian-container wp-block-calian-com-components-calian-container\"><div>\n<h4 class=\"wp-block-heading\">Qu&#8217;est-ce que l&#8217;orchestration des ressources satellitaires ?<\/h4>\n\n\n\n<p>L&#8217;orchestration des ressources d&#8217;un satellite (ou d&#8217;une charge utile) fait r\u00e9f\u00e9rence au contr\u00f4le et \u00e0 la gestion enti\u00e8rement optimis\u00e9s des ressources du satellite en orbite et au sol, et \u00e0 l&#8217;acheminement des changements dynamiques sous forme d&#8217;informations ou de d\u00e9cisions via un syst\u00e8me de gestion de r\u00e9seau (NMS).  <\/p>\n\n\n\n<p>L&#8217;orchestration des ressources de charge utile des satellites permettra d&#8217;am\u00e9liorer les services et la qualit\u00e9 de l&#8217;exp\u00e9rience pour les utilisateurs finaux fixes et mobiles et permettra une gestion dynamique et en temps r\u00e9el des ressources afin de maximiser l&#8217;efficacit\u00e9 et, en fin de compte, la capacit\u00e9 vendable de ces actifs essentiels.<\/p>\n<\/div><\/div><\/div>\n<\/div>\n\n\n\n<div class=\"wp-block-column is-layout-flow wp-block-column-is-layout-flow\" style=\"flex-basis:2%\"><\/div>\n\n\n\n<div class=\"wp-block-column is-layout-flow wp-block-column-is-layout-flow\" style=\"flex-basis:45%\">\n<div class=\"tbk-hydrate-component\" data-cid=\"9550fe48-7cc9-4ef7-9870-98669ff2ca94\" data-component=\"ContactCTAHubSpot\"><div id=\"livre blanc\" class=\"calian-contact-cta overflow-hidden position-relative inverted rounded-corners wp-block-calian-com-components-calian-contact-cta-hub-spot\"><div class=\"calian-contact-cta__overlay position-absolute z-2\"><\/div><img loading=\"lazy\" decoding=\"async\" src=\"https:\/\/calian.stage.tbkdev.com\/dev\/calian.com\/src\/app\/dist\/ContactCTA-PlaceholderOne-ZOUWAB3S.jpg\" alt=\"\" width=\"720\" height=\"814\" class=\"calian-contact-cta__background-image position-absolute z-1\"\/><div class=\"calian-contact-cta__container mx-auto py-5 py-md-10 position-relative z-3\"><div class=\"d-flex\"><div class=\"calian-contact-cta__form mx-auto px-3\"><div class=\"hs-form__container\"><div class=\"hs-form__container-inner\"><div class=\"d-flex justify-content-center p-1\"><div class=\"spinner-border text-primary \" role=\"status\" style=\"width:3rem;height:3rem\"><span class=\"visually-hidden\">Loading&#8230;<\/span><\/div><\/div><div class=\"hs-form__target\"><\/div><\/div><\/div><\/div><\/div><\/div><\/div><\/div>\n<\/div>\n\n\n\n<div class=\"wp-block-column is-layout-flow wp-block-column-is-layout-flow\" style=\"flex-basis:5%\"><\/div>\n<\/div>\n\n\n\n<div class=\"tbk-hydrate-component\" data-cid=\"ea0928fd-8621-413d-a364-9f732e81cfc6\" data-component=\"Spacer\"><div class=\"calian-spacer wp-block-calian-com-components-calian-spacer\"><\/div><\/div>\n\n\n\n<div class=\"tbk-hydrate-component\" data-cid=\"fca901ad-8a83-4d38-98a4-83453af1d83c\" data-component=\"LandingPageFooter\"><div class=\"landing-page-footer wp-block-calian-com-components-calian-landing-page-footer\"><div class=\"landing-page-footer__container container-fluid\"><a class=\"landing-page-footer__logo-link\" href=\"\/\"><img loading=\"lazy\" decoding=\"async\" src=\"https:\/\/calian.stage.tbkdev.com\/dev\/calian.com\/src\/app\/dist\/logo-colour-VCKAOBN5.svg\" alt=\"\" width=\"180\" height=\"65\" class=\"landing-page-footer__logo-img\"\/><\/a><p class=\"landing-page-footer__copyright\">\u00a9 2025 Calian Group Ltd. CNESST# AR-2000790<\/p><ul class=\"landing-page-footer__bottom--social-icons list-unstyled\"><li><a href=\"https:\/\/www.linkedin.com\/company\/calian-advanced-technologies\/\" target=\"_blank\" aria-label=\"linkedin\" class=\"share-icon-link\" rel=\"noopener\"><i class=\"icon icon-linkedin\"><\/i><\/a><\/li><\/ul><\/div><\/div><\/div>\n","protected":false},"excerpt":{"rendered":"<p><a class=\"calian-header__navbar-brand navbar-brand\" href=\"\/\"> <\/a> <\/p>\n<ul class=\"nav justify-content-start calian-header__main-nav\">\n<li class=\"nav-item\"> <a class=\"nav-link\" href=\"https:\/\/calian.stage.tbkdev.com\/dev\/calian.com\/src\/www\/advanced-technologies\/space-products-and-services\/\"> Space products and services <\/a> <\/li>\n<\/ul>\n<p> <a class=\"calian-header__navbar-brand navbar-brand\" href=\"\/\"> <\/a> <\/p>\n<ul class=\"nav justify-content-start flex-column calian-header__main-nav--mobile\">\n<li class=\"nav-item\"> <a class=\"nav-link\" href=\"https:\/\/calian.stage.tbkdev.com\/dev\/calian.com\/src\/www\/advanced-technologies\/space-products-and-services\/\"> Space products and services <\/a> <\/li>\n<\/ul>\n<p> Les avantages commerciaux de l&#x27;orchestration des ressources pour les op\u00e9rateurs de satellites <\/p>\n<p class=\"main-hero-video__description text-white subheading mb-5\"> &hellip;<\/p>\n","protected":false},"author":7592,"featured_media":4202,"parent":0,"menu_order":19,"comment_status":"closed","ping_status":"closed","template":"page-landing-page.php","meta":{"_acf_changed":false,"content-type":"","footnotes":""},"solution":[],"industry":[201],"type_classification":[],"class_list":["post-16813","page","type-page","status-publish","has-post-thumbnail","hentry","industry-navigation-et-orientation-fr"],"acf":[],"yoast_head":"<!-- This site is optimized with the Yoast SEO plugin v26.4 - https:\/\/yoast.com\/wordpress\/plugins\/seo\/ -->\n<title>Orchestration des ressources pour une capacit\u00e9 satellitaire avanc\u00e9e - AT | Calian<\/title>\n<meta name=\"description\" content=\"D\u00e9couvrez le pouvoir de transformation de l&#039;orchestration des ressources dans notre dernier livre blanc, \u00e9labor\u00e9 avec ST Engineering iDirect.\" \/>\n<meta name=\"robots\" content=\"noindex, follow, max-snippet:-1, max-image-preview:large, max-video-preview:-1\" \/>\n<meta property=\"og:locale\" content=\"fr_FR\" \/>\n<meta property=\"og:type\" content=\"article\" \/>\n<meta property=\"og:title\" content=\"Orchestration des ressources pour une capacit\u00e9 satellitaire avanc\u00e9e - AT | Calian\" \/>\n<meta property=\"og:description\" content=\"D\u00e9couvrez le pouvoir de transformation de l&#039;orchestration des ressources dans notre dernier livre blanc, \u00e9labor\u00e9 avec ST Engineering iDirect.\" \/>\n<meta property=\"og:url\" content=\"https:\/\/calian.stage.tbkdev.com\/dev\/calian.com\/src\/advanced-technologies\/fr\/resource-orchestration-for-advanced-satellite-capacity\/\" \/>\n<meta property=\"og:site_name\" content=\"Technologies Avanc\u00e9es\" \/>\n<meta property=\"article:modified_time\" content=\"2025-02-06T20:21:11+00:00\" \/>\n<meta property=\"og:image\" content=\"https:\/\/calian.stage.tbkdev.com\/dev\/calian.com\/src\/app\/uploads\/sites\/8\/2024\/01\/iStock-1091446272.jpeg\" \/>\n\t<meta property=\"og:image:width\" content=\"1365\" \/>\n\t<meta property=\"og:image:height\" content=\"768\" \/>\n\t<meta property=\"og:image:type\" content=\"image\/jpeg\" \/>\n<meta name=\"twitter:card\" content=\"summary_large_image\" \/>\n<meta name=\"twitter:label1\" content=\"Est. reading time\" \/>\n\t<meta name=\"twitter:data1\" content=\"2 minutes\" \/>\n<script type=\"application\/ld+json\" class=\"yoast-schema-graph\">{\"@context\":\"https:\/\/schema.org\",\"@graph\":[{\"@type\":\"WebPage\",\"@id\":\"https:\/\/calian.stage.tbkdev.com\/dev\/calian.com\/src\/advanced-technologies\/fr\/resource-orchestration-for-advanced-satellite-capacity\/\",\"url\":\"https:\/\/calian.stage.tbkdev.com\/dev\/calian.com\/src\/advanced-technologies\/fr\/resource-orchestration-for-advanced-satellite-capacity\/\",\"name\":\"Orchestration des ressources pour une capacit\u00e9 satellitaire avanc\u00e9e - AT | Calian\",\"isPartOf\":{\"@id\":\"https:\/\/calian.stage.tbkdev.com\/dev\/calian.com\/src\/advanced-technologies\/fr\/#website\"},\"primaryImageOfPage\":{\"@id\":\"https:\/\/calian.stage.tbkdev.com\/dev\/calian.com\/src\/advanced-technologies\/fr\/resource-orchestration-for-advanced-satellite-capacity\/#primaryimage\"},\"image\":{\"@id\":\"https:\/\/calian.stage.tbkdev.com\/dev\/calian.com\/src\/advanced-technologies\/fr\/resource-orchestration-for-advanced-satellite-capacity\/#primaryimage\"},\"thumbnailUrl\":\"https:\/\/calian.stage.tbkdev.com\/dev\/calian.com\/src\/app\/uploads\/sites\/8\/2024\/01\/iStock-1091446272.jpeg\",\"datePublished\":\"2024-11-12T21:50:13+00:00\",\"dateModified\":\"2025-02-06T20:21:11+00:00\",\"description\":\"D\u00e9couvrez le pouvoir de transformation de l'orchestration des ressources dans notre dernier livre blanc, \u00e9labor\u00e9 avec ST Engineering iDirect.\",\"inLanguage\":\"fr-FR\",\"potentialAction\":[{\"@type\":\"ReadAction\",\"target\":[\"https:\/\/calian.stage.tbkdev.com\/dev\/calian.com\/src\/advanced-technologies\/fr\/resource-orchestration-for-advanced-satellite-capacity\/\"]}]},{\"@type\":\"ImageObject\",\"inLanguage\":\"fr-FR\",\"@id\":\"https:\/\/calian.stage.tbkdev.com\/dev\/calian.com\/src\/advanced-technologies\/fr\/resource-orchestration-for-advanced-satellite-capacity\/#primaryimage\",\"url\":\"https:\/\/calian.stage.tbkdev.com\/dev\/calian.com\/src\/app\/uploads\/sites\/8\/2024\/01\/iStock-1091446272.jpeg\",\"contentUrl\":\"https:\/\/calian.stage.tbkdev.com\/dev\/calian.com\/src\/app\/uploads\/sites\/8\/2024\/01\/iStock-1091446272.jpeg\",\"width\":1365,\"height\":768,\"caption\":\"GPS or Weather Satellite orbiting Earth. CG image.\"},{\"@type\":\"WebSite\",\"@id\":\"https:\/\/calian.stage.tbkdev.com\/dev\/calian.com\/src\/advanced-technologies\/fr\/#website\",\"url\":\"https:\/\/calian.stage.tbkdev.com\/dev\/calian.com\/src\/advanced-technologies\/fr\/\",\"name\":\"Technologies Avanc\u00e9es\",\"description\":\"\",\"potentialAction\":[{\"@type\":\"SearchAction\",\"target\":{\"@type\":\"EntryPoint\",\"urlTemplate\":\"https:\/\/calian.stage.tbkdev.com\/dev\/calian.com\/src\/advanced-technologies\/fr\/?s={search_term_string}\"},\"query-input\":{\"@type\":\"PropertyValueSpecification\",\"valueRequired\":true,\"valueName\":\"search_term_string\"}}],\"inLanguage\":\"fr-FR\"}]}<\/script>\n<!-- \/ Yoast SEO plugin. -->","yoast_head_json":{"title":"Orchestration des ressources pour une capacit\u00e9 satellitaire avanc\u00e9e - AT | Calian","description":"D\u00e9couvrez le pouvoir de transformation de l'orchestration des ressources dans notre dernier livre blanc, \u00e9labor\u00e9 avec ST Engineering iDirect.","robots":{"index":"noindex","follow":"follow","max-snippet":"max-snippet:-1","max-image-preview":"max-image-preview:large","max-video-preview":"max-video-preview:-1"},"og_locale":"fr_FR","og_type":"article","og_title":"Orchestration des ressources pour une capacit\u00e9 satellitaire avanc\u00e9e - AT | Calian","og_description":"D\u00e9couvrez le pouvoir de transformation de l'orchestration des ressources dans notre dernier livre blanc, \u00e9labor\u00e9 avec ST Engineering iDirect.","og_url":"https:\/\/calian.stage.tbkdev.com\/dev\/calian.com\/src\/advanced-technologies\/fr\/resource-orchestration-for-advanced-satellite-capacity\/","og_site_name":"Technologies Avanc\u00e9es","article_modified_time":"2025-02-06T20:21:11+00:00","og_image":[{"width":1365,"height":768,"url":"https:\/\/calian.stage.tbkdev.com\/dev\/calian.com\/src\/app\/uploads\/sites\/8\/2024\/01\/iStock-1091446272.jpeg","type":"image\/jpeg"}],"twitter_card":"summary_large_image","twitter_misc":{"Est. reading time":"2 minutes"},"schema":{"@context":"https:\/\/schema.org","@graph":[{"@type":"WebPage","@id":"https:\/\/calian.stage.tbkdev.com\/dev\/calian.com\/src\/advanced-technologies\/fr\/resource-orchestration-for-advanced-satellite-capacity\/","url":"https:\/\/calian.stage.tbkdev.com\/dev\/calian.com\/src\/advanced-technologies\/fr\/resource-orchestration-for-advanced-satellite-capacity\/","name":"Orchestration des ressources pour une capacit\u00e9 satellitaire avanc\u00e9e - AT | Calian","isPartOf":{"@id":"https:\/\/calian.stage.tbkdev.com\/dev\/calian.com\/src\/advanced-technologies\/fr\/#website"},"primaryImageOfPage":{"@id":"https:\/\/calian.stage.tbkdev.com\/dev\/calian.com\/src\/advanced-technologies\/fr\/resource-orchestration-for-advanced-satellite-capacity\/#primaryimage"},"image":{"@id":"https:\/\/calian.stage.tbkdev.com\/dev\/calian.com\/src\/advanced-technologies\/fr\/resource-orchestration-for-advanced-satellite-capacity\/#primaryimage"},"thumbnailUrl":"https:\/\/calian.stage.tbkdev.com\/dev\/calian.com\/src\/app\/uploads\/sites\/8\/2024\/01\/iStock-1091446272.jpeg","datePublished":"2024-11-12T21:50:13+00:00","dateModified":"2025-02-06T20:21:11+00:00","description":"D\u00e9couvrez le pouvoir de transformation de l'orchestration des ressources dans notre dernier livre blanc, \u00e9labor\u00e9 avec ST Engineering iDirect.","inLanguage":"fr-FR","potentialAction":[{"@type":"ReadAction","target":["https:\/\/calian.stage.tbkdev.com\/dev\/calian.com\/src\/advanced-technologies\/fr\/resource-orchestration-for-advanced-satellite-capacity\/"]}]},{"@type":"ImageObject","inLanguage":"fr-FR","@id":"https:\/\/calian.stage.tbkdev.com\/dev\/calian.com\/src\/advanced-technologies\/fr\/resource-orchestration-for-advanced-satellite-capacity\/#primaryimage","url":"https:\/\/calian.stage.tbkdev.com\/dev\/calian.com\/src\/app\/uploads\/sites\/8\/2024\/01\/iStock-1091446272.jpeg","contentUrl":"https:\/\/calian.stage.tbkdev.com\/dev\/calian.com\/src\/app\/uploads\/sites\/8\/2024\/01\/iStock-1091446272.jpeg","width":1365,"height":768,"caption":"GPS or Weather Satellite orbiting Earth. CG image."},{"@type":"WebSite","@id":"https:\/\/calian.stage.tbkdev.com\/dev\/calian.com\/src\/advanced-technologies\/fr\/#website","url":"https:\/\/calian.stage.tbkdev.com\/dev\/calian.com\/src\/advanced-technologies\/fr\/","name":"Technologies Avanc\u00e9es","description":"","potentialAction":[{"@type":"SearchAction","target":{"@type":"EntryPoint","urlTemplate":"https:\/\/calian.stage.tbkdev.com\/dev\/calian.com\/src\/advanced-technologies\/fr\/?s={search_term_string}"},"query-input":{"@type":"PropertyValueSpecification","valueRequired":true,"valueName":"search_term_string"}}],"inLanguage":"fr-FR"}]}},"_links":{"self":[{"href":"https:\/\/calian.stage.tbkdev.com\/dev\/calian.com\/src\/advanced-technologies\/fr\/wp-json\/wp\/v2\/pages\/16813","targetHints":{"allow":["GET"]}}],"collection":[{"href":"https:\/\/calian.stage.tbkdev.com\/dev\/calian.com\/src\/advanced-technologies\/fr\/wp-json\/wp\/v2\/pages"}],"about":[{"href":"https:\/\/calian.stage.tbkdev.com\/dev\/calian.com\/src\/advanced-technologies\/fr\/wp-json\/wp\/v2\/types\/page"}],"author":[{"embeddable":true,"href":"https:\/\/calian.stage.tbkdev.com\/dev\/calian.com\/src\/advanced-technologies\/fr\/wp-json\/wp\/v2\/users\/7592"}],"replies":[{"embeddable":true,"href":"https:\/\/calian.stage.tbkdev.com\/dev\/calian.com\/src\/advanced-technologies\/fr\/wp-json\/wp\/v2\/comments?post=16813"}],"version-history":[{"count":6,"href":"https:\/\/calian.stage.tbkdev.com\/dev\/calian.com\/src\/advanced-technologies\/fr\/wp-json\/wp\/v2\/pages\/16813\/revisions"}],"predecessor-version":[{"id":17546,"href":"https:\/\/calian.stage.tbkdev.com\/dev\/calian.com\/src\/advanced-technologies\/fr\/wp-json\/wp\/v2\/pages\/16813\/revisions\/17546"}],"wp:featuredmedia":[{"embeddable":true,"href":"https:\/\/calian.stage.tbkdev.com\/dev\/calian.com\/src\/advanced-technologies\/fr\/wp-json\/wp\/v2\/media\/4202"}],"wp:attachment":[{"href":"https:\/\/calian.stage.tbkdev.com\/dev\/calian.com\/src\/advanced-technologies\/fr\/wp-json\/wp\/v2\/media?parent=16813"}],"wp:term":[{"taxonomy":"solution","embeddable":true,"href":"https:\/\/calian.stage.tbkdev.com\/dev\/calian.com\/src\/advanced-technologies\/fr\/wp-json\/wp\/v2\/solution?post=16813"},{"taxonomy":"industry","embeddable":true,"href":"https:\/\/calian.stage.tbkdev.com\/dev\/calian.com\/src\/advanced-technologies\/fr\/wp-json\/wp\/v2\/industry?post=16813"},{"taxonomy":"type_classification","embeddable":true,"href":"https:\/\/calian.stage.tbkdev.com\/dev\/calian.com\/src\/advanced-technologies\/fr\/wp-json\/wp\/v2\/type_classification?post=16813"}],"curies":[{"name":"wp","href":"https:\/\/api.w.org\/{rel}","templated":true}]}}