{"id":14680,"date":"2024-07-05T18:33:23","date_gmt":"2024-07-05T18:33:23","guid":{"rendered":"https:\/\/calian.stage.tbkdev.com\/dev\/calian.com\/src\/advanced-technologies\/enregistrement-du-produit-docsis\/"},"modified":"2024-07-10T21:07:57","modified_gmt":"2024-07-10T21:07:57","slug":"enregistrement-du-produit-docsis","status":"publish","type":"page","link":"https:\/\/calian.stage.tbkdev.com\/dev\/calian.com\/src\/advanced-technologies\/fr\/enregistrement-du-produit-docsis\/","title":{"rendered":"Enregistrement du produit DOCSIS"},"content":{"rendered":"\n<div class=\"tbk-hydrate-component\" data-cid=\"abeaed02-1487-4d47-a98a-992fa9c31c0e\" data-component=\"LandingPageHeader\"><header class=\"calian-header landing-page-header calian-header--invert wp-block-calian-com-components-calian-landing-page-header\"><div class=\"calian-header__container container-fluid\"><nav class=\"calian-header__navbar navbar navbar-expand-xl navbar-white\"><div class=\"calian-header__navbar-container container-fluid\"><a class=\"calian-header__navbar-brand navbar-brand\" href=\"  https:\/\/calian.stage.tbkdev.com\/dev\/calian.com\/src\/www\/\"><img decoding=\"async\" src=\"https:\/\/calian.stage.tbkdev.com\/dev\/calian.com\/src\/app\/uploads\/sites\/8\/2023\/08\/logo-colour-1.svg\" alt=\"Calian Group Ltd.\" class=\"img-fluid\"\/><\/a><div class=\"calian-header__navbar-collapse collapse collapse navbar-collapse\"><div class=\"calian-header__navbar-left\"><\/div><div class=\"calian-header__navbar-right\"><ul class=\"nav justify-content-start calian-header__main-nav\"><li class=\"nav-item\"><a class=\"nav-link\" href=\"https:\/\/calian.stage.tbkdev.com\/dev\/calian.com\/src\/www\/advanced-technologies\/cableaccess\/docsis-test-measurement\/\">DOCSIS testing products and solutions<\/a><\/li><li class=\"nav-item\"><a class=\"nav-link\" href=\"https:\/\/calian.stage.tbkdev.com\/dev\/calian.com\/src\/www\/advanced-technologies\/products\/cable-access\/#!page=1&amp;total=4\">Product Catalogue<\/a><\/li><li class=\"nav-item\"><a class=\"nav-link\" href=\"https:\/\/calian.stage.tbkdev.com\/dev\/calian.com\/src\/www\/advanced-technologies\/fr\/enregistrement-du-produit-docsis\/\">Fran\u00e7ais<\/a><\/li><\/ul><\/div><\/div><\/div><\/nav><div class=\"calian-header__cta-search\"><\/div><button type=\"button\" class=\"calian-header__navbar-toggler btn navbar-toggler\" data-bs-toggle=\"offcanvas\" data-bs-target=\".offcanvas\" aria-label=\"Toggle\"><i class=\"icon icon-menu-alternate\"><\/i><\/button><\/div><div class=\"offcanvas offcanvas-end\"><div class=\"offcanvas-header\"><div class=\"offcanvas-header__upper\"><div class=\"offcanvas-header__brand\"><a class=\"calian-header__navbar-brand navbar-brand\" href=\"  https:\/\/calian.stage.tbkdev.com\/dev\/calian.com\/src\/www\/\"><img decoding=\"async\" src=\"https:\/\/calian.stage.tbkdev.com\/dev\/calian.com\/src\/app\/uploads\/sites\/8\/2023\/08\/logo-colour-1.svg\" alt=\"Calian Group Ltd.\" class=\"img-fluid\"\/><\/a><\/div><button type=\"button\" class=\"btn-close text-reset\" data-bs-dismiss=\"offcanvas\" aria-label=\"Close\"><\/button><\/div><\/div><div class=\"offcanvas-body\"><ul class=\"nav justify-content-start flex-column calian-header__main-nav--mobile\"><li class=\"nav-item\"><a class=\"nav-link\" href=\"https:\/\/calian.stage.tbkdev.com\/dev\/calian.com\/src\/www\/advanced-technologies\/cableaccess\/docsis-test-measurement\/\">DOCSIS testing products and solutions<\/a><\/li><li class=\"nav-item\"><a class=\"nav-link\" href=\"https:\/\/calian.stage.tbkdev.com\/dev\/calian.com\/src\/www\/advanced-technologies\/products\/cable-access\/#!page=1&amp;total=4\">Product Catalogue<\/a><\/li><li class=\"nav-item\"><a class=\"nav-link\" href=\"https:\/\/calian.stage.tbkdev.com\/dev\/calian.com\/src\/www\/advanced-technologies\/fr\/enregistrement-du-produit-docsis\/\">Fran\u00e7ais<\/a><\/li><\/ul><div class=\"calian-header__cta-language-select-mobile\"><div class=\"calian-header__cta-language-select-mobile__cta\"><\/div><\/div><\/div><\/div><\/header><\/div>\n\n\n\n<div class=\"tbk-hydrate-component\" data-cid=\"cba37d10-80b4-465b-8e21-c69dbbdab481\" data-component=\"Hero\"><section class=\"calian-hero d-flex h-100 position-relative overflow-hidden nav-indent wp-block-calian-com-components-calian-hero media-position-wallpaper overlay-themed breadcrumbs-hidden\"><div class=\"container\"><div class=\"row\"><div class=\"calian-hero__content d-flex col-lg flex-column pb-3 justify-content-center mx-auto h-100 text-center\"><div class=\"calian-hero__copy-wrapper\"><p class=\"h4 calian-hero__eyebrow text-white\">Enregistrement du produit<\/p><h1 class=\"calian-hero__heading text-white\">Produits d&#x27;essai DOCSIS<\/h1><div class=\"calian-hero__text text-white mt-2 mb-4\"><br><\/div><\/div><\/div><div class=\"calian-hero__media col-md w-100 h-100 media-style-wallpaper position-absolute opacity-25 top-0 start-0 p-0\"><div class=\"media-wrapper ml-auto mr-0 w-100 h-100\"><div class=\"advanced-image w-100 h-100\"><img loading=\"lazy\" decoding=\"async\" src=\"https:\/\/calian.stage.tbkdev.com\/dev\/calian.com\/src\/app\/uploads\/sites\/8\/2024\/07\/iStock-1412155608-1024x341.jpg\" alt=\"A digital illustration featuring a dark background with fluctuating waves composed of small, glowing white dots and particles.\" width=\"1024\" height=\"341\" class=\"calian-hero__image\"\/><\/div><\/div><\/div><\/div><\/div><div class=\"calian-hero__overlay overlay-themed position-absolute w-100 h-100 top-0 start-0 has-image\"><\/div><span><\/span><\/section><\/div>\n\n\n\n<div class=\"tbk-hydrate-component\" data-cid=\"1fc4a9d4-3f27-443c-83a6-c3d95f01aaef\" data-component=\"VerticalTextGalleryFeature\"><div id=\"mise \u00e0 jour du produit\" class=\"calian-vertical-text-gallery-feature overflow-hidden 0 theme-light calian-vertical-text-gallery-feature--no-quote\"><div class=\"calian-vertical-text-gallery-feature__container container-fluid\"><div class=\"calian-vertical-text-gallery-feature__top-content row\"><div class=\"calian-vertical-text-gallery-feature__top-content--left col-12 col-lg-6\"><div class=\"calian-vertical-text-gallery-feature__description\">Calian a acquis les droits de trois produits de test DOCSIS de Rohde &amp; Schwarz: <strong>DSA DOCSIS Signal Analyzer<\/strong>,<strong> CLGD DOCSIS Cable Load Gener<\/strong> ator et <strong>SFD DOCSIS Signal Generator<\/strong>. Nous nous engageons \u00e0 ce que les utilisateurs actuels de ces produits continuent \u00e0 b\u00e9n\u00e9ficier d&#8217;une assistance fiable et opportune. En enregistrant vos produits DSA, CLGD et SFD aupr\u00e8s de Calian, vous pouvez compter sur des services de garantie, de r\u00e9paration et d&#8217;\u00e9talonnage plus rapides et plus fiables.&nbsp;<\/div><a href=\"#contact-form\" class=\"btn btn-primary calian-vertical-text-gallery-feature__cta-btn\">Enregistrez votre produit<\/a><\/div><div class=\"calian-vertical-text-gallery-feature__top-content--right col-12 col-lg-6\"><div class=\"calian-vertical-text-gallery-feature__quote\"><p>Avec votre permission, nous vous informerons des nouvelles mises \u00e0 jour logicielles pour votre\/vos produit(s), des nouvelles am\u00e9liorations et des nouvelles versions des produits de test DOCSIS. <\/p><\/div><\/div><\/div><div class=\"row\"><div class=\"col-12\"><div class=\"calian-vertical-text-gallery-feature__image-container\"><div class=\"calian-vertical-text-gallery-feature__image-one\"><img loading=\"lazy\" decoding=\"async\" src=\"https:\/\/calian.stage.tbkdev.com\/dev\/calian.com\/src\/app\/uploads\/sites\/8\/2024\/06\/DSA-150x150.jpg\" alt=\"A signal analyzer with a blue and white casing, featuring a handle on the side, USB ports, a display screen, and buttons for control.\" width=\"1024\" height=\"982\" class=\"img-fluid\"\/><\/div><div class=\"calian-vertical-text-gallery-feature__image-two\"><img loading=\"lazy\" decoding=\"async\" src=\"https:\/\/calian.stage.tbkdev.com\/dev\/calian.com\/src\/app\/uploads\/sites\/8\/2024\/06\/CLGD-150x150.jpg\" alt=\"A blue and gray R&amp;S GLD directly connected cable load generator featuring several ports and status indicators on the front panel.\" width=\"1024\" height=\"963\" class=\"img-fluid\"\/><\/div><div class=\"calian-vertical-text-gallery-feature__image-three\"><img loading=\"lazy\" decoding=\"async\" src=\"https:\/\/calian.stage.tbkdev.com\/dev\/calian.com\/src\/app\/uploads\/sites\/8\/2024\/06\/SFD-150x150.jpg\" alt=\"A rectangular electronic device with blue sides and a white front panel labeled &quot;ROHDE &amp; SCHWARZ SFD \u2013 DOCSIS\u00ae Signal Generator&quot; featuring various ports and connectors.\" width=\"905\" height=\"1024\" class=\"img-fluid\"\/><\/div><\/div><\/div><\/div><\/div><\/div><\/div>\n\n\n\n<div class=\"tbk-hydrate-component\" data-cid=\"7f167176-2a4c-43f6-94e1-e62e4c9b83fa\" data-component=\"ContactCTAHubSpot\"><div id=\"contact-form\" class=\"calian-contact-cta overflow-hidden position-relative inverted wp-block-calian-com-components-calian-contact-cta-hub-spot\"><div class=\"calian-contact-cta__overlay position-absolute z-2\"><\/div><img loading=\"lazy\" decoding=\"async\" src=\"https:\/\/calian.stage.tbkdev.com\/dev\/calian.com\/src\/app\/uploads\/sites\/8\/2024\/05\/iStock-1384903207-1-1024x576.jpg\" alt=\"A digital 3D rendering of Earth with glowing blue lines and nodes, representing a network or data connectivity, set against a dark background.\" width=\"1024\" height=\"576\" class=\"calian-contact-cta__background-image position-absolute z-1\"\/><div class=\"calian-contact-cta__container mx-auto py-5 py-md-10 position-relative z-3\"><div class=\"d-flex\"><div class=\"calian-contact-cta__form mx-auto me-lg-0 px-3\"><div class=\"hs-form__container\"><div class=\"hs-form__container-inner\"><div class=\"d-flex justify-content-center p-1\"><div class=\"spinner-border text-primary \" role=\"status\" style=\"width:3rem;height:3rem\"><span class=\"visually-hidden\">Loading&#8230;<\/span><\/div><\/div><div class=\"hs-form__target\"><\/div><\/div><\/div><\/div><\/div><\/div><\/div><\/div>\n\n\n\n<div class=\"tbk-hydrate-component\" data-cid=\"340dd680-cd47-4465-87a3-5947b89b283b\" data-component=\"LandingPageFooter\"><div class=\"landing-page-footer wp-block-calian-com-components-calian-landing-page-footer\"><div class=\"landing-page-footer__container container-fluid\"><a class=\"landing-page-footer__logo-link\" href=\"\/\"><img loading=\"lazy\" decoding=\"async\" src=\"https:\/\/calian.stage.tbkdev.com\/dev\/calian.com\/src\/app\/dist\/logo-colour-VCKAOBN5.svg\" alt=\"\" width=\"180\" height=\"65\" class=\"landing-page-footer__logo-img\"\/><\/a><p class=\"landing-page-footer__copyright\">2024 Calian Group Ltd. CNESST# AR-2000790<\/p><ul class=\"landing-page-footer__bottom--social-icons list-unstyled\"><li><a href=\"https:\/\/ca.linkedin.com\/company\/calian\" target=\"_blank\" aria-label=\"linkedin\" class=\"share-icon-link\" rel=\"noopener\"><i class=\"icon icon-linkedin\"><\/i><\/a><\/li><\/ul><\/div><\/div><\/div>\n","protected":false},"excerpt":{"rendered":"<p><a class=\"calian-header__navbar-brand navbar-brand\" href=\" https:\/\/calian.stage.tbkdev.com\/dev\/calian.com\/src\/www\/\"> <\/a> <\/p>\n<ul class=\"nav justify-content-start calian-header__main-nav\">\n<li class=\"nav-item\"> <a class=\"nav-link\" href=\"https:\/\/calian.stage.tbkdev.com\/dev\/calian.com\/src\/www\/advanced-technologies\/cableaccess\/docsis-test-measurement\/\"> DOCSIS testing products and solutions <\/a> <\/li>\n<li class=\"nav-item\"> <a class=\"nav-link\" href=\"https:\/\/calian.stage.tbkdev.com\/dev\/calian.com\/src\/www\/advanced-technologies\/products\/cable-access\/#!page=1&amp;total=4\"> Product Catalogue <\/a> <\/li>\n<li class=\"nav-item\"> <a class=\"nav-link\" href=\"https:\/\/calian.stage.tbkdev.com\/dev\/calian.com\/src\/www\/advanced-technologies\/fr\/enregistrement-du-produit-docsis\/\"> Fran\u00e7ais <\/a> <\/li>\n<\/ul>\n<p> <a class=\"calian-header__navbar-brand navbar-brand\" href=\" https:\/\/calian.stage.tbkdev.com\/dev\/calian.com\/src\/www\/\"> <\/a> <\/p>\n<ul class=\"nav justify-content-start flex-column calian-header__main-nav--mobile\">\n<li class=\"nav-item\"> <a class=\"nav-link\" href=\"https:\/\/calian.stage.tbkdev.com\/dev\/calian.com\/src\/www\/advanced-technologies\/cableaccess\/docsis-test-measurement\/\"> DOCSIS testing products and &hellip;<\/a><\/li>\n<\/ul>\n","protected":false},"author":7592,"featured_media":14711,"parent":0,"menu_order":31,"comment_status":"closed","ping_status":"closed","template":"page-landing-page.php","meta":{"_acf_changed":false,"content-type":"","footnotes":""},"solution":[],"industry":[],"type_classification":[],"class_list":["post-14680","page","type-page","status-publish","has-post-thumbnail","hentry"],"acf":[],"yoast_head":"<!-- This site is optimized with the Yoast SEO plugin v26.4 - https:\/\/yoast.com\/wordpress\/plugins\/seo\/ -->\n<title>Enregistrement du produit DOCSIS - AT | Calian<\/title>\n<meta name=\"robots\" content=\"noindex, follow, max-snippet:-1, max-image-preview:large, max-video-preview:-1\" \/>\n<meta property=\"og:locale\" content=\"fr_FR\" \/>\n<meta property=\"og:type\" content=\"article\" \/>\n<meta property=\"og:title\" content=\"Enregistrement du produit DOCSIS - AT | Calian\" \/>\n<meta property=\"og:description\" content=\"DOCSIS testing products and solutions   Product Catalogue   Fran\u00e7ais     DOCSIS testing products and &hellip;\" \/>\n<meta property=\"og:url\" content=\"https:\/\/calian.stage.tbkdev.com\/dev\/calian.com\/src\/advanced-technologies\/fr\/enregistrement-du-produit-docsis\/\" \/>\n<meta property=\"og:site_name\" content=\"Technologies Avanc\u00e9es\" \/>\n<meta property=\"article:modified_time\" content=\"2024-07-10T21:07:57+00:00\" \/>\n<meta property=\"og:image\" content=\"https:\/\/calian.stage.tbkdev.com\/dev\/calian.com\/src\/app\/uploads\/sites\/8\/2024\/07\/iStock-1412155608-scaled.jpg\" \/>\n\t<meta property=\"og:image:width\" content=\"2560\" \/>\n\t<meta property=\"og:image:height\" content=\"853\" \/>\n\t<meta property=\"og:image:type\" content=\"image\/jpeg\" \/>\n<meta name=\"twitter:card\" content=\"summary_large_image\" \/>\n<meta name=\"twitter:label1\" content=\"Est. reading time\" \/>\n\t<meta name=\"twitter:data1\" content=\"3 minutes\" \/>\n<script type=\"application\/ld+json\" class=\"yoast-schema-graph\">{\"@context\":\"https:\/\/schema.org\",\"@graph\":[{\"@type\":\"WebPage\",\"@id\":\"https:\/\/calian.stage.tbkdev.com\/dev\/calian.com\/src\/advanced-technologies\/fr\/enregistrement-du-produit-docsis\/\",\"url\":\"https:\/\/calian.stage.tbkdev.com\/dev\/calian.com\/src\/advanced-technologies\/fr\/enregistrement-du-produit-docsis\/\",\"name\":\"Enregistrement du produit DOCSIS - AT | Calian\",\"isPartOf\":{\"@id\":\"https:\/\/calian.stage.tbkdev.com\/dev\/calian.com\/src\/advanced-technologies\/fr\/#website\"},\"primaryImageOfPage\":{\"@id\":\"https:\/\/calian.stage.tbkdev.com\/dev\/calian.com\/src\/advanced-technologies\/fr\/enregistrement-du-produit-docsis\/#primaryimage\"},\"image\":{\"@id\":\"https:\/\/calian.stage.tbkdev.com\/dev\/calian.com\/src\/advanced-technologies\/fr\/enregistrement-du-produit-docsis\/#primaryimage\"},\"thumbnailUrl\":\"https:\/\/calian.stage.tbkdev.com\/dev\/calian.com\/src\/app\/uploads\/sites\/8\/2024\/07\/iStock-1412155608-scaled.jpg\",\"datePublished\":\"2024-07-05T18:33:23+00:00\",\"dateModified\":\"2024-07-10T21:07:57+00:00\",\"inLanguage\":\"fr-FR\",\"potentialAction\":[{\"@type\":\"ReadAction\",\"target\":[\"https:\/\/calian.stage.tbkdev.com\/dev\/calian.com\/src\/advanced-technologies\/fr\/enregistrement-du-produit-docsis\/\"]}]},{\"@type\":\"ImageObject\",\"inLanguage\":\"fr-FR\",\"@id\":\"https:\/\/calian.stage.tbkdev.com\/dev\/calian.com\/src\/advanced-technologies\/fr\/enregistrement-du-produit-docsis\/#primaryimage\",\"url\":\"https:\/\/calian.stage.tbkdev.com\/dev\/calian.com\/src\/app\/uploads\/sites\/8\/2024\/07\/iStock-1412155608-scaled.jpg\",\"contentUrl\":\"https:\/\/calian.stage.tbkdev.com\/dev\/calian.com\/src\/app\/uploads\/sites\/8\/2024\/07\/iStock-1412155608-scaled.jpg\",\"width\":2560,\"height\":853,\"caption\":\"Dynamic blue particle wave. Futuristic point wave. Flow digital structure. Data technology background.\"},{\"@type\":\"WebSite\",\"@id\":\"https:\/\/calian.stage.tbkdev.com\/dev\/calian.com\/src\/advanced-technologies\/fr\/#website\",\"url\":\"https:\/\/calian.stage.tbkdev.com\/dev\/calian.com\/src\/advanced-technologies\/fr\/\",\"name\":\"Technologies Avanc\u00e9es\",\"description\":\"\",\"potentialAction\":[{\"@type\":\"SearchAction\",\"target\":{\"@type\":\"EntryPoint\",\"urlTemplate\":\"https:\/\/calian.stage.tbkdev.com\/dev\/calian.com\/src\/advanced-technologies\/fr\/?s={search_term_string}\"},\"query-input\":{\"@type\":\"PropertyValueSpecification\",\"valueRequired\":true,\"valueName\":\"search_term_string\"}}],\"inLanguage\":\"fr-FR\"}]}<\/script>\n<!-- \/ Yoast SEO plugin. -->","yoast_head_json":{"title":"Enregistrement du produit DOCSIS - AT | Calian","robots":{"index":"noindex","follow":"follow","max-snippet":"max-snippet:-1","max-image-preview":"max-image-preview:large","max-video-preview":"max-video-preview:-1"},"og_locale":"fr_FR","og_type":"article","og_title":"Enregistrement du produit DOCSIS - AT | Calian","og_description":"DOCSIS testing products and solutions   Product Catalogue   Fran\u00e7ais     DOCSIS testing products and &hellip;","og_url":"https:\/\/calian.stage.tbkdev.com\/dev\/calian.com\/src\/advanced-technologies\/fr\/enregistrement-du-produit-docsis\/","og_site_name":"Technologies Avanc\u00e9es","article_modified_time":"2024-07-10T21:07:57+00:00","og_image":[{"width":2560,"height":853,"url":"https:\/\/calian.stage.tbkdev.com\/dev\/calian.com\/src\/app\/uploads\/sites\/8\/2024\/07\/iStock-1412155608-scaled.jpg","type":"image\/jpeg"}],"twitter_card":"summary_large_image","twitter_misc":{"Est. reading time":"3 minutes"},"schema":{"@context":"https:\/\/schema.org","@graph":[{"@type":"WebPage","@id":"https:\/\/calian.stage.tbkdev.com\/dev\/calian.com\/src\/advanced-technologies\/fr\/enregistrement-du-produit-docsis\/","url":"https:\/\/calian.stage.tbkdev.com\/dev\/calian.com\/src\/advanced-technologies\/fr\/enregistrement-du-produit-docsis\/","name":"Enregistrement du produit DOCSIS - AT | Calian","isPartOf":{"@id":"https:\/\/calian.stage.tbkdev.com\/dev\/calian.com\/src\/advanced-technologies\/fr\/#website"},"primaryImageOfPage":{"@id":"https:\/\/calian.stage.tbkdev.com\/dev\/calian.com\/src\/advanced-technologies\/fr\/enregistrement-du-produit-docsis\/#primaryimage"},"image":{"@id":"https:\/\/calian.stage.tbkdev.com\/dev\/calian.com\/src\/advanced-technologies\/fr\/enregistrement-du-produit-docsis\/#primaryimage"},"thumbnailUrl":"https:\/\/calian.stage.tbkdev.com\/dev\/calian.com\/src\/app\/uploads\/sites\/8\/2024\/07\/iStock-1412155608-scaled.jpg","datePublished":"2024-07-05T18:33:23+00:00","dateModified":"2024-07-10T21:07:57+00:00","inLanguage":"fr-FR","potentialAction":[{"@type":"ReadAction","target":["https:\/\/calian.stage.tbkdev.com\/dev\/calian.com\/src\/advanced-technologies\/fr\/enregistrement-du-produit-docsis\/"]}]},{"@type":"ImageObject","inLanguage":"fr-FR","@id":"https:\/\/calian.stage.tbkdev.com\/dev\/calian.com\/src\/advanced-technologies\/fr\/enregistrement-du-produit-docsis\/#primaryimage","url":"https:\/\/calian.stage.tbkdev.com\/dev\/calian.com\/src\/app\/uploads\/sites\/8\/2024\/07\/iStock-1412155608-scaled.jpg","contentUrl":"https:\/\/calian.stage.tbkdev.com\/dev\/calian.com\/src\/app\/uploads\/sites\/8\/2024\/07\/iStock-1412155608-scaled.jpg","width":2560,"height":853,"caption":"Dynamic blue particle wave. Futuristic point wave. Flow digital structure. Data technology background."},{"@type":"WebSite","@id":"https:\/\/calian.stage.tbkdev.com\/dev\/calian.com\/src\/advanced-technologies\/fr\/#website","url":"https:\/\/calian.stage.tbkdev.com\/dev\/calian.com\/src\/advanced-technologies\/fr\/","name":"Technologies Avanc\u00e9es","description":"","potentialAction":[{"@type":"SearchAction","target":{"@type":"EntryPoint","urlTemplate":"https:\/\/calian.stage.tbkdev.com\/dev\/calian.com\/src\/advanced-technologies\/fr\/?s={search_term_string}"},"query-input":{"@type":"PropertyValueSpecification","valueRequired":true,"valueName":"search_term_string"}}],"inLanguage":"fr-FR"}]}},"_links":{"self":[{"href":"https:\/\/calian.stage.tbkdev.com\/dev\/calian.com\/src\/advanced-technologies\/fr\/wp-json\/wp\/v2\/pages\/14680","targetHints":{"allow":["GET"]}}],"collection":[{"href":"https:\/\/calian.stage.tbkdev.com\/dev\/calian.com\/src\/advanced-technologies\/fr\/wp-json\/wp\/v2\/pages"}],"about":[{"href":"https:\/\/calian.stage.tbkdev.com\/dev\/calian.com\/src\/advanced-technologies\/fr\/wp-json\/wp\/v2\/types\/page"}],"author":[{"embeddable":true,"href":"https:\/\/calian.stage.tbkdev.com\/dev\/calian.com\/src\/advanced-technologies\/fr\/wp-json\/wp\/v2\/users\/7592"}],"replies":[{"embeddable":true,"href":"https:\/\/calian.stage.tbkdev.com\/dev\/calian.com\/src\/advanced-technologies\/fr\/wp-json\/wp\/v2\/comments?post=14680"}],"version-history":[{"count":12,"href":"https:\/\/calian.stage.tbkdev.com\/dev\/calian.com\/src\/advanced-technologies\/fr\/wp-json\/wp\/v2\/pages\/14680\/revisions"}],"predecessor-version":[{"id":14991,"href":"https:\/\/calian.stage.tbkdev.com\/dev\/calian.com\/src\/advanced-technologies\/fr\/wp-json\/wp\/v2\/pages\/14680\/revisions\/14991"}],"wp:featuredmedia":[{"embeddable":true,"href":"https:\/\/calian.stage.tbkdev.com\/dev\/calian.com\/src\/advanced-technologies\/fr\/wp-json\/wp\/v2\/media\/14711"}],"wp:attachment":[{"href":"https:\/\/calian.stage.tbkdev.com\/dev\/calian.com\/src\/advanced-technologies\/fr\/wp-json\/wp\/v2\/media?parent=14680"}],"wp:term":[{"taxonomy":"solution","embeddable":true,"href":"https:\/\/calian.stage.tbkdev.com\/dev\/calian.com\/src\/advanced-technologies\/fr\/wp-json\/wp\/v2\/solution?post=14680"},{"taxonomy":"industry","embeddable":true,"href":"https:\/\/calian.stage.tbkdev.com\/dev\/calian.com\/src\/advanced-technologies\/fr\/wp-json\/wp\/v2\/industry?post=14680"},{"taxonomy":"type_classification","embeddable":true,"href":"https:\/\/calian.stage.tbkdev.com\/dev\/calian.com\/src\/advanced-technologies\/fr\/wp-json\/wp\/v2\/type_classification?post=14680"}],"curies":[{"name":"wp","href":"https:\/\/api.w.org\/{rel}","templated":true}]}}