{"id":13081,"date":"2023-09-11T20:04:35","date_gmt":"2023-09-11T20:04:35","guid":{"rendered":"https:\/\/calian.stage.tbkdev.com\/dev\/calian.com\/src\/advanced-technologies\/about-us\/nous-contacter\/"},"modified":"2024-06-25T15:50:06","modified_gmt":"2024-06-25T15:50:06","slug":"nous-contacter","status":"publish","type":"page","link":"https:\/\/calian.stage.tbkdev.com\/dev\/calian.com\/src\/advanced-technologies\/fr\/about-us\/nous-contacter\/","title":{"rendered":"Nous contacter"},"content":{"rendered":"\n<div class=\"tbk-hydrate-component\" data-cid=\"903135bc-935b-4fa4-b923-37af90aa2083\" data-component=\"Hero\"><section class=\"calian-hero d-flex h-100 position-relative overflow-hidden nav-indent wp-block-calian-com-components-calian-hero media-position-wallpaper overlay-themed\"><div class=\"container\"><div class=\"row\"><div class=\"calian-hero__content d-flex col-lg flex-column pb-3 justify-content-center h-100 has-breadcrumbs text-left\"><div class=\"calian-hero__copy-wrapper\"><h1 class=\"calian-hero__heading text-white\">Nous contacter<\/h1><div class=\"calian-hero__text text-white mt-2 mb-4\"><br\/><\/div><\/div><div class=\"calian-hero__breadcrumbs mt-auto mb-0 pt-5 text-white\"><nav aria-label=\"breadcrumb\" class=\"breadcrumb-container\"><ol class=\"breadcrumb\"><li class=\"breadcrumb-item\"><a href=\"https:\/\/calian.stage.tbkdev.com\/dev\/calian.com\/src\/www\/fr\/\" class=\"breadcrumb-item-link\">Accueil<\/a><\/li><li class=\"breadcrumb-item\"><a href=\"https:\/\/calian.stage.tbkdev.com\/dev\/calian.com\/src\/www\/fr\/\" class=\"breadcrumb-item-link\">Unit\u00e9 d&#8217;affaires<\/a><\/li><li class=\"breadcrumb-item\" aria-current=\"page\">Titre de la page<\/li><\/ol><\/nav><\/div><\/div><div class=\"calian-hero__media col-md w-100 h-100 media-style-wallpaper position-absolute opacity-25 top-0 start-0 p-0\"><div class=\"media-wrapper ml-auto mr-0 w-100 h-100\"><div class=\"advanced-image w-100 h-100\"><img loading=\"lazy\" decoding=\"async\" src=\"https:\/\/calian.stage.tbkdev.com\/dev\/calian.com\/src\/app\/uploads\/sites\/8\/2024\/05\/iStock-165961329-1024x724.jpg\" alt=\"Code binaire en bleu, circulant en ondes sur un fond sombre, symbolisant le transfert de donn&#xE9;es ou la communication num&#xE9;rique.\" width=\"1024\" height=\"724\" class=\"calian-hero__image\"\/><\/div><\/div><\/div><\/div><\/div><div class=\"calian-hero__overlay overlay-themed position-absolute w-100 h-100 top-0 start-0 has-image\"><\/div><span><\/span><\/section><\/div>\n\n<div class=\"tbk-hydrate-component\" data-cid=\"a8464a92-bccf-42cb-ae33-374d61f8a97c\" data-component=\"CalianContainer\"><div class=\"calian-container calian-container-md wp-block-calian-com-components-calian-container\"><div>\n<div class=\"tbk-hydrate-component\" data-cid=\"32740d0d-b6ce-4e81-ac52-153ac5d68b02\" data-component=\"Spacer\"><div class=\"calian-spacer wp-block-calian-com-components-calian-spacer\"><\/div><\/div>\n\n\n\n<h2 class=\"wp-block-heading has-text-align-center\">Prenez contact avec nos experts et commencez d\u00e8s aujourd&#8217;hui.<\/h2>\n\n\n\n<p class=\"has-text-align-center\">Nos experts sont \u00e0 votre disposition pour vous aider. Remplissez le formulaire ci-dessous pour r\u00e9server une d\u00e9monstration, demander un devis pour des services, obtenir plus d&#8217;informations ou pour contacter directement l&#8217;un de nos sp\u00e9cialistes comp\u00e9tents.<\/p>\n\n\n\n<div class=\"tbk-hydrate-component\" data-cid=\"dedfe97f-49ca-481d-965a-3323e27a47f2\" data-component=\"Spacer\"><div class=\"calian-spacer wp-block-calian-com-components-calian-spacer\"><\/div><\/div>\n<\/div><\/div><\/div>\n\n<div class=\"tbk-hydrate-component\" data-cid=\"f17990bd-b566-405f-9b9d-c273e897cd62\" data-component=\"ContactCTAHubSpot\"><div id=\"contact-form-container\" class=\"calian-contact-cta overflow-hidden position-relative inverted wp-block-calian-com-components-calian-contact-cta-hub-spot\"><div class=\"calian-contact-cta__overlay position-absolute z-2\"><\/div><img loading=\"lazy\" decoding=\"async\" src=\"https:\/\/calian.stage.tbkdev.com\/dev\/calian.com\/src\/app\/uploads\/sites\/8\/2023\/11\/iStock-859129550-edited-1024x682.jpg\" alt=\"\" width=\"1024\" height=\"682\" class=\"calian-contact-cta__background-image position-absolute z-1\"\/><div class=\"calian-contact-cta__container mx-auto py-5 py-md-10 position-relative z-3\"><div class=\"d-flex\"><div class=\"calian-contact-cta__form mx-auto me-lg-0 px-3\"><h2>Contactez un expert Calian d\u00e8s aujourd&#8217;hui<\/h2><p>Contactez-nous pour savoir comment nos solutions innovantes peuvent vous aider \u00e0 relever vos d\u00e9fis les plus complexes.  <\/p><div class=\"hs-form__container\" id=\"contact-form\"><div class=\"hs-form__container-inner\"><div class=\"d-flex justify-content-center p-1\"><div class=\"spinner-border text-primary \" role=\"status\" style=\"width:3rem;height:3rem\"><span class=\"visually-hidden\">Chargement&#8230;<\/span><\/div><\/div><div class=\"hs-form__header-content px-1\"><p class=\"hs-form__description mb-2 mb-md-3\"><br\/><\/p><\/div><div class=\"hs-form__target\"><\/div><\/div><\/div><\/div><\/div><\/div><\/div><\/div>\n","protected":false},"excerpt":{"rendered":"<p>Nous contacter  <\/p>\n<li class=\"breadcrumb-item\"> <a href=\"https:\/\/calian.stage.tbkdev.com\/dev\/calian.com\/src\/www\/fr\/\" class=\"breadcrumb-item-link\"> Accueil <\/a> <\/li>\n<li class=\"breadcrumb-item\"> <a href=\"https:\/\/calian.stage.tbkdev.com\/dev\/calian.com\/src\/www\/fr\/\" class=\"breadcrumb-item-link\"> Unit\u00e9 d&#8217;affaires <\/a> <\/li>\n<li class=\"breadcrumb-item\" aria-current=\"page\"> Titre de la page <\/li>\n<p> Prenez contact avec nos experts et commencez d\u00e8s aujourd&#8217;hui. <\/p>\n<p class=\"has-text-align-center\"> Nos experts sont \u00e0 votre disposition pour vous aider. Remplissez le formulaire ci-dessous pour r\u00e9server une d\u00e9monstration, demander un devis pour &hellip;<\/p>\n","protected":false},"author":1,"featured_media":0,"parent":10327,"menu_order":237,"comment_status":"closed","ping_status":"closed","template":"","meta":{"_acf_changed":false,"content-type":"","footnotes":""},"solution":[],"industry":[],"type_classification":[],"class_list":["post-13081","page","type-page","status-publish","hentry"],"acf":[],"yoast_head":"<!-- This site is optimized with the Yoast SEO plugin v26.4 - https:\/\/yoast.com\/wordpress\/plugins\/seo\/ -->\n<title>Nous contacter - AT | Calian<\/title>\n<meta name=\"description\" content=\"Entrez en contact avec Calian Advanced Technologies pour explorer des solutions innovantes aux d\u00e9fis de votre industrie. Remplissez le formulaire pour r\u00e9server une d\u00e9monstration.\" \/>\n<meta name=\"robots\" content=\"noindex, follow, max-snippet:-1, max-image-preview:large, max-video-preview:-1\" \/>\n<meta property=\"og:locale\" content=\"fr_FR\" \/>\n<meta property=\"og:type\" content=\"article\" \/>\n<meta property=\"og:title\" content=\"Nous contacter - AT | Calian\" \/>\n<meta property=\"og:description\" content=\"Entrez en contact avec Calian Advanced Technologies pour explorer des solutions innovantes aux d\u00e9fis de votre industrie. Remplissez le formulaire pour r\u00e9server une d\u00e9monstration.\" \/>\n<meta property=\"og:url\" content=\"https:\/\/calian.stage.tbkdev.com\/dev\/calian.com\/src\/advanced-technologies\/fr\/about-us\/nous-contacter\/\" \/>\n<meta property=\"og:site_name\" content=\"Technologies Avanc\u00e9es\" \/>\n<meta property=\"article:modified_time\" content=\"2024-06-25T15:50:06+00:00\" \/>\n<meta property=\"og:image\" content=\"https:\/\/calian.stage.tbkdev.com\/dev\/calian.com\/src\/app\/uploads\/sites\/8\/2024\/05\/iStock-165961329-1024x724.jpg\" \/>\n<meta name=\"twitter:card\" content=\"summary_large_image\" \/>\n<meta name=\"twitter:label1\" content=\"Est. reading time\" \/>\n\t<meta name=\"twitter:data1\" content=\"1 minute\" \/>\n<script type=\"application\/ld+json\" class=\"yoast-schema-graph\">{\"@context\":\"https:\/\/schema.org\",\"@graph\":[{\"@type\":\"WebPage\",\"@id\":\"https:\/\/calian.stage.tbkdev.com\/dev\/calian.com\/src\/advanced-technologies\/fr\/about-us\/nous-contacter\/\",\"url\":\"https:\/\/calian.stage.tbkdev.com\/dev\/calian.com\/src\/advanced-technologies\/fr\/about-us\/nous-contacter\/\",\"name\":\"Nous contacter - AT | Calian\",\"isPartOf\":{\"@id\":\"https:\/\/calian.stage.tbkdev.com\/dev\/calian.com\/src\/advanced-technologies\/fr\/#website\"},\"primaryImageOfPage\":{\"@id\":\"https:\/\/calian.stage.tbkdev.com\/dev\/calian.com\/src\/advanced-technologies\/fr\/about-us\/nous-contacter\/#primaryimage\"},\"image\":{\"@id\":\"https:\/\/calian.stage.tbkdev.com\/dev\/calian.com\/src\/advanced-technologies\/fr\/about-us\/nous-contacter\/#primaryimage\"},\"thumbnailUrl\":\"https:\/\/calian.stage.tbkdev.com\/dev\/calian.com\/src\/app\/uploads\/sites\/8\/2024\/05\/iStock-165961329-1024x724.jpg\",\"datePublished\":\"2023-09-11T20:04:35+00:00\",\"dateModified\":\"2024-06-25T15:50:06+00:00\",\"description\":\"Entrez en contact avec Calian Advanced Technologies pour explorer des solutions innovantes aux d\u00e9fis de votre industrie. Remplissez le formulaire pour r\u00e9server une d\u00e9monstration.\",\"breadcrumb\":{\"@id\":\"https:\/\/calian.stage.tbkdev.com\/dev\/calian.com\/src\/advanced-technologies\/fr\/about-us\/nous-contacter\/#breadcrumb\"},\"inLanguage\":\"fr-FR\",\"potentialAction\":[{\"@type\":\"ReadAction\",\"target\":[\"https:\/\/calian.stage.tbkdev.com\/dev\/calian.com\/src\/advanced-technologies\/fr\/about-us\/nous-contacter\/\"]}]},{\"@type\":\"ImageObject\",\"inLanguage\":\"fr-FR\",\"@id\":\"https:\/\/calian.stage.tbkdev.com\/dev\/calian.com\/src\/advanced-technologies\/fr\/about-us\/nous-contacter\/#primaryimage\",\"url\":\"https:\/\/calian.stage.tbkdev.com\/dev\/calian.com\/src\/app\/uploads\/sites\/8\/2024\/05\/iStock-165961329-1024x724.jpg\",\"contentUrl\":\"https:\/\/calian.stage.tbkdev.com\/dev\/calian.com\/src\/app\/uploads\/sites\/8\/2024\/05\/iStock-165961329-1024x724.jpg\"},{\"@type\":\"BreadcrumbList\",\"@id\":\"https:\/\/calian.stage.tbkdev.com\/dev\/calian.com\/src\/advanced-technologies\/fr\/about-us\/nous-contacter\/#breadcrumb\",\"itemListElement\":[{\"@type\":\"ListItem\",\"position\":1,\"name\":\"Page d'accueil\",\"item\":\"https:\/\/calian.stage.tbkdev.com\/dev\/calian.com\/src\/advanced-technologies\/fr\/about-us\/\"},{\"@type\":\"ListItem\",\"position\":2,\"name\":\"Nous contacter\"}]},{\"@type\":\"WebSite\",\"@id\":\"https:\/\/calian.stage.tbkdev.com\/dev\/calian.com\/src\/advanced-technologies\/fr\/#website\",\"url\":\"https:\/\/calian.stage.tbkdev.com\/dev\/calian.com\/src\/advanced-technologies\/fr\/\",\"name\":\"Technologies Avanc\u00e9es\",\"description\":\"\",\"potentialAction\":[{\"@type\":\"SearchAction\",\"target\":{\"@type\":\"EntryPoint\",\"urlTemplate\":\"https:\/\/calian.stage.tbkdev.com\/dev\/calian.com\/src\/advanced-technologies\/fr\/?s={search_term_string}\"},\"query-input\":{\"@type\":\"PropertyValueSpecification\",\"valueRequired\":true,\"valueName\":\"search_term_string\"}}],\"inLanguage\":\"fr-FR\"}]}<\/script>\n<!-- \/ Yoast SEO plugin. -->","yoast_head_json":{"title":"Nous contacter - AT | Calian","description":"Entrez en contact avec Calian Advanced Technologies pour explorer des solutions innovantes aux d\u00e9fis de votre industrie. Remplissez le formulaire pour r\u00e9server une d\u00e9monstration.","robots":{"index":"noindex","follow":"follow","max-snippet":"max-snippet:-1","max-image-preview":"max-image-preview:large","max-video-preview":"max-video-preview:-1"},"og_locale":"fr_FR","og_type":"article","og_title":"Nous contacter - AT | Calian","og_description":"Entrez en contact avec Calian Advanced Technologies pour explorer des solutions innovantes aux d\u00e9fis de votre industrie. Remplissez le formulaire pour r\u00e9server une d\u00e9monstration.","og_url":"https:\/\/calian.stage.tbkdev.com\/dev\/calian.com\/src\/advanced-technologies\/fr\/about-us\/nous-contacter\/","og_site_name":"Technologies Avanc\u00e9es","article_modified_time":"2024-06-25T15:50:06+00:00","og_image":[{"url":"https:\/\/calian.stage.tbkdev.com\/dev\/calian.com\/src\/app\/uploads\/sites\/8\/2024\/05\/iStock-165961329-1024x724.jpg","type":"","width":"","height":""}],"twitter_card":"summary_large_image","twitter_misc":{"Est. reading time":"1 minute"},"schema":{"@context":"https:\/\/schema.org","@graph":[{"@type":"WebPage","@id":"https:\/\/calian.stage.tbkdev.com\/dev\/calian.com\/src\/advanced-technologies\/fr\/about-us\/nous-contacter\/","url":"https:\/\/calian.stage.tbkdev.com\/dev\/calian.com\/src\/advanced-technologies\/fr\/about-us\/nous-contacter\/","name":"Nous contacter - AT | Calian","isPartOf":{"@id":"https:\/\/calian.stage.tbkdev.com\/dev\/calian.com\/src\/advanced-technologies\/fr\/#website"},"primaryImageOfPage":{"@id":"https:\/\/calian.stage.tbkdev.com\/dev\/calian.com\/src\/advanced-technologies\/fr\/about-us\/nous-contacter\/#primaryimage"},"image":{"@id":"https:\/\/calian.stage.tbkdev.com\/dev\/calian.com\/src\/advanced-technologies\/fr\/about-us\/nous-contacter\/#primaryimage"},"thumbnailUrl":"https:\/\/calian.stage.tbkdev.com\/dev\/calian.com\/src\/app\/uploads\/sites\/8\/2024\/05\/iStock-165961329-1024x724.jpg","datePublished":"2023-09-11T20:04:35+00:00","dateModified":"2024-06-25T15:50:06+00:00","description":"Entrez en contact avec Calian Advanced Technologies pour explorer des solutions innovantes aux d\u00e9fis de votre industrie. Remplissez le formulaire pour r\u00e9server une d\u00e9monstration.","breadcrumb":{"@id":"https:\/\/calian.stage.tbkdev.com\/dev\/calian.com\/src\/advanced-technologies\/fr\/about-us\/nous-contacter\/#breadcrumb"},"inLanguage":"fr-FR","potentialAction":[{"@type":"ReadAction","target":["https:\/\/calian.stage.tbkdev.com\/dev\/calian.com\/src\/advanced-technologies\/fr\/about-us\/nous-contacter\/"]}]},{"@type":"ImageObject","inLanguage":"fr-FR","@id":"https:\/\/calian.stage.tbkdev.com\/dev\/calian.com\/src\/advanced-technologies\/fr\/about-us\/nous-contacter\/#primaryimage","url":"https:\/\/calian.stage.tbkdev.com\/dev\/calian.com\/src\/app\/uploads\/sites\/8\/2024\/05\/iStock-165961329-1024x724.jpg","contentUrl":"https:\/\/calian.stage.tbkdev.com\/dev\/calian.com\/src\/app\/uploads\/sites\/8\/2024\/05\/iStock-165961329-1024x724.jpg"},{"@type":"BreadcrumbList","@id":"https:\/\/calian.stage.tbkdev.com\/dev\/calian.com\/src\/advanced-technologies\/fr\/about-us\/nous-contacter\/#breadcrumb","itemListElement":[{"@type":"ListItem","position":1,"name":"Page d'accueil","item":"https:\/\/calian.stage.tbkdev.com\/dev\/calian.com\/src\/advanced-technologies\/fr\/about-us\/"},{"@type":"ListItem","position":2,"name":"Nous contacter"}]},{"@type":"WebSite","@id":"https:\/\/calian.stage.tbkdev.com\/dev\/calian.com\/src\/advanced-technologies\/fr\/#website","url":"https:\/\/calian.stage.tbkdev.com\/dev\/calian.com\/src\/advanced-technologies\/fr\/","name":"Technologies Avanc\u00e9es","description":"","potentialAction":[{"@type":"SearchAction","target":{"@type":"EntryPoint","urlTemplate":"https:\/\/calian.stage.tbkdev.com\/dev\/calian.com\/src\/advanced-technologies\/fr\/?s={search_term_string}"},"query-input":{"@type":"PropertyValueSpecification","valueRequired":true,"valueName":"search_term_string"}}],"inLanguage":"fr-FR"}]}},"_links":{"self":[{"href":"https:\/\/calian.stage.tbkdev.com\/dev\/calian.com\/src\/advanced-technologies\/fr\/wp-json\/wp\/v2\/pages\/13081","targetHints":{"allow":["GET"]}}],"collection":[{"href":"https:\/\/calian.stage.tbkdev.com\/dev\/calian.com\/src\/advanced-technologies\/fr\/wp-json\/wp\/v2\/pages"}],"about":[{"href":"https:\/\/calian.stage.tbkdev.com\/dev\/calian.com\/src\/advanced-technologies\/fr\/wp-json\/wp\/v2\/types\/page"}],"author":[{"embeddable":true,"href":"https:\/\/calian.stage.tbkdev.com\/dev\/calian.com\/src\/advanced-technologies\/fr\/wp-json\/wp\/v2\/users\/1"}],"replies":[{"embeddable":true,"href":"https:\/\/calian.stage.tbkdev.com\/dev\/calian.com\/src\/advanced-technologies\/fr\/wp-json\/wp\/v2\/comments?post=13081"}],"version-history":[{"count":6,"href":"https:\/\/calian.stage.tbkdev.com\/dev\/calian.com\/src\/advanced-technologies\/fr\/wp-json\/wp\/v2\/pages\/13081\/revisions"}],"predecessor-version":[{"id":14183,"href":"https:\/\/calian.stage.tbkdev.com\/dev\/calian.com\/src\/advanced-technologies\/fr\/wp-json\/wp\/v2\/pages\/13081\/revisions\/14183"}],"up":[{"embeddable":true,"href":"https:\/\/calian.stage.tbkdev.com\/dev\/calian.com\/src\/advanced-technologies\/fr\/wp-json\/wp\/v2\/pages\/10327"}],"wp:attachment":[{"href":"https:\/\/calian.stage.tbkdev.com\/dev\/calian.com\/src\/advanced-technologies\/fr\/wp-json\/wp\/v2\/media?parent=13081"}],"wp:term":[{"taxonomy":"solution","embeddable":true,"href":"https:\/\/calian.stage.tbkdev.com\/dev\/calian.com\/src\/advanced-technologies\/fr\/wp-json\/wp\/v2\/solution?post=13081"},{"taxonomy":"industry","embeddable":true,"href":"https:\/\/calian.stage.tbkdev.com\/dev\/calian.com\/src\/advanced-technologies\/fr\/wp-json\/wp\/v2\/industry?post=13081"},{"taxonomy":"type_classification","embeddable":true,"href":"https:\/\/calian.stage.tbkdev.com\/dev\/calian.com\/src\/advanced-technologies\/fr\/wp-json\/wp\/v2\/type_classification?post=13081"}],"curies":[{"name":"wp","href":"https:\/\/api.w.org\/{rel}","templated":true}]}}